{"id":18819,"date":"2024-09-10T15:33:15","date_gmt":"2024-09-10T13:33:15","guid":{"rendered":"https:\/\/lapasion.es\/?post_type=product&#038;p=18819"},"modified":"2024-10-08T17:34:46","modified_gmt":"2024-10-08T15:34:46","slug":"bizcocho-coc-env-env-2-kg-500g-x-8-paquets-copia","status":"publish","type":"product","link":"https:\/\/lapasion.es\/fr\/produit\/bizcocho-coc-env-env-2-kg-500g-x-8-paquets-copia\/","title":{"rendered":"G\u00e2teau Coc Moelleux | 500g x 4 paquets"},"content":{"rendered":"<p>Farine de <strong>BL\u00c9<\/strong>, huile de tournesol et <strong>SOJA <\/strong>en proportions variables, sucre, <strong>\u0152UF <\/strong>pasteuris\u00e9, sucre inverti, agents levants (carbonate acide de sodium, diphosphate ou disodium), sel, prot\u00e9ines de <strong>LAIT<\/strong>, humectants (sorbitol et glyc\u00e9rine), acidulant (acide d&rsquo;agrumes), conservateurs (acide sorbique et sorbate de potassium), ar\u00f4me (beurre et citron) et couleur (carot\u00e8ne). <strong>Peut contenir des traces de NOIX.<\/strong><\/p>\n","protected":false},"excerpt":{"rendered":"<p><strong>QUALIT\u00c9 SUPR\u00caME<\/strong> | G\u00e2teau fait maison typique de la r\u00e9gion avec une l\u00e9g\u00e8re saveur de citron, pr\u00e9sent\u00e9 sous forme rectangulaire avec du sucre en poudre pour la d\u00e9coration.<\/p>\n<p><strong>MOMENT PARFAIT<\/strong> | Id\u00e9al pour les desserts, snack et petit dejeuner.<\/p>\n<p><strong>PR\u00c9SENTATION<\/strong> | 500 g x 8 paquets | Total 2 kg<\/p>\n<p><strong>PRODUITS EN ESPAGNE<\/strong> | Ces bonbons sont produits en Espagne.<\/p>\n<p><strong>DLU ET CONSERVATION<\/strong> | \u00a0Consommation privil\u00e9gi\u00e9e dans les 6 mois suivant sa fabrication. Conservez-le dans un endroit frais et sec et prot\u00e9gez-le du soleil.<\/p>\n","protected":false},"featured_media":12306,"template":"","meta":{"_acf_changed":false,"_uag_custom_page_level_css":"","_genesis_hide_title":false,"_genesis_hide_breadcrumbs":false,"_genesis_hide_singular_image":false,"_genesis_hide_footer_widgets":false,"_genesis_custom_body_class":"","_genesis_custom_post_class":"","_genesis_layout":""},"product_brand":[],"product_cat":[1736,1730],"product_tag":[],"class_list":{"0":"post-18819","1":"product","2":"type-product","3":"status-publish","4":"has-post-thumbnail","6":"product_cat-produits-de-confiserie-et-de-boulangerie-emballes","7":"product_cat-distributeurs","8":"entry","10":"first","11":"instock","12":"sale","13":"shipping-taxable","14":"purchasable","15":"product-type-simple"},"acf":[],"df_price":26.7,"df_sale_price":26.7,"df_regular_price":29.37,"df_image_link":"https:\/\/lapasion.es\/wp-content\/uploads\/2017\/09\/002058-coc-abizcochado-300x300.jpg","uagb_featured_image_src":{"full":["https:\/\/lapasion.es\/wp-content\/uploads\/2017\/09\/002058-coc-abizcochado.jpg",500,500,false],"thumbnail":["https:\/\/lapasion.es\/wp-content\/uploads\/2017\/09\/002058-coc-abizcochado-150x150.jpg",150,150,true],"medium":["https:\/\/lapasion.es\/wp-content\/uploads\/2017\/09\/002058-coc-abizcochado-300x300.jpg",300,300,true],"medium_large":["https:\/\/lapasion.es\/wp-content\/uploads\/2017\/09\/002058-coc-abizcochado.jpg",500,500,false],"large":["https:\/\/lapasion.es\/wp-content\/uploads\/2017\/09\/002058-coc-abizcochado.jpg",500,500,false],"1536x1536":["https:\/\/lapasion.es\/wp-content\/uploads\/2017\/09\/002058-coc-abizcochado.jpg",500,500,false],"2048x2048":["https:\/\/lapasion.es\/wp-content\/uploads\/2017\/09\/002058-coc-abizcochado.jpg",500,500,false],"gur_featured_image":["https:\/\/lapasion.es\/wp-content\/uploads\/2017\/09\/002058-coc-abizcochado.jpg",500,500,false],"gur_blog_thumbnail":["https:\/\/lapasion.es\/wp-content\/uploads\/2017\/09\/002058-coc-abizcochado.jpg",500,500,false],"woocommerce_thumbnail":["https:\/\/lapasion.es\/wp-content\/uploads\/2017\/09\/002058-coc-abizcochado.jpg",500,500,false],"woocommerce_single":["https:\/\/lapasion.es\/wp-content\/uploads\/2017\/09\/002058-coc-abizcochado.jpg",500,500,false],"woocommerce_gallery_thumbnail":["https:\/\/lapasion.es\/wp-content\/uploads\/2017\/09\/002058-coc-abizcochado-100x100.jpg",100,100,true]},"uagb_author_info":{"display_name":"Anacris Guerri","author_link":"https:\/\/lapasion.es\/fr\/author\/"},"uagb_comment_info":0,"uagb_excerpt":"QUALIT\u00c9 SUPR\u00caME | G\u00e2teau fait maison typique de la r\u00e9gion avec une l\u00e9g\u00e8re saveur de citron, pr\u00e9sent\u00e9 sous forme rectangulaire avec du sucre en poudre pour la d\u00e9coration. MOMENT PARFAIT | Id\u00e9al pour les desserts, snack et petit dejeuner. PR\u00c9SENTATION | 500 g x 8 paquets | Total 2 kg PRODUITS EN ESPAGNE | Ces\u2026","_links":{"self":[{"href":"https:\/\/lapasion.es\/fr\/wp-json\/wp\/v2\/product\/18819","targetHints":{"allow":["GET"]}}],"collection":[{"href":"https:\/\/lapasion.es\/fr\/wp-json\/wp\/v2\/product"}],"about":[{"href":"https:\/\/lapasion.es\/fr\/wp-json\/wp\/v2\/types\/product"}],"wp:featuredmedia":[{"embeddable":true,"href":"https:\/\/lapasion.es\/fr\/wp-json\/wp\/v2\/media\/12306"}],"wp:attachment":[{"href":"https:\/\/lapasion.es\/fr\/wp-json\/wp\/v2\/media?parent=18819"}],"wp:term":[{"taxonomy":"product_brand","embeddable":true,"href":"https:\/\/lapasion.es\/fr\/wp-json\/wp\/v2\/product_brand?post=18819"},{"taxonomy":"product_cat","embeddable":true,"href":"https:\/\/lapasion.es\/fr\/wp-json\/wp\/v2\/product_cat?post=18819"},{"taxonomy":"product_tag","embeddable":true,"href":"https:\/\/lapasion.es\/fr\/wp-json\/wp\/v2\/product_tag?post=18819"}],"curies":[{"name":"wp","href":"https:\/\/api.w.org\/{rel}","templated":true}]}}