{"id":17961,"date":"2024-02-08T19:32:40","date_gmt":"2024-02-08T17:32:40","guid":{"rendered":"https:\/\/lapasion.es\/?post_type=product&#038;p=17961"},"modified":"2024-08-08T13:05:41","modified_gmt":"2024-08-08T11:05:41","slug":"delices-de-pate-feuilletee-au-miel-6-pieces-180g-x-12-paquets-copia-copia","status":"publish","type":"product","link":"https:\/\/lapasion.es\/fr\/produit\/delices-de-pate-feuilletee-au-miel-6-pieces-180g-x-12-paquets-copia-copia\/","title":{"rendered":"D\u00e9lices de p\u00e2te feuillet\u00e9e fils chocolat 6 pi\u00e8ces | 180g x 12 paquets"},"content":{"rendered":"<p>Farine de BL\u00c9, sucre, pr\u00e9paration g\u00e9lifiante [sirop de glucose et fructose, eau, sucre, g\u00e9lifiants (pectine et gomme xanthane,) et ar\u00f4me], graisse v\u00e9g\u00e9tale (palme), sirop de glucose, p\u00e9pites de chocolat (6%) [sucre, p\u00e2te de cacao , beurre de cacao, poudre de cacao d\u00e9graiss\u00e9e, agent d&rsquo;enrobage (talc) et ar\u00f4me. Cacao : 42% minimum], huile v\u00e9g\u00e9tale (tournesol), OEUF, sel, colorant (\u03b2-carot\u00e8ne) et ar\u00f4mes.<\/p>\n","protected":false},"excerpt":{"rendered":"<p><strong>QUALIT\u00c9 SUPR\u00caME | <\/strong>Lapasi\u00f3n\u00b4s DELICIAS DE HOJALDRE avec fils de chocolat\u00a0 | P\u00e2te feuillet\u00e9e sp\u00e9ciale recouvert d&rsquo;un bain de sirop, et decor\u00e9 avec fils de chocolat.<\/p>\n<p><strong>MOMENT ID\u00c9AL <\/strong><strong>|<\/strong> Ideal pour petit-d\u00e9jeuner, pause caf\u00e9 ou snack.<\/p>\n<p><strong>PRESENTATION<\/strong> |Paquet de 180g x 12 paquets | Total 2.16 Kg.<\/p>\n<p><strong>FAIT EN ESPAGNE<\/strong> | Ce produit est fait en Espagne.<\/p>\n<p><strong>DLU ET CONSERVATION<\/strong> | 6 moins | Et Conserver dans un endroit frais, sec, et \u00e0 l\u2019abri du soleil.<\/p>\n","protected":false},"featured_media":18062,"template":"","meta":{"_acf_changed":false,"_uag_custom_page_level_css":"","_genesis_hide_title":false,"_genesis_hide_breadcrumbs":false,"_genesis_hide_singular_image":false,"_genesis_hide_footer_widgets":false,"_genesis_custom_body_class":"","_genesis_custom_post_class":"","_genesis_layout":""},"product_brand":[],"product_cat":[1736,1730],"product_tag":[],"class_list":{"0":"post-17961","1":"product","2":"type-product","3":"status-publish","4":"has-post-thumbnail","6":"product_cat-produits-de-confiserie-et-de-boulangerie-emballes","7":"product_cat-distributeurs","8":"entry","10":"first","11":"instock","12":"shipping-taxable","13":"purchasable","14":"product-type-simple"},"acf":[],"df_price":32.5,"df_sale_price":"","df_regular_price":32.5,"df_image_link":"https:\/\/lapasion.es\/wp-content\/uploads\/2024\/02\/002191-Delicias-hojaldre-pepitas-300x300.jpg","uagb_featured_image_src":{"full":["https:\/\/lapasion.es\/wp-content\/uploads\/2024\/02\/002191-Delicias-hojaldre-pepitas.jpg",500,500,false],"thumbnail":["https:\/\/lapasion.es\/wp-content\/uploads\/2024\/02\/002191-Delicias-hojaldre-pepitas-150x150.jpg",150,150,true],"medium":["https:\/\/lapasion.es\/wp-content\/uploads\/2024\/02\/002191-Delicias-hojaldre-pepitas-300x300.jpg",300,300,true],"medium_large":["https:\/\/lapasion.es\/wp-content\/uploads\/2024\/02\/002191-Delicias-hojaldre-pepitas.jpg",500,500,false],"large":["https:\/\/lapasion.es\/wp-content\/uploads\/2024\/02\/002191-Delicias-hojaldre-pepitas.jpg",500,500,false],"1536x1536":["https:\/\/lapasion.es\/wp-content\/uploads\/2024\/02\/002191-Delicias-hojaldre-pepitas.jpg",500,500,false],"2048x2048":["https:\/\/lapasion.es\/wp-content\/uploads\/2024\/02\/002191-Delicias-hojaldre-pepitas.jpg",500,500,false],"gur_featured_image":["https:\/\/lapasion.es\/wp-content\/uploads\/2024\/02\/002191-Delicias-hojaldre-pepitas.jpg",500,500,false],"gur_blog_thumbnail":["https:\/\/lapasion.es\/wp-content\/uploads\/2024\/02\/002191-Delicias-hojaldre-pepitas-240x240.jpg",240,240,true],"woocommerce_thumbnail":["https:\/\/lapasion.es\/wp-content\/uploads\/2024\/02\/002191-Delicias-hojaldre-pepitas.jpg",500,500,false],"woocommerce_single":["https:\/\/lapasion.es\/wp-content\/uploads\/2024\/02\/002191-Delicias-hojaldre-pepitas.jpg",500,500,false],"woocommerce_gallery_thumbnail":["https:\/\/lapasion.es\/wp-content\/uploads\/2024\/02\/002191-Delicias-hojaldre-pepitas-100x100.jpg",100,100,true]},"uagb_author_info":{"display_name":"Anacris Guerri","author_link":"https:\/\/lapasion.es\/fr\/author\/"},"uagb_comment_info":0,"uagb_excerpt":"QUALIT\u00c9 SUPR\u00caME | Lapasi\u00f3n\u00b4s DELICIAS DE HOJALDRE avec fils de chocolat\u00a0 | P\u00e2te feuillet\u00e9e sp\u00e9ciale recouvert d'un bain de sirop, et decor\u00e9 avec fils de chocolat. MOMENT ID\u00c9AL | Ideal pour petit-d\u00e9jeuner, pause caf\u00e9 ou snack. PRESENTATION |Paquet de 180g x 12 paquets | Total 2.16 Kg. FAIT EN ESPAGNE | Ce produit est fait\u2026","_links":{"self":[{"href":"https:\/\/lapasion.es\/fr\/wp-json\/wp\/v2\/product\/17961","targetHints":{"allow":["GET"]}}],"collection":[{"href":"https:\/\/lapasion.es\/fr\/wp-json\/wp\/v2\/product"}],"about":[{"href":"https:\/\/lapasion.es\/fr\/wp-json\/wp\/v2\/types\/product"}],"wp:featuredmedia":[{"embeddable":true,"href":"https:\/\/lapasion.es\/fr\/wp-json\/wp\/v2\/media\/18062"}],"wp:attachment":[{"href":"https:\/\/lapasion.es\/fr\/wp-json\/wp\/v2\/media?parent=17961"}],"wp:term":[{"taxonomy":"product_brand","embeddable":true,"href":"https:\/\/lapasion.es\/fr\/wp-json\/wp\/v2\/product_brand?post=17961"},{"taxonomy":"product_cat","embeddable":true,"href":"https:\/\/lapasion.es\/fr\/wp-json\/wp\/v2\/product_cat?post=17961"},{"taxonomy":"product_tag","embeddable":true,"href":"https:\/\/lapasion.es\/fr\/wp-json\/wp\/v2\/product_tag?post=17961"}],"curies":[{"name":"wp","href":"https:\/\/api.w.org\/{rel}","templated":true}]}}