{"id":15683,"date":"2022-06-10T05:57:30","date_gmt":"2022-06-10T03:57:30","guid":{"rendered":"https:\/\/lapasion.es\/producto\/goles-rellenos-de-crema-a-la-nata\/"},"modified":"2024-11-11T14:08:59","modified_gmt":"2024-11-11T12:08:59","slug":"goles-rellenos-de-crema-a-la-nata","status":"publish","type":"product","link":"https:\/\/lapasion.es\/fr\/produit\/goles-rellenos-de-crema-a-la-nata\/","title":{"rendered":"Goles \u00e0 la cr\u00e8me | G\u00e2teau sp\u00e9cial \u00e0 la Cr\u00e8me | 2 kg"},"content":{"rendered":"<p>Farine de <strong>BL\u00c9<\/strong>, sucre, agent de remplissage 20% [Sucre, eau, sirop de glucose, amidons modifi\u00e9s, amidon, humectant (E-422), <strong>LAIT<\/strong> en poudre, r\u00e9gulateurs d&rsquo;acidit\u00e9 (E-516, E-330), stabilisants ( E-460, E -466), ar\u00f4me, conservateur (E-202), sel], huile v\u00e9g\u00e9tale (tournesol et soja en proportions variables), <strong>OEUF, <\/strong>eau, poudres \u00e0 lever (E450i, E500ii), humectant (glyc\u00e9rine), sirop (eau, sucre, E-330, E-202), <strong>LACTOS\u00c9RUM<\/strong>, sel, acidifiant (E-330), ar\u00f4me citron et conservateurs (E-200, E-202). <strong>Peut contenir des traces de fruits \u00e0 coque, soja, s\u00e9same, moutarde et sulfites.<\/strong><\/p>\n","protected":false},"excerpt":{"rendered":"<div class=\"woocommerce-product-details__short-description\">\n<p><strong>QUALIT\u00c9 SUPR\u00caME | <\/strong>GOLES \u00c0 LA CR\u00c8ME LAPASION sont p\u00e2tisseries typique, \u00e9labor\u00e9e avec de la farine, des \u0153ufs, huile et du sucre, et fourr\u00e9 de cr\u00e8me au lait.<\/p>\n<p><strong>MOMENT PARFAIT<\/strong> | P\u00e2tisseries traditionnelles, id\u00e9ales pour le petit dejeuner, le d\u00e9jeuner ou les go\u00fbters.<\/p>\n<p><strong>PRESENTATION<\/strong> | Ils viens emball\u00e9es individualement. Dans un carton avec 2 Kg.<\/p>\n<p><strong>PRODUIT EN ESPAGNE<\/strong> | Ces d\u00e9lices ont \u00e9t\u00e9 produits en Espagne.<\/p>\n<p><strong>DATE DE CONSOMMATION PR\u00c9F\u00c9R\u00c9E <\/strong>et conditions de<strong> CONSERVATION| <\/strong>Consommation pr\u00e9f\u00e9rentielle avant 7 moins d\u00e8s sa fabrication. Et conserver dans un endroit frais, sec, et \u00e0 l\u2019abri du soleil.<\/p>\n<p>&nbsp;<\/p>\n<\/div>\n","protected":false},"featured_media":12114,"template":"","meta":{"_acf_changed":false,"_uag_custom_page_level_css":"","_genesis_hide_title":false,"_genesis_hide_breadcrumbs":false,"_genesis_hide_singular_image":false,"_genesis_hide_footer_widgets":false,"_genesis_custom_body_class":"","_genesis_custom_post_class":"","_genesis_layout":""},"product_brand":[],"product_cat":[1734,1728,1730,1665,1664],"product_tag":[],"class_list":{"0":"post-15683","1":"product","2":"type-product","3":"status-publish","4":"has-post-thumbnail","6":"product_cat-produits-de-confiserie-et-de-boulangerie-en-vrac-emballes","7":"product_cat-boutique-en-ligne","8":"product_cat-distributeurs","9":"product_cat-biscuits-fr","10":"product_cat-confiserie-boulangerie","11":"entry","13":"first","14":"outofstock","15":"shipping-taxable","16":"purchasable","17":"product-type-simple"},"acf":[],"df_price":29.92,"df_sale_price":"","df_regular_price":29.92,"df_image_link":"https:\/\/lapasion.es\/wp-content\/uploads\/2022\/06\/Goles_coco_envueltos-300x300.jpg","uagb_featured_image_src":{"full":["https:\/\/lapasion.es\/wp-content\/uploads\/2022\/06\/Goles_coco_envueltos.jpg",500,500,false],"thumbnail":["https:\/\/lapasion.es\/wp-content\/uploads\/2022\/06\/Goles_coco_envueltos-150x150.jpg",150,150,true],"medium":["https:\/\/lapasion.es\/wp-content\/uploads\/2022\/06\/Goles_coco_envueltos-300x300.jpg",300,300,true],"medium_large":["https:\/\/lapasion.es\/wp-content\/uploads\/2022\/06\/Goles_coco_envueltos.jpg",500,500,false],"large":["https:\/\/lapasion.es\/wp-content\/uploads\/2022\/06\/Goles_coco_envueltos.jpg",500,500,false],"1536x1536":["https:\/\/lapasion.es\/wp-content\/uploads\/2022\/06\/Goles_coco_envueltos.jpg",500,500,false],"2048x2048":["https:\/\/lapasion.es\/wp-content\/uploads\/2022\/06\/Goles_coco_envueltos.jpg",500,500,false],"gur_featured_image":["https:\/\/lapasion.es\/wp-content\/uploads\/2022\/06\/Goles_coco_envueltos.jpg",500,500,false],"gur_blog_thumbnail":["https:\/\/lapasion.es\/wp-content\/uploads\/2022\/06\/Goles_coco_envueltos.jpg",500,500,false],"woocommerce_thumbnail":["https:\/\/lapasion.es\/wp-content\/uploads\/2022\/06\/Goles_coco_envueltos.jpg",500,500,false],"woocommerce_single":["https:\/\/lapasion.es\/wp-content\/uploads\/2022\/06\/Goles_coco_envueltos.jpg",500,500,false],"woocommerce_gallery_thumbnail":["https:\/\/lapasion.es\/wp-content\/uploads\/2022\/06\/Goles_coco_envueltos-100x100.jpg",100,100,true]},"uagb_author_info":{"display_name":"incaelum","author_link":"https:\/\/lapasion.es\/fr\/author\/"},"uagb_comment_info":0,"uagb_excerpt":"QUALIT\u00c9 SUPR\u00caME | GOLES \u00c0 LA CR\u00c8ME LAPASION sont p\u00e2tisseries typique, \u00e9labor\u00e9e avec de la farine, des \u0153ufs, huile et du sucre, et fourr\u00e9 de cr\u00e8me au lait. MOMENT PARFAIT | P\u00e2tisseries traditionnelles, id\u00e9ales pour le petit dejeuner, le d\u00e9jeuner ou les go\u00fbters. PRESENTATION | Ils viens emball\u00e9es individualement. Dans un carton avec 2 Kg.\u2026","_links":{"self":[{"href":"https:\/\/lapasion.es\/fr\/wp-json\/wp\/v2\/product\/15683","targetHints":{"allow":["GET"]}}],"collection":[{"href":"https:\/\/lapasion.es\/fr\/wp-json\/wp\/v2\/product"}],"about":[{"href":"https:\/\/lapasion.es\/fr\/wp-json\/wp\/v2\/types\/product"}],"wp:featuredmedia":[{"embeddable":true,"href":"https:\/\/lapasion.es\/fr\/wp-json\/wp\/v2\/media\/12114"}],"wp:attachment":[{"href":"https:\/\/lapasion.es\/fr\/wp-json\/wp\/v2\/media?parent=15683"}],"wp:term":[{"taxonomy":"product_brand","embeddable":true,"href":"https:\/\/lapasion.es\/fr\/wp-json\/wp\/v2\/product_brand?post=15683"},{"taxonomy":"product_cat","embeddable":true,"href":"https:\/\/lapasion.es\/fr\/wp-json\/wp\/v2\/product_cat?post=15683"},{"taxonomy":"product_tag","embeddable":true,"href":"https:\/\/lapasion.es\/fr\/wp-json\/wp\/v2\/product_tag?post=15683"}],"curies":[{"name":"wp","href":"https:\/\/api.w.org\/{rel}","templated":true}]}}