{"id":15675,"date":"2019-06-03T10:12:13","date_gmt":"2019-06-03T08:12:13","guid":{"rendered":"https:\/\/lapasion.es\/producto\/dianas-mantequilla-con-edulcorante-maltitol\/"},"modified":"2024-01-03T15:50:13","modified_gmt":"2024-01-03T13:50:13","slug":"dianas-mantequilla-con-edulcorante-maltitol","status":"publish","type":"product","link":"https:\/\/lapasion.es\/fr\/produit\/dianas-mantequilla-con-edulcorante-maltitol\/","title":{"rendered":"Dianes | Biscuits au beurre sans sucre | 2,25 kg"},"content":{"rendered":"<p>Farine de <strong>BL\u00c9<\/strong>, \u00e9dulcorant (maltitol*), margarine [huiles et graisses v\u00e9g\u00e9tales (palme, coco, <strong>SOJA<\/strong>, tournesol en proportion variable), eau, \u00e9mulsifiant (E471, l\u00e9cithines, sel, acidulant (acide citrique), conservateur (E202), ar\u00f4mes , colorant (carot\u00e8nes)], <strong>BEURRE<\/strong> 2%, <strong>\u0152UF<\/strong> pasteuris\u00e9 [<strong>\u0152UF<\/strong>, conservateur (E202) et antioxydant (E330)], sel et ar\u00f4mes. <strong>Peut contenir des traces d&rsquo;autres fruits \u00e0 coque et moutarde.<\/strong><\/p>\n<p><strong>*\u00a0\u00bbUne consommation excessive peut avoir un effet laxatif\u00a0\u00bb.<\/strong><\/p>\n","protected":false},"excerpt":{"rendered":"<p>Beignet fris\u00e9 avec une saveur douce et un ar\u00f4me de beurre, de vanille et de cr\u00e8me. Pr\u00e9sent\u00e9 en portions individuelles (produit p\u00e2tissier).<\/p>\n<p>&nbsp;<\/p>\n","protected":false},"featured_media":11432,"template":"","meta":{"_acf_changed":false,"_uag_custom_page_level_css":"","_genesis_hide_title":false,"_genesis_hide_breadcrumbs":false,"_genesis_hide_singular_image":false,"_genesis_hide_footer_widgets":false,"_genesis_custom_body_class":"","_genesis_custom_post_class":"","_genesis_layout":""},"product_brand":[],"product_cat":[1668,1732,1728,1730,1664],"product_tag":[1688],"class_list":{"0":"post-15675","1":"product","2":"type-product","3":"status-publish","4":"has-post-thumbnail","6":"product_cat-patisseries-gaufrettes","7":"product_cat-patisseries-et-produits-de-boulangerie-en-vrac","8":"product_cat-boutique-en-ligne","9":"product_cat-distributeurs","10":"product_cat-confiserie-boulangerie","11":"product_tag-patisseries-sans-sucre","12":"entry","14":"first","15":"outofstock","16":"shipping-taxable","17":"purchasable","18":"product-type-simple"},"acf":[],"df_price":"","df_sale_price":"","df_regular_price":"","df_image_link":"https:\/\/lapasion.es\/wp-content\/uploads\/2019\/06\/dianas-mantequilla-con-edulco-300x300.jpg","uagb_featured_image_src":{"full":["https:\/\/lapasion.es\/wp-content\/uploads\/2019\/06\/dianas-mantequilla-con-edulco.jpg",500,500,false],"thumbnail":["https:\/\/lapasion.es\/wp-content\/uploads\/2019\/06\/dianas-mantequilla-con-edulco-150x150.jpg",150,150,true],"medium":["https:\/\/lapasion.es\/wp-content\/uploads\/2019\/06\/dianas-mantequilla-con-edulco-300x300.jpg",300,300,true],"medium_large":["https:\/\/lapasion.es\/wp-content\/uploads\/2019\/06\/dianas-mantequilla-con-edulco.jpg",500,500,false],"large":["https:\/\/lapasion.es\/wp-content\/uploads\/2019\/06\/dianas-mantequilla-con-edulco.jpg",500,500,false],"1536x1536":["https:\/\/lapasion.es\/wp-content\/uploads\/2019\/06\/dianas-mantequilla-con-edulco.jpg",500,500,false],"2048x2048":["https:\/\/lapasion.es\/wp-content\/uploads\/2019\/06\/dianas-mantequilla-con-edulco.jpg",500,500,false],"gur_featured_image":["https:\/\/lapasion.es\/wp-content\/uploads\/2019\/06\/dianas-mantequilla-con-edulco.jpg",500,500,false],"gur_blog_thumbnail":["https:\/\/lapasion.es\/wp-content\/uploads\/2019\/06\/dianas-mantequilla-con-edulco.jpg",500,500,false],"woocommerce_thumbnail":["https:\/\/lapasion.es\/wp-content\/uploads\/2019\/06\/dianas-mantequilla-con-edulco.jpg",500,500,false],"woocommerce_single":["https:\/\/lapasion.es\/wp-content\/uploads\/2019\/06\/dianas-mantequilla-con-edulco.jpg",500,500,false],"woocommerce_gallery_thumbnail":["https:\/\/lapasion.es\/wp-content\/uploads\/2019\/06\/dianas-mantequilla-con-edulco-100x100.jpg",100,100,true]},"uagb_author_info":{"display_name":"incaelum","author_link":"https:\/\/lapasion.es\/fr\/author\/"},"uagb_comment_info":0,"uagb_excerpt":"Beignet fris\u00e9 avec une saveur douce et un ar\u00f4me de beurre, de vanille et de cr\u00e8me. Pr\u00e9sent\u00e9 en portions individuelles (produit p\u00e2tissier). &nbsp;","_links":{"self":[{"href":"https:\/\/lapasion.es\/fr\/wp-json\/wp\/v2\/product\/15675","targetHints":{"allow":["GET"]}}],"collection":[{"href":"https:\/\/lapasion.es\/fr\/wp-json\/wp\/v2\/product"}],"about":[{"href":"https:\/\/lapasion.es\/fr\/wp-json\/wp\/v2\/types\/product"}],"wp:featuredmedia":[{"embeddable":true,"href":"https:\/\/lapasion.es\/fr\/wp-json\/wp\/v2\/media\/11432"}],"wp:attachment":[{"href":"https:\/\/lapasion.es\/fr\/wp-json\/wp\/v2\/media?parent=15675"}],"wp:term":[{"taxonomy":"product_brand","embeddable":true,"href":"https:\/\/lapasion.es\/fr\/wp-json\/wp\/v2\/product_brand?post=15675"},{"taxonomy":"product_cat","embeddable":true,"href":"https:\/\/lapasion.es\/fr\/wp-json\/wp\/v2\/product_cat?post=15675"},{"taxonomy":"product_tag","embeddable":true,"href":"https:\/\/lapasion.es\/fr\/wp-json\/wp\/v2\/product_tag?post=15675"}],"curies":[{"name":"wp","href":"https:\/\/api.w.org\/{rel}","templated":true}]}}