{"id":15601,"date":"2023-08-21T10:33:17","date_gmt":"2023-08-21T08:33:17","guid":{"rendered":"https:\/\/lapasion.es\/?post_type=product&#038;p=15601"},"modified":"2024-11-15T11:47:37","modified_gmt":"2024-11-15T09:47:37","slug":"mantecadas-280g-x-12-paquets-copia-copia","status":"publish","type":"product","link":"https:\/\/lapasion.es\/fr\/produit\/mantecadas-280g-x-12-paquets-copia-copia\/","title":{"rendered":"Suaves | Madaleine Sp\u00e9cial envelopp\u00e9 | 2 kg"},"content":{"rendered":"<p>Farine de BL\u00c9, sucre, eau, huile v\u00e9g\u00e9tale de tournesol ou de soja en proportion variable, OEUFS, sirop (eau, sucre et acide citrique), lactos\u00e9rum LAITIER, poudres \u00e0 lever (diphosphate disodique et bicarbonate de sodium), humectant (glyc\u00e9rine), conservateurs (sorbate de potassium). ), acidifiant (acide citrique), gomme xanthane, ar\u00f4me citron et sel. Peut contenir des traces de fruits \u00e0 coque, s\u00e9same, sulfites, soja et moutarde.<\/p>\n","protected":false},"excerpt":{"rendered":"<p><strong>QUALIT\u00c9 SUPR\u00caME<\/strong> | Produit de p\u00e2tisserie appel\u00e9 SUAVES. P\u00e2tisserie typique, \u00e9labor\u00e9e avec de la farine, des \u0153ufs et du sucre.<\/p>\n<p><strong>MOMENT ID\u00c9AL<\/strong> | Ideal pour le petit-d\u00e9jeuner, et snack.<\/p>\n<p><strong>PRESENTATION<\/strong> | Ils viens emball\u00e9es individualement. Dans un carton avec 2 Kg.<\/p>\n<p><strong>PRODUIT EN ESPAGNE<\/strong> | Ces d\u00e9lices ont \u00e9t\u00e9 produits en Espagne.<\/p>\n<p><strong>DATE DE CONSOMMATION PR\u00c9F\u00c9R\u00c9E <\/strong>et conditions de<strong> CONSERVATION| <\/strong>Consommation pr\u00e9f\u00e9rentielle avant 5 moins d\u00e8s sa fabrication. Et Conserver dans un endroit frais, sec, et \u00e0 l\u2019abri du soleil.<\/p>\n","protected":false},"featured_media":15604,"template":"","meta":{"_acf_changed":false,"_uag_custom_page_level_css":"","_genesis_hide_title":false,"_genesis_hide_breadcrumbs":false,"_genesis_hide_singular_image":false,"_genesis_hide_footer_widgets":false,"_genesis_custom_body_class":"","_genesis_custom_post_class":"","_genesis_layout":""},"product_brand":[],"product_cat":[1734,1730],"product_tag":[],"class_list":{"0":"post-15601","1":"product","2":"type-product","3":"status-publish","4":"has-post-thumbnail","6":"product_cat-produits-de-confiserie-et-de-boulangerie-en-vrac-emballes","7":"product_cat-distributeurs","8":"entry","10":"first","11":"outofstock","12":"shipping-taxable","13":"purchasable","14":"product-type-simple"},"acf":[],"df_price":28.59,"df_sale_price":"","df_regular_price":28.59,"df_image_link":"https:\/\/lapasion.es\/wp-content\/uploads\/2023\/08\/004006-Suaves-env-300x300.jpg","uagb_featured_image_src":{"full":["https:\/\/lapasion.es\/wp-content\/uploads\/2023\/08\/004006-Suaves-env.jpg",500,500,false],"thumbnail":["https:\/\/lapasion.es\/wp-content\/uploads\/2023\/08\/004006-Suaves-env-150x150.jpg",150,150,true],"medium":["https:\/\/lapasion.es\/wp-content\/uploads\/2023\/08\/004006-Suaves-env-300x300.jpg",300,300,true],"medium_large":["https:\/\/lapasion.es\/wp-content\/uploads\/2023\/08\/004006-Suaves-env.jpg",500,500,false],"large":["https:\/\/lapasion.es\/wp-content\/uploads\/2023\/08\/004006-Suaves-env.jpg",500,500,false],"1536x1536":["https:\/\/lapasion.es\/wp-content\/uploads\/2023\/08\/004006-Suaves-env.jpg",500,500,false],"2048x2048":["https:\/\/lapasion.es\/wp-content\/uploads\/2023\/08\/004006-Suaves-env.jpg",500,500,false],"gur_featured_image":["https:\/\/lapasion.es\/wp-content\/uploads\/2023\/08\/004006-Suaves-env.jpg",500,500,false],"gur_blog_thumbnail":["https:\/\/lapasion.es\/wp-content\/uploads\/2023\/08\/004006-Suaves-env-240x240.jpg",240,240,true],"woocommerce_thumbnail":["https:\/\/lapasion.es\/wp-content\/uploads\/2023\/08\/004006-Suaves-env.jpg",500,500,false],"woocommerce_single":["https:\/\/lapasion.es\/wp-content\/uploads\/2023\/08\/004006-Suaves-env.jpg",500,500,false],"woocommerce_gallery_thumbnail":["https:\/\/lapasion.es\/wp-content\/uploads\/2023\/08\/004006-Suaves-env-100x100.jpg",100,100,true]},"uagb_author_info":{"display_name":"Anacris Guerri","author_link":"https:\/\/lapasion.es\/fr\/author\/"},"uagb_comment_info":0,"uagb_excerpt":"QUALIT\u00c9 SUPR\u00caME | Produit de p\u00e2tisserie appel\u00e9 SUAVES. P\u00e2tisserie typique, \u00e9labor\u00e9e avec de la farine, des \u0153ufs et du sucre. MOMENT ID\u00c9AL | Ideal pour le petit-d\u00e9jeuner, et snack. PRESENTATION | Ils viens emball\u00e9es individualement. Dans un carton avec 2 Kg. PRODUIT EN ESPAGNE | Ces d\u00e9lices ont \u00e9t\u00e9 produits en Espagne. DATE DE CONSOMMATION\u2026","_links":{"self":[{"href":"https:\/\/lapasion.es\/fr\/wp-json\/wp\/v2\/product\/15601","targetHints":{"allow":["GET"]}}],"collection":[{"href":"https:\/\/lapasion.es\/fr\/wp-json\/wp\/v2\/product"}],"about":[{"href":"https:\/\/lapasion.es\/fr\/wp-json\/wp\/v2\/types\/product"}],"wp:featuredmedia":[{"embeddable":true,"href":"https:\/\/lapasion.es\/fr\/wp-json\/wp\/v2\/media\/15604"}],"wp:attachment":[{"href":"https:\/\/lapasion.es\/fr\/wp-json\/wp\/v2\/media?parent=15601"}],"wp:term":[{"taxonomy":"product_brand","embeddable":true,"href":"https:\/\/lapasion.es\/fr\/wp-json\/wp\/v2\/product_brand?post=15601"},{"taxonomy":"product_cat","embeddable":true,"href":"https:\/\/lapasion.es\/fr\/wp-json\/wp\/v2\/product_cat?post=15601"},{"taxonomy":"product_tag","embeddable":true,"href":"https:\/\/lapasion.es\/fr\/wp-json\/wp\/v2\/product_tag?post=15601"}],"curies":[{"name":"wp","href":"https:\/\/api.w.org\/{rel}","templated":true}]}}