{"id":15119,"date":"2017-09-13T10:28:27","date_gmt":"2017-09-13T10:28:27","guid":{"rendered":"https:\/\/lapasion.es\/producto\/bombon-surtido-con-edulcorante\/"},"modified":"2024-10-04T12:37:25","modified_gmt":"2024-10-04T10:37:25","slug":"bombon-surtido-con-edulcorante","status":"publish","type":"product","link":"https:\/\/lapasion.es\/fr\/produit\/bombon-surtido-con-edulcorante\/","title":{"rendered":"Bombones surtidos Sin Az\u00facares A\u00f1adidos | con Edulcorante Maltitol y Stevia"},"content":{"rendered":"<p>BOMBE CHOCO-LAIT-NOISETTES : \u00c9dulcorant E-965 (Maltitol), Beurre de cacao, Huiles et graisses v\u00e9g\u00e9tales (palme, palmiste et SOJA en proportions variables), LAIT \u00e9cr\u00e9m\u00e9 en poudre, LAIT entier en poudre, P\u00e2te de cacao, Cacao en poudre d\u00e9graiss\u00e9, Lactos\u00e9rum, NOISETTE (0,4%), \u00c9mulsifiant E-322 (l\u00e9cithine de SOJA), Ar\u00f4mes naturels (vanille et noisette) et \u00c9dulcorant E-960 (glycosides de st\u00e9viol) (0,01%). Peut contenir des traces d&rsquo;autres fruits \u00e0 coque et arachides. SANS GLUTEN Cacao min. \u2013 Chocolat au lait : 34%<\/p>\n<p>BOMBE CHOCO-LAIT-CAF\u00c9 : \u00c9dulcorant E-965 (Maltitol), Beurre de cacao, Huiles et graisses v\u00e9g\u00e9tales (palme, palmiste et SOJA en proportions variables), LAIT \u00e9cr\u00e9m\u00e9 en poudre, LAIT entier en poudre, P\u00e2te de cacao, Cacao en poudre d\u00e9graiss\u00e9, Lactos\u00e9rum, \u00e9mulsifiant E-322 (l\u00e9cithine de SOJA), ar\u00f4mes naturels (vanille et caf\u00e9) et \u00e9dulcorant E-960 (glycosides de st\u00e9viol) (0,01%). Peut contenir des traces d&rsquo;autres fruits \u00e0 coque et arachides. SANS GLUTEN Cacao min. \u2013 Chocolat au lait : 34%<\/p>\n<p>BOMBE CHOCO-LAIT-YAOURT : \u00c9dulcorant E-965 (Maltitol), Beurre de cacao, Huiles et graisses v\u00e9g\u00e9tales (palme, palmiste et SOJA en proportions variables), LAIT \u00e9cr\u00e9m\u00e9 en poudre, YAOURT en poudre (7%) (contient du LAIT), Entier LAIT en poudre, p\u00e2te de cacao, \u00e9mulsifiant E-322 (l\u00e9cithine de SOJA), ar\u00f4mes naturels (vanille et yaourt) et \u00e9dulcorant E-960 (glycosides de st\u00e9viol) (0,01%). Peut contenir des traces d&rsquo;autres fruits \u00e0 coque et arachides. SANS GLUTEN Cacao min. \u2013 Chocolat au lait : 34%<\/p>\n<p>Une consommation excessive peut produire des effets laxatifs.<\/p>\n","protected":false},"excerpt":{"rendered":"<p style=\"text-align: left;\"><strong>BOMBONES <\/strong>| Descubre nuestros deliciosos bombones sin az\u00facar! Disponibles en sabores avellana, caf\u00e9 y yogurt, endulzados con maltitol y stevia.<\/p>\n<p style=\"text-align: left;\"><strong>DULCES PARA TODO EL A\u00d1O <\/strong>| Perfecto para compartir o regalar a tus seres queridos. \u00a1D\u00e9jate tentar por su sabor exquisito y sin remordimientos!<\/p>\n<p style=\"text-align: left;\"><b>PRESENTACI\u00d3N<\/b> | Bolsa de 1kg o Caja 3 kg con bombones sin az\u00facar envueloas individualmente para una mejor conservaci\u00f3n.<\/p>\n<p style=\"text-align: left;\"><strong>PRODUCIDOS EN ESPA\u00d1A<\/strong> | Estos dulces han sido producidos en Espa\u00f1a.<\/p>\n<p style=\"text-align: left;\"><strong>FECHA DE CONSUMO PREFERENTE<\/strong> y condiciones de <strong>CONSERVACI\u00d3N<\/strong> | 12 meses desde su fabricaci\u00f3n. Conservar en lugar fresco, seco y alejado de olores extra\u00f1os. Evitar cambios bruscos de temperatura. Temperatura \u00f3ptima entre 15\u00baC y 22 \u00baC.<\/p>\n","protected":false},"featured_media":21431,"template":"","meta":{"_acf_changed":false,"_uag_custom_page_level_css":"","_genesis_hide_title":false,"_genesis_hide_breadcrumbs":false,"_genesis_hide_singular_image":false,"_genesis_hide_footer_widgets":false,"_genesis_custom_body_class":"","_genesis_custom_post_class":"","_genesis_layout":""},"product_brand":[],"product_cat":[1728,1671,1673,1745,1730],"product_tag":[1688],"class_list":{"0":"post-15119","1":"product","2":"type-product","3":"status-publish","4":"has-post-thumbnail","6":"product_cat-boutique-en-ligne","7":"product_cat-chocolat-gourmet","8":"product_cat-chocolats","9":"product_cat-confiseries-de-noel-emballees-fr","10":"product_cat-distributeurs","11":"product_tag-patisseries-sans-sucre","12":"entry","14":"first","15":"outofstock","16":"shipping-taxable","17":"purchasable","18":"product-type-variable"},"acf":[],"df_price":37.5,"df_sale_price":"","df_regular_price":37.5,"df_image_link":"https:\/\/lapasion.es\/wp-content\/uploads\/2017\/09\/Bombones_sin_azucar-3-300x300.jpg","uagb_featured_image_src":{"full":["https:\/\/lapasion.es\/wp-content\/uploads\/2017\/09\/Bombones_sin_azucar-3.jpg",500,500,false],"thumbnail":["https:\/\/lapasion.es\/wp-content\/uploads\/2017\/09\/Bombones_sin_azucar-3-150x150.jpg",150,150,true],"medium":["https:\/\/lapasion.es\/wp-content\/uploads\/2017\/09\/Bombones_sin_azucar-3-300x300.jpg",300,300,true],"medium_large":["https:\/\/lapasion.es\/wp-content\/uploads\/2017\/09\/Bombones_sin_azucar-3.jpg",500,500,false],"large":["https:\/\/lapasion.es\/wp-content\/uploads\/2017\/09\/Bombones_sin_azucar-3.jpg",500,500,false],"1536x1536":["https:\/\/lapasion.es\/wp-content\/uploads\/2017\/09\/Bombones_sin_azucar-3.jpg",500,500,false],"2048x2048":["https:\/\/lapasion.es\/wp-content\/uploads\/2017\/09\/Bombones_sin_azucar-3.jpg",500,500,false],"gur_featured_image":["https:\/\/lapasion.es\/wp-content\/uploads\/2017\/09\/Bombones_sin_azucar-3.jpg",500,500,false],"gur_blog_thumbnail":["https:\/\/lapasion.es\/wp-content\/uploads\/2017\/09\/Bombones_sin_azucar-3.jpg",500,500,false],"woocommerce_thumbnail":["https:\/\/lapasion.es\/wp-content\/uploads\/2017\/09\/Bombones_sin_azucar-3.jpg",500,500,false],"woocommerce_single":["https:\/\/lapasion.es\/wp-content\/uploads\/2017\/09\/Bombones_sin_azucar-3.jpg",500,500,false],"woocommerce_gallery_thumbnail":["https:\/\/lapasion.es\/wp-content\/uploads\/2017\/09\/Bombones_sin_azucar-3-100x100.jpg",100,100,true]},"uagb_author_info":{"display_name":"incaelum","author_link":"https:\/\/lapasion.es\/fr\/author\/"},"uagb_comment_info":0,"uagb_excerpt":"BOMBONES | Descubre nuestros deliciosos bombones sin az\u00facar! Disponibles en sabores avellana, caf\u00e9 y yogurt, endulzados con maltitol y stevia. DULCES PARA TODO EL A\u00d1O | Perfecto para compartir o regalar a tus seres queridos. \u00a1D\u00e9jate tentar por su sabor exquisito y sin remordimientos! PRESENTACI\u00d3N | Bolsa de 1kg o Caja 3 kg con bombones\u2026","_links":{"self":[{"href":"https:\/\/lapasion.es\/fr\/wp-json\/wp\/v2\/product\/15119","targetHints":{"allow":["GET"]}}],"collection":[{"href":"https:\/\/lapasion.es\/fr\/wp-json\/wp\/v2\/product"}],"about":[{"href":"https:\/\/lapasion.es\/fr\/wp-json\/wp\/v2\/types\/product"}],"wp:featuredmedia":[{"embeddable":true,"href":"https:\/\/lapasion.es\/fr\/wp-json\/wp\/v2\/media\/21431"}],"wp:attachment":[{"href":"https:\/\/lapasion.es\/fr\/wp-json\/wp\/v2\/media?parent=15119"}],"wp:term":[{"taxonomy":"product_brand","embeddable":true,"href":"https:\/\/lapasion.es\/fr\/wp-json\/wp\/v2\/product_brand?post=15119"},{"taxonomy":"product_cat","embeddable":true,"href":"https:\/\/lapasion.es\/fr\/wp-json\/wp\/v2\/product_cat?post=15119"},{"taxonomy":"product_tag","embeddable":true,"href":"https:\/\/lapasion.es\/fr\/wp-json\/wp\/v2\/product_tag?post=15119"}],"curies":[{"name":"wp","href":"https:\/\/api.w.org\/{rel}","templated":true}]}}