{"id":14190,"date":"2023-05-18T14:00:58","date_gmt":"2023-05-18T12:00:58","guid":{"rendered":"https:\/\/lapasion.es\/producto\/guirlache-wrapped\/"},"modified":"2024-10-08T16:58:56","modified_gmt":"2024-10-08T14:58:56","slug":"guirlache-env","status":"publish","type":"product","link":"https:\/\/lapasion.es\/fr\/produit\/guirlache-env\/","title":{"rendered":"Guirlache | Turron sp\u00e9cial avec amandes | 2 Kg"},"content":{"rendered":"<p><strong>AMANDES<\/strong> (50%), sucre, sirop de glucose et fructose et miel. <strong>Peut contenir des traces d&rsquo;autres fruits \u00e0 coque, arachides, soja, \u0153ufs, lait, gluten et sulfites.<\/strong><\/p>\n","protected":false},"excerpt":{"rendered":"<p><strong>QUALIT\u00c9 SUPR\u00caME<\/strong>| Lapasion GUIRLACHE | Fabriqu\u00e9 \u00e0 la mani\u00e8re du \u00ab Grillage \u00bb du 19\u00e8me si\u00e8cle, avec du sucre grill\u00e9, de l&rsquo;amande (50%) et du miel.<\/p>\n<p><strong>MOMENT ID\u00c9AL<\/strong> | P\u00e2tisseries traditionnelles, ideal pour les desserts, pause caf\u00e9 ou snack.<\/p>\n<p><strong>PRESENTATION<\/strong> | envelop\u00e9s individualement | Total 2 Kg<\/p>\n<p><strong>PRODUIT EN ESPAGNE<\/strong> | Ces d\u00e9lices ont \u00e9t\u00e9 produits en Espagne.<\/p>\n<p><strong>DATE DE CONSOMMATION PR\u00c9F\u00c9R\u00c9E <\/strong>et conditions de<strong> CONSERVATION| <\/strong>Consommation pr\u00e9f\u00e9rentielle avant 18 moins d\u00e8s sa fabrication. Et Conserver dans un endroit frais, sec, et \u00e0 l\u2019abri du soleil.<\/p>\n","protected":false},"featured_media":14080,"template":"","meta":{"_acf_changed":false,"_uag_custom_page_level_css":"","_genesis_hide_title":false,"_genesis_hide_breadcrumbs":false,"_genesis_hide_singular_image":false,"_genesis_hide_footer_widgets":false,"_genesis_custom_body_class":"","_genesis_custom_post_class":"","_genesis_layout":""},"product_brand":[],"product_cat":[1728,1745,1730,1677],"product_tag":[],"class_list":{"0":"post-14190","1":"product","2":"type-product","3":"status-publish","4":"has-post-thumbnail","6":"product_cat-boutique-en-ligne","7":"product_cat-confiseries-de-noel-emballees-fr","8":"product_cat-distributeurs","9":"product_cat-nougat-fr","10":"entry","12":"first","13":"instock","14":"shipping-taxable","15":"product-type-simple"},"acf":[],"df_price":"","df_sale_price":"","df_regular_price":"","df_image_link":"https:\/\/lapasion.es\/wp-content\/uploads\/2023\/05\/guirlache-wrapped-300x181.jpg","uagb_featured_image_src":{"full":["https:\/\/lapasion.es\/wp-content\/uploads\/2023\/05\/guirlache-wrapped.jpg",1840,1108,false],"thumbnail":["https:\/\/lapasion.es\/wp-content\/uploads\/2023\/05\/guirlache-wrapped-150x150.jpg",150,150,true],"medium":["https:\/\/lapasion.es\/wp-content\/uploads\/2023\/05\/guirlache-wrapped-300x181.jpg",300,181,true],"medium_large":["https:\/\/lapasion.es\/wp-content\/uploads\/2023\/05\/guirlache-wrapped-768x462.jpg",768,462,true],"large":["https:\/\/lapasion.es\/wp-content\/uploads\/2023\/05\/guirlache-wrapped-1024x617.jpg",1024,617,true],"1536x1536":["https:\/\/lapasion.es\/wp-content\/uploads\/2023\/05\/guirlache-wrapped-1536x925.jpg",1536,925,true],"2048x2048":["https:\/\/lapasion.es\/wp-content\/uploads\/2023\/05\/guirlache-wrapped.jpg",1840,1108,false],"gur_featured_image":["https:\/\/lapasion.es\/wp-content\/uploads\/2023\/05\/guirlache-wrapped-1200x630.jpg",1200,630,true],"gur_blog_thumbnail":["https:\/\/lapasion.es\/wp-content\/uploads\/2023\/05\/guirlache-wrapped-400x240.jpg",400,240,true],"woocommerce_thumbnail":["https:\/\/lapasion.es\/wp-content\/uploads\/2023\/05\/guirlache-wrapped-500x500.jpg",500,500,true],"woocommerce_single":["https:\/\/lapasion.es\/wp-content\/uploads\/2023\/05\/guirlache-wrapped-655x394.jpg",655,394,true],"woocommerce_gallery_thumbnail":["https:\/\/lapasion.es\/wp-content\/uploads\/2023\/05\/guirlache-wrapped-100x100.jpg",100,100,true]},"uagb_author_info":{"display_name":"Javi Incaelum","author_link":"https:\/\/lapasion.es\/fr\/author\/"},"uagb_comment_info":0,"uagb_excerpt":"QUALIT\u00c9 SUPR\u00caME| Lapasion GUIRLACHE | Fabriqu\u00e9 \u00e0 la mani\u00e8re du \u00ab Grillage \u00bb du 19\u00e8me si\u00e8cle, avec du sucre grill\u00e9, de l'amande (50%) et du miel. MOMENT ID\u00c9AL | P\u00e2tisseries traditionnelles, ideal pour les desserts, pause caf\u00e9 ou snack. PRESENTATION | envelop\u00e9s individualement | Total 2 Kg PRODUIT EN ESPAGNE | Ces d\u00e9lices ont \u00e9t\u00e9\u2026","_links":{"self":[{"href":"https:\/\/lapasion.es\/fr\/wp-json\/wp\/v2\/product\/14190","targetHints":{"allow":["GET"]}}],"collection":[{"href":"https:\/\/lapasion.es\/fr\/wp-json\/wp\/v2\/product"}],"about":[{"href":"https:\/\/lapasion.es\/fr\/wp-json\/wp\/v2\/types\/product"}],"wp:featuredmedia":[{"embeddable":true,"href":"https:\/\/lapasion.es\/fr\/wp-json\/wp\/v2\/media\/14080"}],"wp:attachment":[{"href":"https:\/\/lapasion.es\/fr\/wp-json\/wp\/v2\/media?parent=14190"}],"wp:term":[{"taxonomy":"product_brand","embeddable":true,"href":"https:\/\/lapasion.es\/fr\/wp-json\/wp\/v2\/product_brand?post=14190"},{"taxonomy":"product_cat","embeddable":true,"href":"https:\/\/lapasion.es\/fr\/wp-json\/wp\/v2\/product_cat?post=14190"},{"taxonomy":"product_tag","embeddable":true,"href":"https:\/\/lapasion.es\/fr\/wp-json\/wp\/v2\/product_tag?post=14190"}],"curies":[{"name":"wp","href":"https:\/\/api.w.org\/{rel}","templated":true}]}}