{"id":14030,"date":"2017-09-13T10:15:11","date_gmt":"2017-09-13T08:15:11","guid":{"rendered":"https:\/\/lapasion.es\/producto\/virutas\/"},"modified":"2023-10-25T12:00:16","modified_gmt":"2023-10-25T10:00:16","slug":"virutas","status":"publish","type":"product","link":"https:\/\/lapasion.es\/fr\/produit\/virutas\/","title":{"rendered":"Virutas de Patata | 100g x 12 paquetes"},"content":{"rendered":"<p>Patata seleccionada, aceite vegetal de girasol y sal. <strong>Puede contener trazas de gluten, crust\u00e1ceos, soja y leche.<\/strong><\/p>\n","protected":false},"excerpt":{"rendered":"<p>Fin\u00edsimas y crujientes pajitas de patata frita con una bolsa de k\u00e9tchup para que no tengas que llevar nada m\u00e1s. Perfecto acompa\u00f1amiento para comidas o snack.<\/p>\n<p>PRESENTACI\u00d3N | Paquete de 100g x 12 paquetes | Total 1.2 Kg.<\/p>\n","protected":false},"featured_media":9500,"template":"","meta":{"_acf_changed":false,"_uag_custom_page_level_css":"","_genesis_hide_title":false,"_genesis_hide_breadcrumbs":false,"_genesis_hide_singular_image":false,"_genesis_hide_footer_widgets":false,"_genesis_custom_body_class":"","_genesis_custom_post_class":"","_genesis_layout":""},"product_brand":[],"product_cat":[1728,1730,1758,1678],"product_tag":[],"class_list":{"0":"post-14030","1":"product","2":"type-product","3":"status-publish","4":"has-post-thumbnail","6":"product_cat-boutique-en-ligne","7":"product_cat-distributeurs","8":"product_cat-pain-snack-sale-fr","9":"product_cat-pain-snacks-sales","10":"entry","12":"first","13":"instock","14":"shipping-taxable","15":"purchasable","16":"product-type-simple"},"acf":[],"df_price":35.12,"df_sale_price":"","df_regular_price":35.12,"df_image_link":"https:\/\/lapasion.es\/wp-content\/uploads\/2017\/10\/2066-1-300x300.jpg","uagb_featured_image_src":{"full":["https:\/\/lapasion.es\/wp-content\/uploads\/2017\/10\/2066-1.jpg",482,482,false],"thumbnail":["https:\/\/lapasion.es\/wp-content\/uploads\/2017\/10\/2066-1-150x150.jpg",150,150,true],"medium":["https:\/\/lapasion.es\/wp-content\/uploads\/2017\/10\/2066-1-300x300.jpg",300,300,true],"medium_large":["https:\/\/lapasion.es\/wp-content\/uploads\/2017\/10\/2066-1.jpg",482,482,false],"large":["https:\/\/lapasion.es\/wp-content\/uploads\/2017\/10\/2066-1.jpg",482,482,false],"1536x1536":["https:\/\/lapasion.es\/wp-content\/uploads\/2017\/10\/2066-1.jpg",482,482,false],"2048x2048":["https:\/\/lapasion.es\/wp-content\/uploads\/2017\/10\/2066-1.jpg",482,482,false],"gur_featured_image":["https:\/\/lapasion.es\/wp-content\/uploads\/2017\/10\/2066-1.jpg",482,482,false],"gur_blog_thumbnail":["https:\/\/lapasion.es\/wp-content\/uploads\/2017\/10\/2066-1.jpg",482,482,false],"woocommerce_thumbnail":["https:\/\/lapasion.es\/wp-content\/uploads\/2017\/10\/2066-1.jpg",482,482,false],"woocommerce_single":["https:\/\/lapasion.es\/wp-content\/uploads\/2017\/10\/2066-1.jpg",482,482,false],"woocommerce_gallery_thumbnail":["https:\/\/lapasion.es\/wp-content\/uploads\/2017\/10\/2066-1-100x100.jpg",100,100,true]},"uagb_author_info":{"display_name":"incaelum","author_link":"https:\/\/lapasion.es\/fr\/author\/"},"uagb_comment_info":0,"uagb_excerpt":"Fin\u00edsimas y crujientes pajitas de patata frita con una bolsa de k\u00e9tchup para que no tengas que llevar nada m\u00e1s. Perfecto acompa\u00f1amiento para comidas o snack. PRESENTACI\u00d3N | Paquete de 100g x 12 paquetes | Total 1.2 Kg.","_links":{"self":[{"href":"https:\/\/lapasion.es\/fr\/wp-json\/wp\/v2\/product\/14030","targetHints":{"allow":["GET"]}}],"collection":[{"href":"https:\/\/lapasion.es\/fr\/wp-json\/wp\/v2\/product"}],"about":[{"href":"https:\/\/lapasion.es\/fr\/wp-json\/wp\/v2\/types\/product"}],"wp:featuredmedia":[{"embeddable":true,"href":"https:\/\/lapasion.es\/fr\/wp-json\/wp\/v2\/media\/9500"}],"wp:attachment":[{"href":"https:\/\/lapasion.es\/fr\/wp-json\/wp\/v2\/media?parent=14030"}],"wp:term":[{"taxonomy":"product_brand","embeddable":true,"href":"https:\/\/lapasion.es\/fr\/wp-json\/wp\/v2\/product_brand?post=14030"},{"taxonomy":"product_cat","embeddable":true,"href":"https:\/\/lapasion.es\/fr\/wp-json\/wp\/v2\/product_cat?post=14030"},{"taxonomy":"product_tag","embeddable":true,"href":"https:\/\/lapasion.es\/fr\/wp-json\/wp\/v2\/product_tag?post=14030"}],"curies":[{"name":"wp","href":"https:\/\/api.w.org\/{rel}","templated":true}]}}