{"id":14018,"date":"2019-01-24T09:26:54","date_gmt":"2019-01-24T07:26:54","guid":{"rendered":"https:\/\/lapasion.es\/producto\/sitos-relleno-crema-nata-200g\/"},"modified":"2025-02-07T09:10:12","modified_gmt":"2025-02-07T07:10:12","slug":"sitos-relleno-crema-nata-200g","status":"publish","type":"product","link":"https:\/\/lapasion.es\/fr\/produit\/sitos-relleno-crema-nata-200g\/","title":{"rendered":"SITOS A LA CREME | G\u00e2teau Fourr\u00e9 \u00e0 la Cr\u00e8me | 200g x 9 paquets"},"content":{"rendered":"<p>&nbsp;<\/p>\n<p>&nbsp;<\/p>\n","protected":false},"excerpt":{"rendered":"<p><strong>QUALIT\u00c9 SUPR\u00caME<\/strong> | Produit p\u00e2tissier r\u00e9pondant \u00e0 l&rsquo;appellation SITOS FOURR\u00c9S A LA CREME. Il s&rsquo;agit d&rsquo;un g\u00e2teau fabriqu\u00e9 \u00e0 partir de p\u00e2te trait\u00e9e avec de la farine de bl\u00e9 et des huiles v\u00e9g\u00e9tales, cuite au four et fourr\u00e9s \u00e0 la cr\u00e8me.<\/p>\n<p><strong>MOMENT PARFAIT<\/strong> | Id\u00e9al pour les desserts, snack et petit dejeuner.<\/p>\n<p><strong>PR\u00c9SENTATION<\/strong> | 200 g x 12 paquets | Total 2,4 kg<\/p>\n<p><strong>PRODUITS EN ESPAGNE<\/strong> | Ces bonbons sont produits en Espagne.<\/p>\n<p><strong>DLU ET CONSERVATION<\/strong> | \u00a0Consommation privil\u00e9gi\u00e9e dans les 7 mois suivant sa fabrication. Conservez-le dans un endroit frais et sec et prot\u00e9gez-le du soleil.<\/p>\n","protected":false},"featured_media":11176,"template":"","meta":{"_acf_changed":false,"_uag_custom_page_level_css":"","_genesis_hide_title":false,"_genesis_hide_breadcrumbs":false,"_genesis_hide_singular_image":false,"_genesis_hide_footer_widgets":false,"_genesis_custom_body_class":"","_genesis_custom_post_class":"","_genesis_layout":""},"product_brand":[],"product_cat":[1736,1730],"product_tag":[],"class_list":{"0":"post-14018","1":"product","2":"type-product","3":"status-publish","4":"has-post-thumbnail","6":"product_cat-produits-de-confiserie-et-de-boulangerie-emballes","7":"product_cat-distributeurs","8":"entry","10":"first","11":"outofstock","12":"shipping-taxable","13":"purchasable","14":"product-type-simple"},"acf":[],"df_price":27.27,"df_sale_price":"","df_regular_price":27.27,"df_image_link":"https:\/\/lapasion.es\/wp-content\/uploads\/2019\/01\/SITOS-CREMA-1-300x300.jpg","uagb_featured_image_src":{"full":["https:\/\/lapasion.es\/wp-content\/uploads\/2019\/01\/SITOS-CREMA-1.jpg",500,500,false],"thumbnail":["https:\/\/lapasion.es\/wp-content\/uploads\/2019\/01\/SITOS-CREMA-1-150x150.jpg",150,150,true],"medium":["https:\/\/lapasion.es\/wp-content\/uploads\/2019\/01\/SITOS-CREMA-1-300x300.jpg",300,300,true],"medium_large":["https:\/\/lapasion.es\/wp-content\/uploads\/2019\/01\/SITOS-CREMA-1.jpg",500,500,false],"large":["https:\/\/lapasion.es\/wp-content\/uploads\/2019\/01\/SITOS-CREMA-1.jpg",500,500,false],"1536x1536":["https:\/\/lapasion.es\/wp-content\/uploads\/2019\/01\/SITOS-CREMA-1.jpg",500,500,false],"2048x2048":["https:\/\/lapasion.es\/wp-content\/uploads\/2019\/01\/SITOS-CREMA-1.jpg",500,500,false],"gur_featured_image":["https:\/\/lapasion.es\/wp-content\/uploads\/2019\/01\/SITOS-CREMA-1.jpg",500,500,false],"gur_blog_thumbnail":["https:\/\/lapasion.es\/wp-content\/uploads\/2019\/01\/SITOS-CREMA-1.jpg",500,500,false],"woocommerce_thumbnail":["https:\/\/lapasion.es\/wp-content\/uploads\/2019\/01\/SITOS-CREMA-1.jpg",500,500,false],"woocommerce_single":["https:\/\/lapasion.es\/wp-content\/uploads\/2019\/01\/SITOS-CREMA-1.jpg",500,500,false],"woocommerce_gallery_thumbnail":["https:\/\/lapasion.es\/wp-content\/uploads\/2019\/01\/SITOS-CREMA-1-100x100.jpg",100,100,true]},"uagb_author_info":{"display_name":"incaelum","author_link":"https:\/\/lapasion.es\/fr\/author\/"},"uagb_comment_info":0,"uagb_excerpt":"QUALIT\u00c9 SUPR\u00caME | Produit p\u00e2tissier r\u00e9pondant \u00e0 l'appellation SITOS FOURR\u00c9S A LA CREME. Il s'agit d'un g\u00e2teau fabriqu\u00e9 \u00e0 partir de p\u00e2te trait\u00e9e avec de la farine de bl\u00e9 et des huiles v\u00e9g\u00e9tales, cuite au four et fourr\u00e9s \u00e0 la cr\u00e8me. MOMENT PARFAIT | Id\u00e9al pour les desserts, snack et petit dejeuner. PR\u00c9SENTATION | 200\u2026","_links":{"self":[{"href":"https:\/\/lapasion.es\/fr\/wp-json\/wp\/v2\/product\/14018","targetHints":{"allow":["GET"]}}],"collection":[{"href":"https:\/\/lapasion.es\/fr\/wp-json\/wp\/v2\/product"}],"about":[{"href":"https:\/\/lapasion.es\/fr\/wp-json\/wp\/v2\/types\/product"}],"wp:featuredmedia":[{"embeddable":true,"href":"https:\/\/lapasion.es\/fr\/wp-json\/wp\/v2\/media\/11176"}],"wp:attachment":[{"href":"https:\/\/lapasion.es\/fr\/wp-json\/wp\/v2\/media?parent=14018"}],"wp:term":[{"taxonomy":"product_brand","embeddable":true,"href":"https:\/\/lapasion.es\/fr\/wp-json\/wp\/v2\/product_brand?post=14018"},{"taxonomy":"product_cat","embeddable":true,"href":"https:\/\/lapasion.es\/fr\/wp-json\/wp\/v2\/product_cat?post=14018"},{"taxonomy":"product_tag","embeddable":true,"href":"https:\/\/lapasion.es\/fr\/wp-json\/wp\/v2\/product_tag?post=14018"}],"curies":[{"name":"wp","href":"https:\/\/api.w.org\/{rel}","templated":true}]}}