{"id":14015,"date":"2018-09-26T08:55:39","date_gmt":"2018-09-26T08:55:39","guid":{"rendered":"https:\/\/lapasion.es\/producto\/pasioncico-4-tipos-con-edulcorante-calidad-suprema-copia\/"},"modified":"2023-10-24T19:16:41","modified_gmt":"2023-10-24T17:16:41","slug":"pasioncico-4-tipos-con-edulcorante-calidad-suprema-copia","status":"publish","type":"product","link":"https:\/\/lapasion.es\/fr\/produit\/pasioncico-4-tipos-con-edulcorante-calidad-suprema-copia\/","title":{"rendered":"Porciones de Turr\u00f3n Surtidas | Sin Az\u00facares A\u00f1adidos | Calidad Suprema"},"content":{"rendered":"","protected":false},"excerpt":{"rendered":"<p><strong>CALIDAD SUPREMA<\/strong> | Surtido de turrones Sin Az\u00facares A\u00f1adidos variados de m\u00e1xima calidad envueltos individualmente. Hechos con edulcorante Maltitol. Ideales para consumir y regalar en Navidad.<\/p>\n<p><strong>CONTENIDO<\/strong> | Turr\u00f3n Blando, Turr\u00f3n Duro, Turr\u00f3n de Chocolate con Almendras, Turr\u00f3n de Chocolate Crujiente. ( Sin az\u00facares a\u00f1adidos)<\/p>\n<p><strong>DULCES NAVIDE\u00d1OS<\/strong> | El turr\u00f3n es el dulce m\u00e1s t\u00edpico en Navidad, y no puede faltar en nuestras mesas en unas fechas tan especiales.<\/p>\n<p><strong>PRODUCIDOS EN ESPA\u00d1<\/strong>A | Estos productos han sido producidos en Espa\u00f1a.<\/p>\n<p><strong>FECHA DE CONSUMO PREFERENTE<\/strong> y condiciones de <strong>CONSERVACI\u00d3N<\/strong> | 24 meses desde su fabricaci\u00f3n. Almacenar bien cerrado en lugar fresco, seco y alejado de los rayos directos del sol y otras fuentes de calor. Temperatura ideal de conservaci\u00f3n 15oC \u2013 20oC.<\/p>\n","protected":false},"featured_media":21977,"template":"","meta":{"_acf_changed":false,"_uag_custom_page_level_css":"","_genesis_hide_title":false,"_genesis_hide_breadcrumbs":false,"_genesis_hide_singular_image":false,"_genesis_hide_footer_widgets":false,"_genesis_custom_body_class":"","_genesis_custom_post_class":"","_genesis_layout":""},"product_brand":[],"product_cat":[1728,1671,1745,1730,1677],"product_tag":[1688],"class_list":{"0":"post-14015","1":"product","2":"type-product","3":"status-publish","4":"has-post-thumbnail","6":"product_cat-boutique-en-ligne","7":"product_cat-chocolat-gourmet","8":"product_cat-confiseries-de-noel-emballees-fr","9":"product_cat-distributeurs","10":"product_cat-nougat-fr","11":"product_tag-patisseries-sans-sucre","12":"entry","14":"first","15":"instock","16":"shipping-taxable","17":"purchasable","18":"product-type-variable"},"acf":[],"df_price":36.15,"df_sale_price":"","df_regular_price":36.15,"df_image_link":"https:\/\/lapasion.es\/wp-content\/uploads\/2018\/09\/Surtido-de-turron-4-tipos-sin-azucares-anadidos-300x300.jpg","uagb_featured_image_src":{"full":["https:\/\/lapasion.es\/wp-content\/uploads\/2018\/09\/Surtido-de-turron-4-tipos-sin-azucares-anadidos.jpg",500,500,false],"thumbnail":["https:\/\/lapasion.es\/wp-content\/uploads\/2018\/09\/Surtido-de-turron-4-tipos-sin-azucares-anadidos-150x150.jpg",150,150,true],"medium":["https:\/\/lapasion.es\/wp-content\/uploads\/2018\/09\/Surtido-de-turron-4-tipos-sin-azucares-anadidos-300x300.jpg",300,300,true],"medium_large":["https:\/\/lapasion.es\/wp-content\/uploads\/2018\/09\/Surtido-de-turron-4-tipos-sin-azucares-anadidos.jpg",500,500,false],"large":["https:\/\/lapasion.es\/wp-content\/uploads\/2018\/09\/Surtido-de-turron-4-tipos-sin-azucares-anadidos.jpg",500,500,false],"1536x1536":["https:\/\/lapasion.es\/wp-content\/uploads\/2018\/09\/Surtido-de-turron-4-tipos-sin-azucares-anadidos.jpg",500,500,false],"2048x2048":["https:\/\/lapasion.es\/wp-content\/uploads\/2018\/09\/Surtido-de-turron-4-tipos-sin-azucares-anadidos.jpg",500,500,false],"gur_featured_image":["https:\/\/lapasion.es\/wp-content\/uploads\/2018\/09\/Surtido-de-turron-4-tipos-sin-azucares-anadidos.jpg",500,500,false],"gur_blog_thumbnail":["https:\/\/lapasion.es\/wp-content\/uploads\/2018\/09\/Surtido-de-turron-4-tipos-sin-azucares-anadidos.jpg",500,500,false],"woocommerce_thumbnail":["https:\/\/lapasion.es\/wp-content\/uploads\/2018\/09\/Surtido-de-turron-4-tipos-sin-azucares-anadidos.jpg",500,500,false],"woocommerce_single":["https:\/\/lapasion.es\/wp-content\/uploads\/2018\/09\/Surtido-de-turron-4-tipos-sin-azucares-anadidos.jpg",500,500,false],"woocommerce_gallery_thumbnail":["https:\/\/lapasion.es\/wp-content\/uploads\/2018\/09\/Surtido-de-turron-4-tipos-sin-azucares-anadidos-100x100.jpg",100,100,true]},"uagb_author_info":{"display_name":"incaelum","author_link":"https:\/\/lapasion.es\/fr\/author\/"},"uagb_comment_info":0,"uagb_excerpt":"CALIDAD SUPREMA | Surtido de turrones Sin Az\u00facares A\u00f1adidos variados de m\u00e1xima calidad envueltos individualmente. Hechos con edulcorante Maltitol. Ideales para consumir y regalar en Navidad. CONTENIDO | Turr\u00f3n Blando, Turr\u00f3n Duro, Turr\u00f3n de Chocolate con Almendras, Turr\u00f3n de Chocolate Crujiente. ( Sin az\u00facares a\u00f1adidos) DULCES NAVIDE\u00d1OS | El turr\u00f3n es el dulce m\u00e1s t\u00edpico\u2026","_links":{"self":[{"href":"https:\/\/lapasion.es\/fr\/wp-json\/wp\/v2\/product\/14015","targetHints":{"allow":["GET"]}}],"collection":[{"href":"https:\/\/lapasion.es\/fr\/wp-json\/wp\/v2\/product"}],"about":[{"href":"https:\/\/lapasion.es\/fr\/wp-json\/wp\/v2\/types\/product"}],"wp:featuredmedia":[{"embeddable":true,"href":"https:\/\/lapasion.es\/fr\/wp-json\/wp\/v2\/media\/21977"}],"wp:attachment":[{"href":"https:\/\/lapasion.es\/fr\/wp-json\/wp\/v2\/media?parent=14015"}],"wp:term":[{"taxonomy":"product_brand","embeddable":true,"href":"https:\/\/lapasion.es\/fr\/wp-json\/wp\/v2\/product_brand?post=14015"},{"taxonomy":"product_cat","embeddable":true,"href":"https:\/\/lapasion.es\/fr\/wp-json\/wp\/v2\/product_cat?post=14015"},{"taxonomy":"product_tag","embeddable":true,"href":"https:\/\/lapasion.es\/fr\/wp-json\/wp\/v2\/product_tag?post=14015"}],"curies":[{"name":"wp","href":"https:\/\/api.w.org\/{rel}","templated":true}]}}