{"id":14014,"date":"2017-09-13T10:26:52","date_gmt":"2017-09-13T08:26:52","guid":{"rendered":"https:\/\/lapasion.es\/producto\/pasioncico-duro-con-edulcorante\/"},"modified":"2023-10-25T18:49:00","modified_gmt":"2023-10-25T16:49:00","slug":"pasioncico-duro-con-edulcorante","status":"publish","type":"product","link":"https:\/\/lapasion.es\/fr\/produit\/pasioncico-duro-con-edulcorante\/","title":{"rendered":"Porciones de Turr\u00f3n Duro Calidad Suprema Sin Az\u00facares A\u00f1adidos"},"content":{"rendered":"<p><strong>Almendras<\/strong> (60%), edulcorante: jarabe de maltitol, oblea (f\u00e9cula de patata y aceite de girasol) y clara de <strong>huevo<\/strong><\/p>\n","protected":false},"excerpt":{"rendered":"<p><strong>TURR\u00d3N DURO SUPREMA SIN AZ\u00daCARES A\u00d1ADIDOS<\/strong> | El producto se obtiene por cocci\u00f3n del edulcorante (jarabe de maltitol), posteriormente se mezcla con almendras tostadas. Sabor dulce, olor y textura t\u00edpicos del turr\u00f3n duro, envueltas individualmente para asegurar su conservaci\u00f3n durante mucho m\u00e1s tiempo.<\/p>\n<p><strong>DULCES NAVIDE\u00d1OS<\/strong> | El turr\u00f3n es el dulce m\u00e1s t\u00edpico en Navidad, y no puede faltar en nuestras mesas en unas fechas tan especiales.<\/p>\n<p><strong>CONTENIDO<\/strong> | Bolsa de 1 kg o cajas de 2.5 Kg<\/p>\n<p><strong>PRODUCIDOS EN ESPA\u00d1A<\/strong> | Estos dulces han sido producidos en Espa\u00f1a.<\/p>\n<p><strong>FECHA DE CONSUMO PREFERENTE<\/strong> y condiciones de <strong>CONSERVACI\u00d3N<\/strong>, 24 meses desde su fabricaci\u00f3n. \u00a0Almacenar bien cerrado en lugar fresco, seco y alejado de los rayos directos del sol y otras fuentes de calor.<\/p>\n","protected":false},"featured_media":22033,"template":"","meta":{"_acf_changed":false,"_uag_custom_page_level_css":"","_genesis_hide_title":false,"_genesis_hide_breadcrumbs":false,"_genesis_hide_singular_image":false,"_genesis_hide_footer_widgets":false,"_genesis_custom_body_class":"","_genesis_custom_post_class":"","_genesis_layout":""},"product_brand":[],"product_cat":[1728,1671,1745,1730,1677],"product_tag":[1688],"class_list":{"0":"post-14014","1":"product","2":"type-product","3":"status-publish","4":"has-post-thumbnail","6":"product_cat-boutique-en-ligne","7":"product_cat-chocolat-gourmet","8":"product_cat-confiseries-de-noel-emballees-fr","9":"product_cat-distributeurs","10":"product_cat-nougat-fr","11":"product_tag-patisseries-sans-sucre","12":"entry","14":"first","15":"instock","16":"shipping-taxable","17":"purchasable","18":"product-type-variable"},"acf":[],"df_price":33.97,"df_sale_price":"","df_regular_price":33.97,"df_image_link":"https:\/\/lapasion.es\/wp-content\/uploads\/2017\/09\/Diseno-sin-titulo193-300x300.jpg","uagb_featured_image_src":{"full":["https:\/\/lapasion.es\/wp-content\/uploads\/2017\/09\/Diseno-sin-titulo193.jpg",500,500,false],"thumbnail":["https:\/\/lapasion.es\/wp-content\/uploads\/2017\/09\/Diseno-sin-titulo193-150x150.jpg",150,150,true],"medium":["https:\/\/lapasion.es\/wp-content\/uploads\/2017\/09\/Diseno-sin-titulo193-300x300.jpg",300,300,true],"medium_large":["https:\/\/lapasion.es\/wp-content\/uploads\/2017\/09\/Diseno-sin-titulo193.jpg",500,500,false],"large":["https:\/\/lapasion.es\/wp-content\/uploads\/2017\/09\/Diseno-sin-titulo193.jpg",500,500,false],"1536x1536":["https:\/\/lapasion.es\/wp-content\/uploads\/2017\/09\/Diseno-sin-titulo193.jpg",500,500,false],"2048x2048":["https:\/\/lapasion.es\/wp-content\/uploads\/2017\/09\/Diseno-sin-titulo193.jpg",500,500,false],"gur_featured_image":["https:\/\/lapasion.es\/wp-content\/uploads\/2017\/09\/Diseno-sin-titulo193.jpg",500,500,false],"gur_blog_thumbnail":["https:\/\/lapasion.es\/wp-content\/uploads\/2017\/09\/Diseno-sin-titulo193.jpg",500,500,false],"woocommerce_thumbnail":["https:\/\/lapasion.es\/wp-content\/uploads\/2017\/09\/Diseno-sin-titulo193.jpg",500,500,false],"woocommerce_single":["https:\/\/lapasion.es\/wp-content\/uploads\/2017\/09\/Diseno-sin-titulo193.jpg",500,500,false],"woocommerce_gallery_thumbnail":["https:\/\/lapasion.es\/wp-content\/uploads\/2017\/09\/Diseno-sin-titulo193-100x100.jpg",100,100,true]},"uagb_author_info":{"display_name":"incaelum","author_link":"https:\/\/lapasion.es\/fr\/author\/"},"uagb_comment_info":0,"uagb_excerpt":"TURR\u00d3N DURO SUPREMA SIN AZ\u00daCARES A\u00d1ADIDOS | El producto se obtiene por cocci\u00f3n del edulcorante (jarabe de maltitol), posteriormente se mezcla con almendras tostadas. Sabor dulce, olor y textura t\u00edpicos del turr\u00f3n duro, envueltas individualmente para asegurar su conservaci\u00f3n durante mucho m\u00e1s tiempo. DULCES NAVIDE\u00d1OS | El turr\u00f3n es el dulce m\u00e1s t\u00edpico en Navidad,\u2026","_links":{"self":[{"href":"https:\/\/lapasion.es\/fr\/wp-json\/wp\/v2\/product\/14014","targetHints":{"allow":["GET"]}}],"collection":[{"href":"https:\/\/lapasion.es\/fr\/wp-json\/wp\/v2\/product"}],"about":[{"href":"https:\/\/lapasion.es\/fr\/wp-json\/wp\/v2\/types\/product"}],"wp:featuredmedia":[{"embeddable":true,"href":"https:\/\/lapasion.es\/fr\/wp-json\/wp\/v2\/media\/22033"}],"wp:attachment":[{"href":"https:\/\/lapasion.es\/fr\/wp-json\/wp\/v2\/media?parent=14014"}],"wp:term":[{"taxonomy":"product_brand","embeddable":true,"href":"https:\/\/lapasion.es\/fr\/wp-json\/wp\/v2\/product_brand?post=14014"},{"taxonomy":"product_cat","embeddable":true,"href":"https:\/\/lapasion.es\/fr\/wp-json\/wp\/v2\/product_cat?post=14014"},{"taxonomy":"product_tag","embeddable":true,"href":"https:\/\/lapasion.es\/fr\/wp-json\/wp\/v2\/product_tag?post=14014"}],"curies":[{"name":"wp","href":"https:\/\/api.w.org\/{rel}","templated":true}]}}