{"id":14013,"date":"2017-09-13T10:25:49","date_gmt":"2017-09-13T10:25:49","guid":{"rendered":"https:\/\/lapasion.es\/producto\/pasioncico-fruta\/"},"modified":"2023-10-24T19:18:12","modified_gmt":"2023-10-24T17:18:12","slug":"pasioncico-fruta","status":"publish","type":"product","link":"https:\/\/lapasion.es\/fr\/produit\/pasioncico-fruta\/","title":{"rendered":"Porciones de Turr\u00f3n de Mazap\u00e1n y Fruta | Calidad Suprema"},"content":{"rendered":"<p>Mazap\u00e1n (77%): (<strong>Almendras<\/strong> (45%), az\u00facar, jarabe de glucosa y fructosa, conservantes invertasa (E-1103, E-200 y E-202)). Relleno de fruta confitada (23%): (calabazate, az\u00facar, jarabe de glucosa y fructosa, acidulante (E-330), conservadores (E-202 y E-223) y colorantes E-100, E-120 y E-133)).<\/p>\n","protected":false},"excerpt":{"rendered":"<p><strong>TURR\u00d3N DE MAZAP\u00c1N Y FRUTA SUPREMA<\/strong> | El producto se obtiene por cocci\u00f3n de una mezcla de az\u00facar y jarabe de glucosa, y posterior a\u00f1adido de almendra molida y cubitos de calabaza. Sabor dulce t\u00edpico, olor y textura t\u00edpicos del turr\u00f3n de fruta. \u00a0Envueltas individualmente para asegurar su conservaci\u00f3n durante mucho m\u00e1s tiempo.<\/p>\n<p><strong>DULCES NAVIDE\u00d1OS<\/strong> | El turr\u00f3n es el dulce m\u00e1s t\u00edpico en Navidad, y no puede faltar en nuestras mesas en unas fechas tan especiales.<\/p>\n<p><strong>PRESENTACI\u00d3N<\/strong> | Bolsa de 1 kg o caja de 2.5 Kg<\/p>\n<p><strong>PRODUCIDOS EN ESPA\u00d1A<\/strong> | Estos dulces han sido producidos en Espa\u00f1a.<\/p>\n<p><strong>FECHA DE CONSUMO PREFERENTE<\/strong> y condiciones de <strong>CONSERVACI\u00d3N<\/strong> | 24 meses desde su fabricaci\u00f3n.\u00a0 Almacenar bien cerrado en lugar fresco, seco y alejado de los rayos directos del sol y otras fuentes de calor.<\/p>\n","protected":false},"featured_media":22046,"template":"","meta":{"_acf_changed":false,"_uag_custom_page_level_css":"","_genesis_hide_title":false,"_genesis_hide_breadcrumbs":false,"_genesis_hide_singular_image":false,"_genesis_hide_footer_widgets":false,"_genesis_custom_body_class":"","_genesis_custom_post_class":"","_genesis_layout":""},"product_brand":[],"product_cat":[1728,1671,1745,1730,1677],"product_tag":[],"class_list":{"0":"post-14013","1":"product","2":"type-product","3":"status-publish","4":"has-post-thumbnail","6":"product_cat-boutique-en-ligne","7":"product_cat-chocolat-gourmet","8":"product_cat-confiseries-de-noel-emballees-fr","9":"product_cat-distributeurs","10":"product_cat-nougat-fr","11":"entry","13":"first","14":"outofstock","15":"shipping-taxable","16":"purchasable","17":"product-type-variable"},"acf":[],"df_price":29.35,"df_sale_price":"","df_regular_price":29.35,"df_image_link":"https:\/\/lapasion.es\/wp-content\/uploads\/2017\/09\/Caja-pasioncicos-mazapan-fruta-300x300.jpg","uagb_featured_image_src":{"full":["https:\/\/lapasion.es\/wp-content\/uploads\/2017\/09\/Caja-pasioncicos-mazapan-fruta.jpg",500,500,false],"thumbnail":["https:\/\/lapasion.es\/wp-content\/uploads\/2017\/09\/Caja-pasioncicos-mazapan-fruta-150x150.jpg",150,150,true],"medium":["https:\/\/lapasion.es\/wp-content\/uploads\/2017\/09\/Caja-pasioncicos-mazapan-fruta-300x300.jpg",300,300,true],"medium_large":["https:\/\/lapasion.es\/wp-content\/uploads\/2017\/09\/Caja-pasioncicos-mazapan-fruta.jpg",500,500,false],"large":["https:\/\/lapasion.es\/wp-content\/uploads\/2017\/09\/Caja-pasioncicos-mazapan-fruta.jpg",500,500,false],"1536x1536":["https:\/\/lapasion.es\/wp-content\/uploads\/2017\/09\/Caja-pasioncicos-mazapan-fruta.jpg",500,500,false],"2048x2048":["https:\/\/lapasion.es\/wp-content\/uploads\/2017\/09\/Caja-pasioncicos-mazapan-fruta.jpg",500,500,false],"gur_featured_image":["https:\/\/lapasion.es\/wp-content\/uploads\/2017\/09\/Caja-pasioncicos-mazapan-fruta.jpg",500,500,false],"gur_blog_thumbnail":["https:\/\/lapasion.es\/wp-content\/uploads\/2017\/09\/Caja-pasioncicos-mazapan-fruta.jpg",500,500,false],"woocommerce_thumbnail":["https:\/\/lapasion.es\/wp-content\/uploads\/2017\/09\/Caja-pasioncicos-mazapan-fruta.jpg",500,500,false],"woocommerce_single":["https:\/\/lapasion.es\/wp-content\/uploads\/2017\/09\/Caja-pasioncicos-mazapan-fruta.jpg",500,500,false],"woocommerce_gallery_thumbnail":["https:\/\/lapasion.es\/wp-content\/uploads\/2017\/09\/Caja-pasioncicos-mazapan-fruta-100x100.jpg",100,100,true]},"uagb_author_info":{"display_name":"incaelum","author_link":"https:\/\/lapasion.es\/fr\/author\/"},"uagb_comment_info":0,"uagb_excerpt":"TURR\u00d3N DE MAZAP\u00c1N Y FRUTA SUPREMA | El producto se obtiene por cocci\u00f3n de una mezcla de az\u00facar y jarabe de glucosa, y posterior a\u00f1adido de almendra molida y cubitos de calabaza. Sabor dulce t\u00edpico, olor y textura t\u00edpicos del turr\u00f3n de fruta. \u00a0Envueltas individualmente para asegurar su conservaci\u00f3n durante mucho m\u00e1s tiempo. DULCES NAVIDE\u00d1OS\u2026","_links":{"self":[{"href":"https:\/\/lapasion.es\/fr\/wp-json\/wp\/v2\/product\/14013","targetHints":{"allow":["GET"]}}],"collection":[{"href":"https:\/\/lapasion.es\/fr\/wp-json\/wp\/v2\/product"}],"about":[{"href":"https:\/\/lapasion.es\/fr\/wp-json\/wp\/v2\/types\/product"}],"wp:featuredmedia":[{"embeddable":true,"href":"https:\/\/lapasion.es\/fr\/wp-json\/wp\/v2\/media\/22046"}],"wp:attachment":[{"href":"https:\/\/lapasion.es\/fr\/wp-json\/wp\/v2\/media?parent=14013"}],"wp:term":[{"taxonomy":"product_brand","embeddable":true,"href":"https:\/\/lapasion.es\/fr\/wp-json\/wp\/v2\/product_brand?post=14013"},{"taxonomy":"product_cat","embeddable":true,"href":"https:\/\/lapasion.es\/fr\/wp-json\/wp\/v2\/product_cat?post=14013"},{"taxonomy":"product_tag","embeddable":true,"href":"https:\/\/lapasion.es\/fr\/wp-json\/wp\/v2\/product_tag?post=14013"}],"curies":[{"name":"wp","href":"https:\/\/api.w.org\/{rel}","templated":true}]}}