{"id":14012,"date":"2017-09-13T10:26:49","date_gmt":"2017-09-13T08:26:49","guid":{"rendered":"https:\/\/lapasion.es\/producto\/pasioncico-choco-crujiente-con-educorante\/"},"modified":"2023-10-25T18:50:47","modified_gmt":"2023-10-25T16:50:47","slug":"pasioncico-choco-crujiente-con-educorante","status":"publish","type":"product","link":"https:\/\/lapasion.es\/fr\/produit\/pasioncico-choco-crujiente-con-educorante\/","title":{"rendered":"Porciones de Turr\u00f3n de  Chocolate Crujiente Sin Az\u00facares A\u00f1adidos"},"content":{"rendered":"<p class=\"default\" style=\"margin-left: 14.2pt; text-align: justify;\"><span style=\"font-size: 11.0pt; font-family: 'Calibri',sans-serif;\">Edulcorante: maltitol, <strong>leche<\/strong> en polvo: 17,6%, manteca de cacao, pasta de cacao, preparado a base de cereales extrusionados (harina de arroz, harina de ma\u00edz, az\u00facar y sal): 7%, <strong>avellana<\/strong>, emulgente: lecitina de <strong>soja<\/strong>, edulcorante: acesulfame k, aroma. Cacao: 29% m\u00ednimo. Contiene az\u00facares naturalmente presentes.<\/span><\/p>\n","protected":false},"excerpt":{"rendered":"<p><b><span style=\"font-size: 11.0pt; font-family: 'Calibri',sans-serif;\">TURR\u00d3N DE CHOCOLATE CRUJIENTE SUPREMA SIN AZ\u00daCARES A\u00d1ADIDOS<\/span><\/b><span style=\"font-size: 11.0pt; font-family: 'Calibri',sans-serif;\"> | Producido con cobertura de chocolate con leche sin az\u00facares a\u00f1adidos, adici\u00f3n de pasta de avellana y cereales crujientes, atemperado y moldeado,<\/span> <span style=\"font-size: 11.0pt; font-family: 'Calibri',sans-serif;\">envueltas individualmente para asegurar su conservaci\u00f3n durante mucho m\u00e1s tiempo. <\/span><\/p>\n<p class=\"default\" style=\"text-align: justify;\"><b><span style=\"font-size: 11.0pt; font-family: 'Calibri',sans-serif;\">DULCES NAVIDE\u00d1OS<\/span><\/b><span style=\"font-size: 11.0pt; font-family: 'Calibri',sans-serif;\"> | El turr\u00f3n es el dulce m\u00e1s t\u00edpico en Navidad, y no puede faltar en nuestras mesas en unas fechas tan especiales.<\/span><\/p>\n<p class=\"default\" style=\"text-align: justify;\"><b><span style=\"font-size: 11.0pt; font-family: 'Calibri',sans-serif;\">PRESENTACI\u00d3N <\/span><\/b><span style=\"font-size: 11.0pt; font-family: 'Calibri',sans-serif;\">| Bolsa de\u00a0 1 kg o caja de 2.5 Kg <\/span><\/p>\n<p class=\"default\" style=\"text-align: justify;\"><b><span style=\"font-size: 11.0pt; font-family: 'Calibri',sans-serif;\">PRODUCIDOS EN ESPA\u00d1A<\/span><\/b><span style=\"font-size: 11.0pt; font-family: 'Calibri',sans-serif;\"> | Estos dulces han sido producidos en Espa\u00f1a.\u00a0<\/span><\/p>\n<p class=\"default\" style=\"text-align: justify;\"><b><span style=\"font-size: 11.0pt; font-family: 'Calibri',sans-serif;\">FECHA DE CONSUMO PREFERENTE<\/span><\/b><span style=\"font-size: 11.0pt; font-family: 'Calibri',sans-serif;\"> y condiciones de <b>CONSERVACI\u00d3N<\/b>, 12 mesesdesde su fabricaci\u00f3n. \u00a0Almacenar bien cerrado en lugar fresco, seco y alejado de los rayos directos del sol y otras fuentes de calor.<\/span><\/p>\n","protected":false},"featured_media":22055,"template":"","meta":{"_acf_changed":false,"_uag_custom_page_level_css":"","_genesis_hide_title":false,"_genesis_hide_breadcrumbs":false,"_genesis_hide_singular_image":false,"_genesis_hide_footer_widgets":false,"_genesis_custom_body_class":"","_genesis_custom_post_class":"","_genesis_layout":""},"product_brand":[],"product_cat":[1745,1730],"product_tag":[1688],"class_list":{"0":"post-14012","1":"product","2":"type-product","3":"status-publish","4":"has-post-thumbnail","6":"product_cat-confiseries-de-noel-emballees-fr","7":"product_cat-distributeurs","8":"product_tag-patisseries-sans-sucre","9":"entry","11":"first","12":"instock","13":"shipping-taxable","14":"purchasable","15":"product-type-variable"},"acf":[],"df_price":46.27,"df_sale_price":"","df_regular_price":46.27,"df_image_link":"https:\/\/lapasion.es\/wp-content\/uploads\/2017\/09\/Caja-pasioncicos-choco-crujiente-sin-azucares-anadidos-300x300.jpg","uagb_featured_image_src":{"full":["https:\/\/lapasion.es\/wp-content\/uploads\/2017\/09\/Caja-pasioncicos-choco-crujiente-sin-azucares-anadidos.jpg",500,500,false],"thumbnail":["https:\/\/lapasion.es\/wp-content\/uploads\/2017\/09\/Caja-pasioncicos-choco-crujiente-sin-azucares-anadidos-150x150.jpg",150,150,true],"medium":["https:\/\/lapasion.es\/wp-content\/uploads\/2017\/09\/Caja-pasioncicos-choco-crujiente-sin-azucares-anadidos-300x300.jpg",300,300,true],"medium_large":["https:\/\/lapasion.es\/wp-content\/uploads\/2017\/09\/Caja-pasioncicos-choco-crujiente-sin-azucares-anadidos.jpg",500,500,false],"large":["https:\/\/lapasion.es\/wp-content\/uploads\/2017\/09\/Caja-pasioncicos-choco-crujiente-sin-azucares-anadidos.jpg",500,500,false],"1536x1536":["https:\/\/lapasion.es\/wp-content\/uploads\/2017\/09\/Caja-pasioncicos-choco-crujiente-sin-azucares-anadidos.jpg",500,500,false],"2048x2048":["https:\/\/lapasion.es\/wp-content\/uploads\/2017\/09\/Caja-pasioncicos-choco-crujiente-sin-azucares-anadidos.jpg",500,500,false],"gur_featured_image":["https:\/\/lapasion.es\/wp-content\/uploads\/2017\/09\/Caja-pasioncicos-choco-crujiente-sin-azucares-anadidos.jpg",500,500,false],"gur_blog_thumbnail":["https:\/\/lapasion.es\/wp-content\/uploads\/2017\/09\/Caja-pasioncicos-choco-crujiente-sin-azucares-anadidos.jpg",500,500,false],"woocommerce_thumbnail":["https:\/\/lapasion.es\/wp-content\/uploads\/2017\/09\/Caja-pasioncicos-choco-crujiente-sin-azucares-anadidos.jpg",500,500,false],"woocommerce_single":["https:\/\/lapasion.es\/wp-content\/uploads\/2017\/09\/Caja-pasioncicos-choco-crujiente-sin-azucares-anadidos.jpg",500,500,false],"woocommerce_gallery_thumbnail":["https:\/\/lapasion.es\/wp-content\/uploads\/2017\/09\/Caja-pasioncicos-choco-crujiente-sin-azucares-anadidos-100x100.jpg",100,100,true]},"uagb_author_info":{"display_name":"incaelum","author_link":"https:\/\/lapasion.es\/fr\/author\/"},"uagb_comment_info":0,"uagb_excerpt":"TURR\u00d3N DE CHOCOLATE CRUJIENTE SUPREMA SIN AZ\u00daCARES A\u00d1ADIDOS | Producido con cobertura de chocolate con leche sin az\u00facares a\u00f1adidos, adici\u00f3n de pasta de avellana y cereales crujientes, atemperado y moldeado, envueltas individualmente para asegurar su conservaci\u00f3n durante mucho m\u00e1s tiempo. DULCES NAVIDE\u00d1OS | El turr\u00f3n es el dulce m\u00e1s t\u00edpico en Navidad, y no puede\u2026","_links":{"self":[{"href":"https:\/\/lapasion.es\/fr\/wp-json\/wp\/v2\/product\/14012","targetHints":{"allow":["GET"]}}],"collection":[{"href":"https:\/\/lapasion.es\/fr\/wp-json\/wp\/v2\/product"}],"about":[{"href":"https:\/\/lapasion.es\/fr\/wp-json\/wp\/v2\/types\/product"}],"wp:featuredmedia":[{"embeddable":true,"href":"https:\/\/lapasion.es\/fr\/wp-json\/wp\/v2\/media\/22055"}],"wp:attachment":[{"href":"https:\/\/lapasion.es\/fr\/wp-json\/wp\/v2\/media?parent=14012"}],"wp:term":[{"taxonomy":"product_brand","embeddable":true,"href":"https:\/\/lapasion.es\/fr\/wp-json\/wp\/v2\/product_brand?post=14012"},{"taxonomy":"product_cat","embeddable":true,"href":"https:\/\/lapasion.es\/fr\/wp-json\/wp\/v2\/product_cat?post=14012"},{"taxonomy":"product_tag","embeddable":true,"href":"https:\/\/lapasion.es\/fr\/wp-json\/wp\/v2\/product_tag?post=14012"}],"curies":[{"name":"wp","href":"https:\/\/api.w.org\/{rel}","templated":true}]}}