{"id":14011,"date":"2017-09-13T10:25:45","date_gmt":"2017-09-13T08:25:45","guid":{"rendered":"https:\/\/lapasion.es\/producto\/pasioncico-blando\/"},"modified":"2023-10-24T19:19:03","modified_gmt":"2023-10-24T17:19:03","slug":"pasioncico-blando","status":"publish","type":"product","link":"https:\/\/lapasion.es\/fr\/produit\/pasioncico-blando\/","title":{"rendered":"Porciones de Turr\u00f3n Blando | Calidad Suprema"},"content":{"rendered":"<p><strong>ALMENDRAS <\/strong>(64%), az\u00facar, jarabe de glucosa y fructosa, miel, estabilizante E-471 y clara<\/p>\n<p>de <strong>HUEVO<\/strong>. <strong>Puede contener trazas de gluten, soja, leche, frutos de c\u00e1scara, cacahuetes, <\/strong><\/p>\n<p class=\"default\" style=\"text-align: justify;\"><strong>s\u00e9samo y sulfitos.<\/strong><\/p>\n","protected":false},"excerpt":{"rendered":"<p class=\"default\" style=\"text-align: justify;\"><b><span style=\"font-size: 11.0pt; font-family: 'Calibri',sans-serif;\">TURR\u00d3N BLANDO DE ALMENDRA SUPREMA<\/span><\/b><span style=\"font-size: 11.0pt; font-family: 'Calibri',sans-serif;\"> \u00a0|<\/span> <span style=\"font-size: 11.0pt; font-family: 'Calibri',sans-serif;\">El producto se obtiene por cocci\u00f3n de una mezcla de az\u00facar, jarabe de glucosa y miel, posteriormente se mezcla con almendras tostadas y se termina cociendo de nuevo toda la mezcla. Sabor dulce t\u00edpico, olor y textura t\u00edpicos del turr\u00f3n blando. Envueltas individualmente para asegurar su conservaci\u00f3n durante mucho m\u00e1s tiempo. <\/span><\/p>\n<p class=\"default\" style=\"text-align: justify;\"><b><span style=\"font-size: 11.0pt; font-family: 'Calibri',sans-serif;\">DULCES NAVIDE\u00d1OS<\/span><\/b><span style=\"font-size: 11.0pt; font-family: 'Calibri',sans-serif;\"> | El turr\u00f3n es el dulce m\u00e1s t\u00edpico en Navidad, y no puede faltar en nuestras mesas en unas fechas tan especiales.<b> <\/b><\/span><\/p>\n<p class=\"default\" style=\"text-align: justify;\"><b><span style=\"font-size: 11.0pt; font-family: 'Calibri',sans-serif;\">PRESENTACI\u00d3N<\/span><\/b><span style=\"font-size: 11.0pt; font-family: 'Calibri',sans-serif;\">| Bolsa de 1 kg o caja de\u00a0 2.5 Kg <\/span><\/p>\n<p class=\"default\" style=\"text-align: justify;\"><b><span style=\"font-size: 11.0pt; font-family: 'Calibri',sans-serif;\">PRODUCIDOS EN ESPA\u00d1A<\/span><\/b><span style=\"font-size: 11.0pt; font-family: 'Calibri',sans-serif;\"> | Estos dulces han sido producidos en Espa\u00f1a.<\/span><\/p>\n<p><b><span style=\"font-size: 11.0pt; font-family: 'Calibri',sans-serif;\">FECHA DE CONSUMO PREFERENTE<\/span><\/b><span style=\"font-size: 11.0pt; font-family: 'Calibri',sans-serif;\"> y condiciones de <b>CONSERVACI\u00d3N<\/b> | 24 meses.\u00a0 Almacenar bien cerrado en lugar fresco, seco y alejado de los rayos directos del sol y otras fuentes de calor.<\/span><\/p>\n","protected":false},"featured_media":22049,"template":"","meta":{"_acf_changed":false,"_uag_custom_page_level_css":"","_genesis_hide_title":false,"_genesis_hide_breadcrumbs":false,"_genesis_hide_singular_image":false,"_genesis_hide_footer_widgets":false,"_genesis_custom_body_class":"","_genesis_custom_post_class":"","_genesis_layout":""},"product_brand":[],"product_cat":[1728,1671,1745,1730,1677],"product_tag":[],"class_list":{"0":"post-14011","1":"product","2":"type-product","3":"status-publish","4":"has-post-thumbnail","6":"product_cat-boutique-en-ligne","7":"product_cat-chocolat-gourmet","8":"product_cat-confiseries-de-noel-emballees-fr","9":"product_cat-distributeurs","10":"product_cat-nougat-fr","11":"entry","13":"first","14":"instock","15":"shipping-taxable","16":"purchasable","17":"product-type-variable"},"acf":[],"df_price":34.47,"df_sale_price":"","df_regular_price":34.47,"df_image_link":"https:\/\/lapasion.es\/wp-content\/uploads\/2017\/09\/Caja-pasioncico-blando-suprema-sin-azucares-anadidos-300x300.jpg","uagb_featured_image_src":{"full":["https:\/\/lapasion.es\/wp-content\/uploads\/2017\/09\/Caja-pasioncico-blando-suprema-sin-azucares-anadidos.jpg",500,500,false],"thumbnail":["https:\/\/lapasion.es\/wp-content\/uploads\/2017\/09\/Caja-pasioncico-blando-suprema-sin-azucares-anadidos-150x150.jpg",150,150,true],"medium":["https:\/\/lapasion.es\/wp-content\/uploads\/2017\/09\/Caja-pasioncico-blando-suprema-sin-azucares-anadidos-300x300.jpg",300,300,true],"medium_large":["https:\/\/lapasion.es\/wp-content\/uploads\/2017\/09\/Caja-pasioncico-blando-suprema-sin-azucares-anadidos.jpg",500,500,false],"large":["https:\/\/lapasion.es\/wp-content\/uploads\/2017\/09\/Caja-pasioncico-blando-suprema-sin-azucares-anadidos.jpg",500,500,false],"1536x1536":["https:\/\/lapasion.es\/wp-content\/uploads\/2017\/09\/Caja-pasioncico-blando-suprema-sin-azucares-anadidos.jpg",500,500,false],"2048x2048":["https:\/\/lapasion.es\/wp-content\/uploads\/2017\/09\/Caja-pasioncico-blando-suprema-sin-azucares-anadidos.jpg",500,500,false],"gur_featured_image":["https:\/\/lapasion.es\/wp-content\/uploads\/2017\/09\/Caja-pasioncico-blando-suprema-sin-azucares-anadidos.jpg",500,500,false],"gur_blog_thumbnail":["https:\/\/lapasion.es\/wp-content\/uploads\/2017\/09\/Caja-pasioncico-blando-suprema-sin-azucares-anadidos.jpg",500,500,false],"woocommerce_thumbnail":["https:\/\/lapasion.es\/wp-content\/uploads\/2017\/09\/Caja-pasioncico-blando-suprema-sin-azucares-anadidos.jpg",500,500,false],"woocommerce_single":["https:\/\/lapasion.es\/wp-content\/uploads\/2017\/09\/Caja-pasioncico-blando-suprema-sin-azucares-anadidos.jpg",500,500,false],"woocommerce_gallery_thumbnail":["https:\/\/lapasion.es\/wp-content\/uploads\/2017\/09\/Caja-pasioncico-blando-suprema-sin-azucares-anadidos-100x100.jpg",100,100,true]},"uagb_author_info":{"display_name":"incaelum","author_link":"https:\/\/lapasion.es\/fr\/author\/"},"uagb_comment_info":0,"uagb_excerpt":"TURR\u00d3N BLANDO DE ALMENDRA SUPREMA \u00a0| El producto se obtiene por cocci\u00f3n de una mezcla de az\u00facar, jarabe de glucosa y miel, posteriormente se mezcla con almendras tostadas y se termina cociendo de nuevo toda la mezcla. Sabor dulce t\u00edpico, olor y textura t\u00edpicos del turr\u00f3n blando. Envueltas individualmente para asegurar su conservaci\u00f3n durante mucho\u2026","_links":{"self":[{"href":"https:\/\/lapasion.es\/fr\/wp-json\/wp\/v2\/product\/14011","targetHints":{"allow":["GET"]}}],"collection":[{"href":"https:\/\/lapasion.es\/fr\/wp-json\/wp\/v2\/product"}],"about":[{"href":"https:\/\/lapasion.es\/fr\/wp-json\/wp\/v2\/types\/product"}],"wp:featuredmedia":[{"embeddable":true,"href":"https:\/\/lapasion.es\/fr\/wp-json\/wp\/v2\/media\/22049"}],"wp:attachment":[{"href":"https:\/\/lapasion.es\/fr\/wp-json\/wp\/v2\/media?parent=14011"}],"wp:term":[{"taxonomy":"product_brand","embeddable":true,"href":"https:\/\/lapasion.es\/fr\/wp-json\/wp\/v2\/product_brand?post=14011"},{"taxonomy":"product_cat","embeddable":true,"href":"https:\/\/lapasion.es\/fr\/wp-json\/wp\/v2\/product_cat?post=14011"},{"taxonomy":"product_tag","embeddable":true,"href":"https:\/\/lapasion.es\/fr\/wp-json\/wp\/v2\/product_tag?post=14011"}],"curies":[{"name":"wp","href":"https:\/\/api.w.org\/{rel}","templated":true}]}}