{"id":14006,"date":"2017-12-07T10:01:33","date_gmt":"2017-12-07T10:01:33","guid":{"rendered":"https:\/\/lapasion.es\/producto\/pepito-env\/"},"modified":"2024-11-15T10:52:36","modified_gmt":"2024-11-15T08:52:36","slug":"pepito-env","status":"publish","type":"product","link":"https:\/\/lapasion.es\/fr\/produit\/pepito-env\/","title":{"rendered":"Pepitos | Gate\u00e2u Moelleux a l&rsquo;Oeuf envelopp\u00e9 | 2 Kg"},"content":{"rendered":"<p>Farine de BL\u00c9, sucre, OEUFS, huile v\u00e9g\u00e9tale de tournesol ou de soja en proportions variables, eau, agents levants (bicarbonate de sodium, diphosphate disodique), sirop [eau, sucre, E330, E202], humectants (sorbitol, dextrose), acidifiant (E330) , conservateurs (E200, E202), ar\u00f4mes (citron et beurre), sel et gomme xanthane. Peut contenir des traces de lait, soja, sulfites, s\u00e9same, fruits \u00e0 coque et moutarde.<\/p>\n","protected":false},"excerpt":{"rendered":"<p><strong>QUALIT\u00c9 SUPR\u00caME<\/strong> | Produit de p\u00e2tisserie qui r\u00e9pond au nom PEPITO AL HUEVO. Il est identifi\u00e9 comme un g\u00e2teau de style maison coup\u00e9 en morceaux avec un support en papier et un ar\u00f4me de citron.<\/p>\n<p><strong>MOMENT PARFAIT<\/strong> | Id\u00e9al pour les desserts, snack et petit dejeuner.<\/p>\n<p><strong>PR\u00c9SENTATION<\/strong> | envelopp\u00e9 | Total 2 kg<\/p>\n<p><strong>PRODUITS EN ESPAGNE<\/strong> | Ces bonbons sont produits en Espagne.<\/p>\n<p><strong>DLU ET CONSERVATION<\/strong> | \u00a0Consommation privil\u00e9gi\u00e9e dans les 7 mois suivant sa fabrication. Conservez-le dans un endroit frais et sec et prot\u00e9gez-le du soleil.<\/p>\n","protected":false},"featured_media":15346,"template":"","meta":{"_acf_changed":false,"_uag_custom_page_level_css":"","_genesis_hide_title":false,"_genesis_hide_breadcrumbs":false,"_genesis_hide_singular_image":false,"_genesis_hide_footer_widgets":false,"_genesis_custom_body_class":"","_genesis_custom_post_class":"","_genesis_layout":""},"product_brand":[],"product_cat":[1734,1728,1730,1665,1664],"product_tag":[],"class_list":{"0":"post-14006","1":"product","2":"type-product","3":"status-publish","4":"has-post-thumbnail","6":"product_cat-produits-de-confiserie-et-de-boulangerie-en-vrac-emballes","7":"product_cat-boutique-en-ligne","8":"product_cat-distributeurs","9":"product_cat-biscuits-fr","10":"product_cat-confiserie-boulangerie","11":"entry","13":"first","14":"instock","15":"shipping-taxable","16":"purchasable","17":"product-type-simple"},"acf":[],"df_price":27.92,"df_sale_price":"","df_regular_price":27.92,"df_image_link":"https:\/\/lapasion.es\/wp-content\/uploads\/2017\/12\/004086-pepitos-2-unid-300x300.jpg","uagb_featured_image_src":{"full":["https:\/\/lapasion.es\/wp-content\/uploads\/2017\/12\/004086-pepitos-2-unid.jpg",500,500,false],"thumbnail":["https:\/\/lapasion.es\/wp-content\/uploads\/2017\/12\/004086-pepitos-2-unid-150x150.jpg",150,150,true],"medium":["https:\/\/lapasion.es\/wp-content\/uploads\/2017\/12\/004086-pepitos-2-unid-300x300.jpg",300,300,true],"medium_large":["https:\/\/lapasion.es\/wp-content\/uploads\/2017\/12\/004086-pepitos-2-unid.jpg",500,500,false],"large":["https:\/\/lapasion.es\/wp-content\/uploads\/2017\/12\/004086-pepitos-2-unid.jpg",500,500,false],"1536x1536":["https:\/\/lapasion.es\/wp-content\/uploads\/2017\/12\/004086-pepitos-2-unid.jpg",500,500,false],"2048x2048":["https:\/\/lapasion.es\/wp-content\/uploads\/2017\/12\/004086-pepitos-2-unid.jpg",500,500,false],"gur_featured_image":["https:\/\/lapasion.es\/wp-content\/uploads\/2017\/12\/004086-pepitos-2-unid.jpg",500,500,false],"gur_blog_thumbnail":["https:\/\/lapasion.es\/wp-content\/uploads\/2017\/12\/004086-pepitos-2-unid-240x240.jpg",240,240,true],"woocommerce_thumbnail":["https:\/\/lapasion.es\/wp-content\/uploads\/2017\/12\/004086-pepitos-2-unid.jpg",500,500,false],"woocommerce_single":["https:\/\/lapasion.es\/wp-content\/uploads\/2017\/12\/004086-pepitos-2-unid.jpg",500,500,false],"woocommerce_gallery_thumbnail":["https:\/\/lapasion.es\/wp-content\/uploads\/2017\/12\/004086-pepitos-2-unid-100x100.jpg",100,100,true]},"uagb_author_info":{"display_name":"incaelum","author_link":"https:\/\/lapasion.es\/fr\/author\/"},"uagb_comment_info":0,"uagb_excerpt":"QUALIT\u00c9 SUPR\u00caME | Produit de p\u00e2tisserie qui r\u00e9pond au nom PEPITO AL HUEVO. Il est identifi\u00e9 comme un g\u00e2teau de style maison coup\u00e9 en morceaux avec un support en papier et un ar\u00f4me de citron. MOMENT PARFAIT | Id\u00e9al pour les desserts, snack et petit dejeuner. PR\u00c9SENTATION | envelopp\u00e9 | Total 2 kg PRODUITS EN\u2026","_links":{"self":[{"href":"https:\/\/lapasion.es\/fr\/wp-json\/wp\/v2\/product\/14006","targetHints":{"allow":["GET"]}}],"collection":[{"href":"https:\/\/lapasion.es\/fr\/wp-json\/wp\/v2\/product"}],"about":[{"href":"https:\/\/lapasion.es\/fr\/wp-json\/wp\/v2\/types\/product"}],"wp:featuredmedia":[{"embeddable":true,"href":"https:\/\/lapasion.es\/fr\/wp-json\/wp\/v2\/media\/15346"}],"wp:attachment":[{"href":"https:\/\/lapasion.es\/fr\/wp-json\/wp\/v2\/media?parent=14006"}],"wp:term":[{"taxonomy":"product_brand","embeddable":true,"href":"https:\/\/lapasion.es\/fr\/wp-json\/wp\/v2\/product_brand?post=14006"},{"taxonomy":"product_cat","embeddable":true,"href":"https:\/\/lapasion.es\/fr\/wp-json\/wp\/v2\/product_cat?post=14006"},{"taxonomy":"product_tag","embeddable":true,"href":"https:\/\/lapasion.es\/fr\/wp-json\/wp\/v2\/product_tag?post=14006"}],"curies":[{"name":"wp","href":"https:\/\/api.w.org\/{rel}","templated":true}]}}