{"id":14005,"date":"2017-09-13T10:23:03","date_gmt":"2017-09-13T08:23:03","guid":{"rendered":"https:\/\/lapasion.es\/producto\/pepi-marmol\/"},"modified":"2024-09-03T09:06:38","modified_gmt":"2024-09-03T07:06:38","slug":"pepi-marmol","status":"publish","type":"product","link":"https:\/\/lapasion.es\/fr\/produit\/pepi-marmol\/","title":{"rendered":"PEPI M\u00c1RMOL | Bizcocho Marmolado | 190g x12 paquetes"},"content":{"rendered":"<p>Farine de <strong>BL\u00c9<\/strong>, <strong>\u0152UF<\/strong> pasteuris\u00e9, sucre, huiles de tournesol et de <strong>SOJA<\/strong> en proportions variables, sucre inverti, poudre de cacao semi-d\u00e9graiss\u00e9, agents levants (carbonate acide de sodium et diphosphate disodique), prot\u00e9ines de <strong>LAIT<\/strong>, humectants (sorbitol et glyc\u00e9rine), conservateurs (acide sorbique). , sorbate de potassium), sel, acidulant (acide citrique), ar\u00f4me (beurre, chocolat, citron), colorant (carot\u00e8ne). <strong>Peut contenir des traces de fruits \u00e0 coque.<\/strong><\/p>\n","protected":false},"excerpt":{"rendered":"<p>Bizcocho estilo casero cortado en piezas de masa dorada y marr\u00f3n, elaborado con las mejores materias primas. Reposter\u00eda casera y tradicional. Ideal para almuerzos, desayunos o postres.<\/p>\n<p>PRESENTACI\u00d3N | Paquete de 190g x 12 paquetes.<\/p>\n","protected":false},"featured_media":15764,"template":"","meta":{"_acf_changed":false,"_uag_custom_page_level_css":"","_genesis_hide_title":false,"_genesis_hide_breadcrumbs":false,"_genesis_hide_singular_image":false,"_genesis_hide_footer_widgets":false,"_genesis_custom_body_class":"","_genesis_custom_post_class":"","_genesis_layout":""},"product_brand":[],"product_cat":[1736,1730],"product_tag":[],"class_list":{"0":"post-14005","1":"product","2":"type-product","3":"status-publish","4":"has-post-thumbnail","6":"product_cat-produits-de-confiserie-et-de-boulangerie-emballes","7":"product_cat-distributeurs","8":"entry","10":"first","11":"instock","12":"shipping-taxable","13":"purchasable","14":"product-type-simple"},"acf":[],"df_price":26.75,"df_sale_price":"","df_regular_price":26.75,"df_image_link":"https:\/\/lapasion.es\/wp-content\/uploads\/2017\/09\/002279-Pepimarmol-300x300.jpg","uagb_featured_image_src":{"full":["https:\/\/lapasion.es\/wp-content\/uploads\/2017\/09\/002279-Pepimarmol.jpg",500,500,false],"thumbnail":["https:\/\/lapasion.es\/wp-content\/uploads\/2017\/09\/002279-Pepimarmol-150x150.jpg",150,150,true],"medium":["https:\/\/lapasion.es\/wp-content\/uploads\/2017\/09\/002279-Pepimarmol-300x300.jpg",300,300,true],"medium_large":["https:\/\/lapasion.es\/wp-content\/uploads\/2017\/09\/002279-Pepimarmol.jpg",500,500,false],"large":["https:\/\/lapasion.es\/wp-content\/uploads\/2017\/09\/002279-Pepimarmol.jpg",500,500,false],"1536x1536":["https:\/\/lapasion.es\/wp-content\/uploads\/2017\/09\/002279-Pepimarmol.jpg",500,500,false],"2048x2048":["https:\/\/lapasion.es\/wp-content\/uploads\/2017\/09\/002279-Pepimarmol.jpg",500,500,false],"gur_featured_image":["https:\/\/lapasion.es\/wp-content\/uploads\/2017\/09\/002279-Pepimarmol.jpg",500,500,false],"gur_blog_thumbnail":["https:\/\/lapasion.es\/wp-content\/uploads\/2017\/09\/002279-Pepimarmol-240x240.jpg",240,240,true],"woocommerce_thumbnail":["https:\/\/lapasion.es\/wp-content\/uploads\/2017\/09\/002279-Pepimarmol.jpg",500,500,false],"woocommerce_single":["https:\/\/lapasion.es\/wp-content\/uploads\/2017\/09\/002279-Pepimarmol.jpg",500,500,false],"woocommerce_gallery_thumbnail":["https:\/\/lapasion.es\/wp-content\/uploads\/2017\/09\/002279-Pepimarmol-100x100.jpg",100,100,true]},"uagb_author_info":{"display_name":"incaelum","author_link":"https:\/\/lapasion.es\/fr\/author\/"},"uagb_comment_info":0,"uagb_excerpt":"Bizcocho estilo casero cortado en piezas de masa dorada y marr\u00f3n, elaborado con las mejores materias primas. Reposter\u00eda casera y tradicional. Ideal para almuerzos, desayunos o postres. PRESENTACI\u00d3N | Paquete de 190g x 12 paquetes.","_links":{"self":[{"href":"https:\/\/lapasion.es\/fr\/wp-json\/wp\/v2\/product\/14005","targetHints":{"allow":["GET"]}}],"collection":[{"href":"https:\/\/lapasion.es\/fr\/wp-json\/wp\/v2\/product"}],"about":[{"href":"https:\/\/lapasion.es\/fr\/wp-json\/wp\/v2\/types\/product"}],"wp:featuredmedia":[{"embeddable":true,"href":"https:\/\/lapasion.es\/fr\/wp-json\/wp\/v2\/media\/15764"}],"wp:attachment":[{"href":"https:\/\/lapasion.es\/fr\/wp-json\/wp\/v2\/media?parent=14005"}],"wp:term":[{"taxonomy":"product_brand","embeddable":true,"href":"https:\/\/lapasion.es\/fr\/wp-json\/wp\/v2\/product_brand?post=14005"},{"taxonomy":"product_cat","embeddable":true,"href":"https:\/\/lapasion.es\/fr\/wp-json\/wp\/v2\/product_cat?post=14005"},{"taxonomy":"product_tag","embeddable":true,"href":"https:\/\/lapasion.es\/fr\/wp-json\/wp\/v2\/product_tag?post=14005"}],"curies":[{"name":"wp","href":"https:\/\/api.w.org\/{rel}","templated":true}]}}