{"id":14003,"date":"2017-09-13T10:16:50","date_gmt":"2017-09-13T10:16:50","guid":{"rendered":"https:\/\/lapasion.es\/producto\/pasta-de-te-surtidas\/"},"modified":"2024-07-09T10:40:10","modified_gmt":"2024-07-09T08:40:10","slug":"pasta-de-te-surtidas","status":"publish","type":"product","link":"https:\/\/lapasion.es\/fr\/produit\/pasta-de-te-surtidas\/","title":{"rendered":"Pastas de T\u00e9 surtidas | 1.5 Kg"},"content":{"rendered":"<p>Farine de <strong>BL\u00c9<\/strong>, margarine v\u00e9g\u00e9tale selon disponibilit\u00e9 [huiles et graisses v\u00e9g\u00e9tales (palme, tournesol), eau, sel (0,4%), acidulant (acide citrique), \u00e9mulsifiant (E471) et ar\u00f4mes] et\/ou [graisses v\u00e9g\u00e9tales (palme, coco ) et huiles v\u00e9g\u00e9tales (tournesol), eau, sel, \u00e9mulsifiant (E471 (palme)), correcteur d&rsquo;acidit\u00e9 (E330), conservateur (E202), ar\u00f4mes], sucre, eau, enrobage sp\u00e9cial en graisse v\u00e9g\u00e9tale selon disponibilit\u00e9 [Sucre, enti\u00e8rement graisse v\u00e9g\u00e9tale hydrog\u00e9n\u00e9e (palmiste), poudre de cacao d\u00e9graiss\u00e9e (15,5%), \u00e9mulsifiants (l\u00e9cithine de tournesol, polyricinol\u00e9ate de polyglyc\u00e9rol, trist\u00e9arate de sorbitan) et ar\u00f4me] et\/ou [sucre, graisse v\u00e9g\u00e9tale totalement hydrog\u00e9n\u00e9e (palmiste), poudre de cacao d\u00e9graiss\u00e9e (14,5 %), <strong>WHEY<\/strong> en poudre, amidon de ma\u00efs, huiles v\u00e9g\u00e9tales (colza, palme), \u00e9mulsifiants (E322 (tournesol), E492)], garniture \u00e0 la fraise selon disponibilit\u00e9 [pulpe de fraise (35%), sucre, sirop de glucose, \u00e9paississant (pectine) , acidifiant (acide citrique), conservateur (sorbate de potassium), colorant (carmin de cochenille) et ar\u00f4me] et\/ou [sirop de fraise, sucre, glucose et fructose, \u00e9paississant (E440), r\u00e9gulateur d&rsquo;acidit\u00e9 (E330), colorant (E163), conservateur (E202) et ar\u00f4me], poudre <strong>d&rsquo;OEUF<\/strong>, dextrose, ar\u00f4mes, poudres \u00e0 lever (E503ii, E500ii). <strong>Peut contenir des traces de soja, sulfites, s\u00e9same, moutarde, arachides et fruits \u00e0 coque. <\/strong><\/p>\n<p>*Peut contenir du E920 comme agent de traitement de la farine.<\/p>\n","protected":false},"excerpt":{"rendered":"<p><span class=\"a-list-item\"><strong> Pastas de T\u00e9 de LAPASION<\/strong> | Las Pastas de T\u00e9 son una especialidad de reposter\u00eda, son peque\u00f1as galletas cocidas al horno, hecho con una pasta a base de harina, mantequilla, huevos y az\u00facar. ELABORACI\u00d3N | Surtido de PASTAS de T\u00c9 elaborado a partir de masa trabajada con margarina y harina de trigo y cocida al horno, con la que se producen una masa con formas diversas. A\u00f1adi\u00e9ndole confitura o chocolate seg\u00fan corresponda. <\/span><\/p>\n<p><span class=\"a-list-item\">Reposter\u00eda de calidad al estilo artesano para disfrutar cuando t\u00fa quieras. Ideal para desayunos, almuerzos, meriendas, sobremesas y en la hora del caf\u00e9.<br \/>\n<\/span><\/p>\n<p>PRESENTACI\u00d3N | Caja de 1.5 kg.<\/p>\n","protected":false},"featured_media":9550,"template":"","meta":{"_acf_changed":false,"_uag_custom_page_level_css":"","_genesis_hide_title":false,"_genesis_hide_breadcrumbs":false,"_genesis_hide_singular_image":false,"_genesis_hide_footer_widgets":false,"_genesis_custom_body_class":"","_genesis_custom_post_class":"","_genesis_layout":""},"product_brand":[],"product_cat":[1668,1732,1728,1730,1664],"product_tag":[],"class_list":{"0":"post-14003","1":"product","2":"type-product","3":"status-publish","4":"has-post-thumbnail","6":"product_cat-patisseries-gaufrettes","7":"product_cat-patisseries-et-produits-de-boulangerie-en-vrac","8":"product_cat-boutique-en-ligne","9":"product_cat-distributeurs","10":"product_cat-confiserie-boulangerie","11":"entry","13":"first","14":"instock","15":"shipping-taxable","16":"purchasable","17":"product-type-simple"},"acf":[],"df_price":28,"df_sale_price":"","df_regular_price":28,"df_image_link":"https:\/\/lapasion.es\/wp-content\/uploads\/2017\/10\/5040-300x300.jpg","uagb_featured_image_src":{"full":["https:\/\/lapasion.es\/wp-content\/uploads\/2017\/10\/5040.jpg",482,482,false],"thumbnail":["https:\/\/lapasion.es\/wp-content\/uploads\/2017\/10\/5040-150x150.jpg",150,150,true],"medium":["https:\/\/lapasion.es\/wp-content\/uploads\/2017\/10\/5040-300x300.jpg",300,300,true],"medium_large":["https:\/\/lapasion.es\/wp-content\/uploads\/2017\/10\/5040.jpg",482,482,false],"large":["https:\/\/lapasion.es\/wp-content\/uploads\/2017\/10\/5040.jpg",482,482,false],"1536x1536":["https:\/\/lapasion.es\/wp-content\/uploads\/2017\/10\/5040.jpg",482,482,false],"2048x2048":["https:\/\/lapasion.es\/wp-content\/uploads\/2017\/10\/5040.jpg",482,482,false],"gur_featured_image":["https:\/\/lapasion.es\/wp-content\/uploads\/2017\/10\/5040.jpg",482,482,false],"gur_blog_thumbnail":["https:\/\/lapasion.es\/wp-content\/uploads\/2017\/10\/5040.jpg",482,482,false],"woocommerce_thumbnail":["https:\/\/lapasion.es\/wp-content\/uploads\/2017\/10\/5040.jpg",482,482,false],"woocommerce_single":["https:\/\/lapasion.es\/wp-content\/uploads\/2017\/10\/5040.jpg",482,482,false],"woocommerce_gallery_thumbnail":["https:\/\/lapasion.es\/wp-content\/uploads\/2017\/10\/5040-100x100.jpg",100,100,true]},"uagb_author_info":{"display_name":"incaelum","author_link":"https:\/\/lapasion.es\/fr\/author\/"},"uagb_comment_info":0,"uagb_excerpt":"Pastas de T\u00e9 de LAPASION | Las Pastas de T\u00e9 son una especialidad de reposter\u00eda, son peque\u00f1as galletas cocidas al horno, hecho con una pasta a base de harina, mantequilla, huevos y az\u00facar. ELABORACI\u00d3N | Surtido de PASTAS de T\u00c9 elaborado a partir de masa trabajada con margarina y harina de trigo y cocida al\u2026","_links":{"self":[{"href":"https:\/\/lapasion.es\/fr\/wp-json\/wp\/v2\/product\/14003","targetHints":{"allow":["GET"]}}],"collection":[{"href":"https:\/\/lapasion.es\/fr\/wp-json\/wp\/v2\/product"}],"about":[{"href":"https:\/\/lapasion.es\/fr\/wp-json\/wp\/v2\/types\/product"}],"wp:featuredmedia":[{"embeddable":true,"href":"https:\/\/lapasion.es\/fr\/wp-json\/wp\/v2\/media\/9550"}],"wp:attachment":[{"href":"https:\/\/lapasion.es\/fr\/wp-json\/wp\/v2\/media?parent=14003"}],"wp:term":[{"taxonomy":"product_brand","embeddable":true,"href":"https:\/\/lapasion.es\/fr\/wp-json\/wp\/v2\/product_brand?post=14003"},{"taxonomy":"product_cat","embeddable":true,"href":"https:\/\/lapasion.es\/fr\/wp-json\/wp\/v2\/product_cat?post=14003"},{"taxonomy":"product_tag","embeddable":true,"href":"https:\/\/lapasion.es\/fr\/wp-json\/wp\/v2\/product_tag?post=14003"}],"curies":[{"name":"wp","href":"https:\/\/api.w.org\/{rel}","templated":true}]}}