{"id":14001,"date":"2017-09-13T10:12:02","date_gmt":"2017-09-13T08:12:02","guid":{"rendered":"https:\/\/lapasion.es\/producto\/pasta-de-te-2\/"},"modified":"2023-10-24T18:48:33","modified_gmt":"2023-10-24T16:48:33","slug":"pasta-de-te-2","status":"publish","type":"product","link":"https:\/\/lapasion.es\/fr\/produit\/pasta-de-te-2\/","title":{"rendered":"Pastas de T\u00e9 | 180g x 6 paquetes"},"content":{"rendered":"<p>Harina de <strong>TRIGO<\/strong>, az\u00facar, grasas vegetales (palma, coco y karit\u00e9), aceite vegetal (girasol),\u00a0 agua, <strong>CACAHUETE<\/strong>, grasa vegetal totalmente hidrogenada (palmiste), pulpa de fresa, jarabe de glucosa, <strong>HUEVO<\/strong> en polvo, aromas, agente de tratamiento de la harina (E920), cacao desgrasado en polvo, espesante (pectina), suero de <strong>LECHE<\/strong> en polvo, emulgentes (lecitina de girasol, E471 y E492), lactosuero \u00e1cido en polvo (<strong>LECHE<\/strong>), almid\u00f3n de ma\u00edz, corrector de acidez (\u00e1cido c\u00edtrico), gasificante (bicarbonato am\u00f3nico), sal, conservador (E202) y colorante (E163). <strong>Puede contener trazas de soja y frutos de c\u00e1scara.<\/strong><\/p>\n","protected":false},"excerpt":{"rendered":"<p>Surtido de pastas elaborado a partir de masa trabajada con margarina y harina de trigo y cocida al horno. A\u00f1adi\u00e9ndole confitura o chocolate seg\u00fan corresponda.<\/p>\n<p>Llevala a cualquier reuni\u00f3n y siempre triunfar\u00e1s.<br \/>\nPresentadas por sabores en una bandeja con 160g. (Producto de pasteler\u00eda)<\/p>\n","protected":false},"featured_media":15737,"template":"","meta":{"_acf_changed":false,"_uag_custom_page_level_css":"","_genesis_hide_title":false,"_genesis_hide_breadcrumbs":false,"_genesis_hide_singular_image":false,"_genesis_hide_footer_widgets":false,"_genesis_custom_body_class":"","_genesis_custom_post_class":"","_genesis_layout":""},"product_brand":[],"product_cat":[1736,1730],"product_tag":[],"class_list":{"0":"post-14001","1":"product","2":"type-product","3":"status-publish","4":"has-post-thumbnail","6":"product_cat-produits-de-confiserie-et-de-boulangerie-emballes","7":"product_cat-distributeurs","8":"entry","10":"first","11":"instock","12":"shipping-taxable","13":"purchasable","14":"product-type-simple"},"acf":[],"df_price":"","df_sale_price":"","df_regular_price":"","df_image_link":"https:\/\/lapasion.es\/wp-content\/uploads\/2017\/09\/002035-Pasta-de-te-180g-300x300.jpg","uagb_featured_image_src":{"full":["https:\/\/lapasion.es\/wp-content\/uploads\/2017\/09\/002035-Pasta-de-te-180g.jpg",500,500,false],"thumbnail":["https:\/\/lapasion.es\/wp-content\/uploads\/2017\/09\/002035-Pasta-de-te-180g-150x150.jpg",150,150,true],"medium":["https:\/\/lapasion.es\/wp-content\/uploads\/2017\/09\/002035-Pasta-de-te-180g-300x300.jpg",300,300,true],"medium_large":["https:\/\/lapasion.es\/wp-content\/uploads\/2017\/09\/002035-Pasta-de-te-180g.jpg",500,500,false],"large":["https:\/\/lapasion.es\/wp-content\/uploads\/2017\/09\/002035-Pasta-de-te-180g.jpg",500,500,false],"1536x1536":["https:\/\/lapasion.es\/wp-content\/uploads\/2017\/09\/002035-Pasta-de-te-180g.jpg",500,500,false],"2048x2048":["https:\/\/lapasion.es\/wp-content\/uploads\/2017\/09\/002035-Pasta-de-te-180g.jpg",500,500,false],"gur_featured_image":["https:\/\/lapasion.es\/wp-content\/uploads\/2017\/09\/002035-Pasta-de-te-180g.jpg",500,500,false],"gur_blog_thumbnail":["https:\/\/lapasion.es\/wp-content\/uploads\/2017\/09\/002035-Pasta-de-te-180g-240x240.jpg",240,240,true],"woocommerce_thumbnail":["https:\/\/lapasion.es\/wp-content\/uploads\/2017\/09\/002035-Pasta-de-te-180g.jpg",500,500,false],"woocommerce_single":["https:\/\/lapasion.es\/wp-content\/uploads\/2017\/09\/002035-Pasta-de-te-180g.jpg",500,500,false],"woocommerce_gallery_thumbnail":["https:\/\/lapasion.es\/wp-content\/uploads\/2017\/09\/002035-Pasta-de-te-180g-100x100.jpg",100,100,true]},"uagb_author_info":{"display_name":"incaelum","author_link":"https:\/\/lapasion.es\/fr\/author\/"},"uagb_comment_info":0,"uagb_excerpt":"Surtido de pastas elaborado a partir de masa trabajada con margarina y harina de trigo y cocida al horno. A\u00f1adi\u00e9ndole confitura o chocolate seg\u00fan corresponda. Llevala a cualquier reuni\u00f3n y siempre triunfar\u00e1s. Presentadas por sabores en una bandeja con 160g. (Producto de pasteler\u00eda)","_links":{"self":[{"href":"https:\/\/lapasion.es\/fr\/wp-json\/wp\/v2\/product\/14001","targetHints":{"allow":["GET"]}}],"collection":[{"href":"https:\/\/lapasion.es\/fr\/wp-json\/wp\/v2\/product"}],"about":[{"href":"https:\/\/lapasion.es\/fr\/wp-json\/wp\/v2\/types\/product"}],"wp:featuredmedia":[{"embeddable":true,"href":"https:\/\/lapasion.es\/fr\/wp-json\/wp\/v2\/media\/15737"}],"wp:attachment":[{"href":"https:\/\/lapasion.es\/fr\/wp-json\/wp\/v2\/media?parent=14001"}],"wp:term":[{"taxonomy":"product_brand","embeddable":true,"href":"https:\/\/lapasion.es\/fr\/wp-json\/wp\/v2\/product_brand?post=14001"},{"taxonomy":"product_cat","embeddable":true,"href":"https:\/\/lapasion.es\/fr\/wp-json\/wp\/v2\/product_cat?post=14001"},{"taxonomy":"product_tag","embeddable":true,"href":"https:\/\/lapasion.es\/fr\/wp-json\/wp\/v2\/product_tag?post=14001"}],"curies":[{"name":"wp","href":"https:\/\/api.w.org\/{rel}","templated":true}]}}