{"id":13999,"date":"2020-03-04T08:26:09","date_gmt":"2020-03-04T06:26:09","guid":{"rendered":"https:\/\/lapasion.es\/producto\/pasta-almendra-con-edulcorante-400g\/"},"modified":"2024-10-08T18:15:03","modified_gmt":"2024-10-08T16:15:03","slug":"pasta-almendra-con-edulcorante-400g","status":"publish","type":"product","link":"https:\/\/lapasion.es\/fr\/produit\/pasta-almendra-con-edulcorante-400g\/","title":{"rendered":"Pat\u00ea aux Amandes et Edulcorant  | 400g x 10 paquets"},"content":{"rendered":"<p>Farine de <strong>BL\u00c9<\/strong>, saindoux de porc, sucre, <strong>AMANDES<\/strong> 8%, <strong>\u0152UF<\/strong> pasteuris\u00e9 (\u0152UF, conservateur E202 et antioxydant E330), poudres \u00e0 lever (diphosphate disodique, bicarbonate de sodium), prot\u00e9ine de <strong>LAIT<\/strong>, dextrose, huile v\u00e9g\u00e9tale (colza) et ar\u00f4mes.<strong> SANS HUILE DE PALME.<\/strong><\/p>\n","protected":false},"excerpt":{"rendered":"<p style=\"text-align: left;\"><strong>QUALIT\u00c9 SUPR\u00caME<\/strong> | Les P\u00c2TES D\u00b4AMANDE de Lapasion sont des p\u00e2tes de style sabl\u00e9 douces et croquantes. La p\u00e2te est recouverte d\u00b4un b\u00e2tonnet d\u00b4amandes lamin\u00e9es.<\/p>\n<div class=\"woocommerce-product-details__short-description\">\n<p><strong>MOMENT PARFAIT<\/strong> | Id\u00e9al pour les desserts, snack et petit dejeuner.<\/p>\n<p><strong>PR\u00c9SENTATION<\/strong> | paquets avec 400g x 10 paquets | Total 4 kg<\/p>\n<p><strong>PRODUITS EN ESPAGNE<\/strong> | Ces bonbons sont produits en Espagne.<\/p>\n<p><strong>DLU ET CONSERVATION<\/strong> | \u00a0Consommation privil\u00e9gi\u00e9e dans les 12 mois suivant sa fabrication. Conservez-le dans un endroit frais et sec et prot\u00e9gez-le du soleil.<\/p>\n<\/div>\n","protected":false},"featured_media":15505,"template":"","meta":{"_acf_changed":false,"_uag_custom_page_level_css":"","_genesis_hide_title":false,"_genesis_hide_breadcrumbs":false,"_genesis_hide_singular_image":false,"_genesis_hide_footer_widgets":false,"_genesis_custom_body_class":"","_genesis_custom_post_class":"","_genesis_layout":""},"product_brand":[],"product_cat":[1736,1730],"product_tag":[1688],"class_list":{"0":"post-13999","1":"product","2":"type-product","3":"status-publish","4":"has-post-thumbnail","6":"product_cat-produits-de-confiserie-et-de-boulangerie-emballes","7":"product_cat-distributeurs","8":"product_tag-patisseries-sans-sucre","9":"entry","11":"first","12":"outofstock","13":"shipping-taxable","14":"purchasable","15":"product-type-simple"},"acf":[],"df_price":"","df_sale_price":"","df_regular_price":"","df_image_link":"https:\/\/lapasion.es\/wp-content\/uploads\/2020\/03\/003015-pasta-almendra-400g-300x300.jpg","uagb_featured_image_src":{"full":["https:\/\/lapasion.es\/wp-content\/uploads\/2020\/03\/003015-pasta-almendra-400g.jpg",500,500,false],"thumbnail":["https:\/\/lapasion.es\/wp-content\/uploads\/2020\/03\/003015-pasta-almendra-400g-150x150.jpg",150,150,true],"medium":["https:\/\/lapasion.es\/wp-content\/uploads\/2020\/03\/003015-pasta-almendra-400g-300x300.jpg",300,300,true],"medium_large":["https:\/\/lapasion.es\/wp-content\/uploads\/2020\/03\/003015-pasta-almendra-400g.jpg",500,500,false],"large":["https:\/\/lapasion.es\/wp-content\/uploads\/2020\/03\/003015-pasta-almendra-400g.jpg",500,500,false],"1536x1536":["https:\/\/lapasion.es\/wp-content\/uploads\/2020\/03\/003015-pasta-almendra-400g.jpg",500,500,false],"2048x2048":["https:\/\/lapasion.es\/wp-content\/uploads\/2020\/03\/003015-pasta-almendra-400g.jpg",500,500,false],"gur_featured_image":["https:\/\/lapasion.es\/wp-content\/uploads\/2020\/03\/003015-pasta-almendra-400g.jpg",500,500,false],"gur_blog_thumbnail":["https:\/\/lapasion.es\/wp-content\/uploads\/2020\/03\/003015-pasta-almendra-400g-240x240.jpg",240,240,true],"woocommerce_thumbnail":["https:\/\/lapasion.es\/wp-content\/uploads\/2020\/03\/003015-pasta-almendra-400g.jpg",500,500,false],"woocommerce_single":["https:\/\/lapasion.es\/wp-content\/uploads\/2020\/03\/003015-pasta-almendra-400g.jpg",500,500,false],"woocommerce_gallery_thumbnail":["https:\/\/lapasion.es\/wp-content\/uploads\/2020\/03\/003015-pasta-almendra-400g-100x100.jpg",100,100,true]},"uagb_author_info":{"display_name":"incaelum","author_link":"https:\/\/lapasion.es\/fr\/author\/"},"uagb_comment_info":0,"uagb_excerpt":"QUALIT\u00c9 SUPR\u00caME | Les P\u00c2TES D\u00b4AMANDE de Lapasion sont des p\u00e2tes de style sabl\u00e9 douces et croquantes. La p\u00e2te est recouverte d\u00b4un b\u00e2tonnet d\u00b4amandes lamin\u00e9es. MOMENT PARFAIT | Id\u00e9al pour les desserts, snack et petit dejeuner. PR\u00c9SENTATION | paquets avec 400g x 10 paquets | Total 4 kg PRODUITS EN ESPAGNE | Ces bonbons sont\u2026","_links":{"self":[{"href":"https:\/\/lapasion.es\/fr\/wp-json\/wp\/v2\/product\/13999","targetHints":{"allow":["GET"]}}],"collection":[{"href":"https:\/\/lapasion.es\/fr\/wp-json\/wp\/v2\/product"}],"about":[{"href":"https:\/\/lapasion.es\/fr\/wp-json\/wp\/v2\/types\/product"}],"wp:featuredmedia":[{"embeddable":true,"href":"https:\/\/lapasion.es\/fr\/wp-json\/wp\/v2\/media\/15505"}],"wp:attachment":[{"href":"https:\/\/lapasion.es\/fr\/wp-json\/wp\/v2\/media?parent=13999"}],"wp:term":[{"taxonomy":"product_brand","embeddable":true,"href":"https:\/\/lapasion.es\/fr\/wp-json\/wp\/v2\/product_brand?post=13999"},{"taxonomy":"product_cat","embeddable":true,"href":"https:\/\/lapasion.es\/fr\/wp-json\/wp\/v2\/product_cat?post=13999"},{"taxonomy":"product_tag","embeddable":true,"href":"https:\/\/lapasion.es\/fr\/wp-json\/wp\/v2\/product_tag?post=13999"}],"curies":[{"name":"wp","href":"https:\/\/api.w.org\/{rel}","templated":true}]}}