{"id":13994,"date":"2017-09-13T10:25:48","date_gmt":"2017-09-13T08:25:48","guid":{"rendered":"https:\/\/lapasion.es\/producto\/pasioncico-bombon-almendra\/"},"modified":"2023-10-24T18:49:49","modified_gmt":"2023-10-24T16:49:49","slug":"pasioncico-bombon-almendra","status":"publish","type":"product","link":"https:\/\/lapasion.es\/fr\/produit\/pasioncico-bombon-almendra\/","title":{"rendered":"Porciones de Turr\u00f3n Bomb\u00f3n Almendra Calidad Suprema"},"content":{"rendered":"<p><span class=\"a-list-item\"><strong>Almendra<\/strong> (40%), az\u00facar, manteca de cacao, <strong>leche<\/strong> en polvo: 11,4%, pasta de cacao, emulgente: lecitina de <strong>soja<\/strong>, aroma natural de vainilla. Cacao: 19% m\u00ednimo.<\/span><\/p>\n","protected":false},"excerpt":{"rendered":"<p><strong>PASIONCICOS TURR\u00d3N DE CHOCOLATE CON ALMENDRAS SUPREMA<\/strong> | \u00a0Producido con cobertura de chocolate con leche, adici\u00f3n de almendra tostada entera, troceada o molida, atemperado y moldeado. Sabor dulce t\u00edpico, olor y textura t\u00edpicos del turr\u00f3n. Envueltas individualmente para asegurar su conservaci\u00f3n durante mucho m\u00e1s tiempo.<\/p>\n<p><strong>DULCES NAVIDE\u00d1OS<\/strong> | El turr\u00f3n es el dulce m\u00e1s t\u00edpico en Navidad, y no puede faltar en nuestras mesas en unas fechas tan especiales.<\/p>\n<p><strong>PRESENTACI\u00d3N<\/strong> | Bolsa de 1 kg o caja de 2.5 Kg<\/p>\n<p><strong>PRODUCIDOS EN ESPA\u00d1A<\/strong> | Estos dulces han sido producidos en Espa\u00f1a.<\/p>\n<p><strong>FECHA DE CONSUMO PREFERENTE<\/strong> y condiciones de <strong>CONSERVACI\u00d3N<\/strong>, 12 meses.\u00a0 Almacenar bien cerrado en lugar fresco, seco y alejado de los rayos directos del sol y otras fuentes de calor.<\/p>\n<p><span class=\"a-list-item\">.<\/span><\/p>\n<p>&nbsp;<\/p>\n","protected":false},"featured_media":22070,"template":"","meta":{"_acf_changed":false,"_uag_custom_page_level_css":"","_genesis_hide_title":false,"_genesis_hide_breadcrumbs":false,"_genesis_hide_singular_image":false,"_genesis_hide_footer_widgets":false,"_genesis_custom_body_class":"","_genesis_custom_post_class":"","_genesis_layout":""},"product_brand":[],"product_cat":[1728,1671,1745,1730,1677],"product_tag":[],"class_list":{"0":"post-13994","1":"product","2":"type-product","3":"status-publish","4":"has-post-thumbnail","6":"product_cat-boutique-en-ligne","7":"product_cat-chocolat-gourmet","8":"product_cat-confiseries-de-noel-emballees-fr","9":"product_cat-distributeurs","10":"product_cat-nougat-fr","11":"entry","13":"first","14":"instock","15":"shipping-taxable","16":"purchasable","17":"product-type-variable"},"acf":[],"df_price":43.99,"df_sale_price":"","df_regular_price":43.99,"df_image_link":"https:\/\/lapasion.es\/wp-content\/uploads\/2017\/09\/Cajas-turron-choco-almendra-suprema-300x300.jpg","uagb_featured_image_src":{"full":["https:\/\/lapasion.es\/wp-content\/uploads\/2017\/09\/Cajas-turron-choco-almendra-suprema.jpg",500,500,false],"thumbnail":["https:\/\/lapasion.es\/wp-content\/uploads\/2017\/09\/Cajas-turron-choco-almendra-suprema-150x150.jpg",150,150,true],"medium":["https:\/\/lapasion.es\/wp-content\/uploads\/2017\/09\/Cajas-turron-choco-almendra-suprema-300x300.jpg",300,300,true],"medium_large":["https:\/\/lapasion.es\/wp-content\/uploads\/2017\/09\/Cajas-turron-choco-almendra-suprema.jpg",500,500,false],"large":["https:\/\/lapasion.es\/wp-content\/uploads\/2017\/09\/Cajas-turron-choco-almendra-suprema.jpg",500,500,false],"1536x1536":["https:\/\/lapasion.es\/wp-content\/uploads\/2017\/09\/Cajas-turron-choco-almendra-suprema.jpg",500,500,false],"2048x2048":["https:\/\/lapasion.es\/wp-content\/uploads\/2017\/09\/Cajas-turron-choco-almendra-suprema.jpg",500,500,false],"gur_featured_image":["https:\/\/lapasion.es\/wp-content\/uploads\/2017\/09\/Cajas-turron-choco-almendra-suprema.jpg",500,500,false],"gur_blog_thumbnail":["https:\/\/lapasion.es\/wp-content\/uploads\/2017\/09\/Cajas-turron-choco-almendra-suprema.jpg",500,500,false],"woocommerce_thumbnail":["https:\/\/lapasion.es\/wp-content\/uploads\/2017\/09\/Cajas-turron-choco-almendra-suprema.jpg",500,500,false],"woocommerce_single":["https:\/\/lapasion.es\/wp-content\/uploads\/2017\/09\/Cajas-turron-choco-almendra-suprema.jpg",500,500,false],"woocommerce_gallery_thumbnail":["https:\/\/lapasion.es\/wp-content\/uploads\/2017\/09\/Cajas-turron-choco-almendra-suprema-100x100.jpg",100,100,true]},"uagb_author_info":{"display_name":"incaelum","author_link":"https:\/\/lapasion.es\/fr\/author\/"},"uagb_comment_info":0,"uagb_excerpt":"PASIONCICOS TURR\u00d3N DE CHOCOLATE CON ALMENDRAS SUPREMA | \u00a0Producido con cobertura de chocolate con leche, adici\u00f3n de almendra tostada entera, troceada o molida, atemperado y moldeado. Sabor dulce t\u00edpico, olor y textura t\u00edpicos del turr\u00f3n. Envueltas individualmente para asegurar su conservaci\u00f3n durante mucho m\u00e1s tiempo. DULCES NAVIDE\u00d1OS | El turr\u00f3n es el dulce m\u00e1s t\u00edpico\u2026","_links":{"self":[{"href":"https:\/\/lapasion.es\/fr\/wp-json\/wp\/v2\/product\/13994","targetHints":{"allow":["GET"]}}],"collection":[{"href":"https:\/\/lapasion.es\/fr\/wp-json\/wp\/v2\/product"}],"about":[{"href":"https:\/\/lapasion.es\/fr\/wp-json\/wp\/v2\/types\/product"}],"wp:featuredmedia":[{"embeddable":true,"href":"https:\/\/lapasion.es\/fr\/wp-json\/wp\/v2\/media\/22070"}],"wp:attachment":[{"href":"https:\/\/lapasion.es\/fr\/wp-json\/wp\/v2\/media?parent=13994"}],"wp:term":[{"taxonomy":"product_brand","embeddable":true,"href":"https:\/\/lapasion.es\/fr\/wp-json\/wp\/v2\/product_brand?post=13994"},{"taxonomy":"product_cat","embeddable":true,"href":"https:\/\/lapasion.es\/fr\/wp-json\/wp\/v2\/product_cat?post=13994"},{"taxonomy":"product_tag","embeddable":true,"href":"https:\/\/lapasion.es\/fr\/wp-json\/wp\/v2\/product_tag?post=13994"}],"curies":[{"name":"wp","href":"https:\/\/api.w.org\/{rel}","templated":true}]}}