{"id":13993,"date":"2017-09-13T10:33:14","date_gmt":"2017-09-13T10:33:14","guid":{"rendered":"https:\/\/lapasion.es\/producto\/pasioncico-4-tipos-suprema\/"},"modified":"2023-10-25T12:36:41","modified_gmt":"2023-10-25T10:36:41","slug":"pasioncico-4-tipos-suprema","status":"publish","type":"product","link":"https:\/\/lapasion.es\/fr\/produit\/pasioncico-4-tipos-suprema\/","title":{"rendered":"Porciones de Turr\u00f3n Surtidas 4 Tipos | Calidad Suprema"},"content":{"rendered":"<p class=\"default\" style=\"margin-left: 14.2pt; text-align: justify;\"><span style=\"font-size: 11.0pt; font-family: 'Calibri',sans-serif;\"><b><u>Pasioncico blando<\/u><\/b>: Almendras (64%), az\u00facar, jarabe de glucosa y fructosa, miel, estabilizador (E-471), y clara de huevo. <\/span><\/p>\n<p class=\"default\" style=\"margin-left: 14.2pt; text-align: justify;\"><span style=\"font-size: 11.0pt; font-family: 'Calibri',sans-serif;\"><b><u>Pasioncico duro<\/u><\/b>: Almendras (60%), az\u00facar, jarabe de glucosa y fructosa, miel, oblea (f\u00e9cula de patata, y aceite de girasol) y clara de huevo.<\/span><\/p>\n<p class=\"default\" style=\"margin-left: 14.2pt; text-align: justify;\"><span style=\"font-size: 11.0pt; font-family: 'Calibri',sans-serif;\"> <b><u>Pasioncico Yema Tostada<\/u><\/b>: Almendra (35%), az\u00facar, jarabe de glucosa y fructosa, yema de huevo (10%)\u00a0 y conservantes invertasa (E-1103),\u00a0 E-200, E-202\u00a0 y esencia. <\/span><\/p>\n<p class=\"default\" style=\"margin-left: 14.2pt; text-align: justify;\"><span style=\"font-size: 11.0pt; font-family: 'Calibri',sans-serif;\"><strong>Pasioncico choco almendra:<\/strong> Almendra (40%), az\u00facar, manteca de cacao, leche en polvo: 11,4%, pasta de cacao, emulgente: lecitina de soja, aroma natural de vainilla. Cacao: 19% m\u00ednimo.<\/span><\/p>\n","protected":false},"excerpt":{"rendered":"<p class=\"default\"><b><span style=\"font-size: 11.0pt; font-family: 'Calibri',sans-serif;\">PASIONCICOS 4 TIPOS CALIDAD SUPREMA<\/span><\/b><span style=\"font-size: 11.0pt; font-family: 'Calibri',sans-serif;\"> | Surtido de turrones compuesto por turr\u00f3n blando, duro, yema tostada y chocolate con leche y almendra. Envueltas individualmente para asegurar su conservaci\u00f3n durante mucho m\u00e1s tiempo.<\/span><\/p>\n<p class=\"default\"><b><span style=\"font-size: 11.0pt; font-family: 'Calibri',sans-serif;\">DULCES NAVIDE\u00d1OS<\/span><\/b><span style=\"font-size: 11.0pt; font-family: 'Calibri',sans-serif;\"> | El turr\u00f3n es el dulce m\u00e1s t\u00edpico en Navidad, y no puede faltar en nuestras mesas en unas fechas tan especiales.<\/span><\/p>\n<p class=\"default\"><b><span style=\"font-size: 11.0pt; font-family: 'Calibri',sans-serif;\">PRESENTACI\u00d3N<\/span><\/b><span style=\"font-size: 11.0pt; font-family: 'Calibri',sans-serif;\"> | Bolsa 1 kg o caja de 2.5 Kg<\/span><\/p>\n<p class=\"default\"><b><span style=\"font-size: 11.0pt; font-family: 'Calibri',sans-serif;\">PRODUCIDOS EN ESPA\u00d1A<\/span><\/b><span style=\"font-size: 11.0pt; font-family: 'Calibri',sans-serif;\"> | Estos dulces han sido producidos en Espa\u00f1a.<\/span><\/p>\n<p class=\"default\"><b><span style=\"font-size: 11.0pt; font-family: 'Calibri',sans-serif;\">FECHA DE CONSUMO PREFERENTE<\/span><\/b><span style=\"font-size: 11.0pt; font-family: 'Calibri',sans-serif;\"> y condiciones de <b>CONSERVACI\u00d3N<\/b>, 24 meses desde su fabricaci\u00f3n.\u00a0 Almacenar bien cerrado en lugar fresco, seco y alejado de los rayos directos del sol y otras fuentes de calor.<\/span><\/p>\n","protected":false},"featured_media":22759,"template":"","meta":{"_acf_changed":false,"_uag_custom_page_level_css":"","_genesis_hide_title":false,"_genesis_hide_breadcrumbs":false,"_genesis_hide_singular_image":false,"_genesis_hide_footer_widgets":false,"_genesis_custom_body_class":"","_genesis_custom_post_class":"","_genesis_layout":""},"product_brand":[],"product_cat":[1728,1671,1745,1730,1677],"product_tag":[],"class_list":{"0":"post-13993","1":"product","2":"type-product","3":"status-publish","4":"has-post-thumbnail","6":"product_cat-boutique-en-ligne","7":"product_cat-chocolat-gourmet","8":"product_cat-confiseries-de-noel-emballees-fr","9":"product_cat-distributeurs","10":"product_cat-nougat-fr","11":"entry","13":"first","14":"outofstock","15":"shipping-taxable","16":"purchasable","17":"product-type-variable"},"acf":[],"df_price":66.42,"df_sale_price":"","df_regular_price":66.42,"df_image_link":"https:\/\/lapasion.es\/wp-content\/uploads\/2017\/09\/Turron-surtido-4-tipos-suprema-300x300.jpg","uagb_featured_image_src":{"full":["https:\/\/lapasion.es\/wp-content\/uploads\/2017\/09\/Turron-surtido-4-tipos-suprema.jpg",500,500,false],"thumbnail":["https:\/\/lapasion.es\/wp-content\/uploads\/2017\/09\/Turron-surtido-4-tipos-suprema-150x150.jpg",150,150,true],"medium":["https:\/\/lapasion.es\/wp-content\/uploads\/2017\/09\/Turron-surtido-4-tipos-suprema-300x300.jpg",300,300,true],"medium_large":["https:\/\/lapasion.es\/wp-content\/uploads\/2017\/09\/Turron-surtido-4-tipos-suprema.jpg",500,500,false],"large":["https:\/\/lapasion.es\/wp-content\/uploads\/2017\/09\/Turron-surtido-4-tipos-suprema.jpg",500,500,false],"1536x1536":["https:\/\/lapasion.es\/wp-content\/uploads\/2017\/09\/Turron-surtido-4-tipos-suprema.jpg",500,500,false],"2048x2048":["https:\/\/lapasion.es\/wp-content\/uploads\/2017\/09\/Turron-surtido-4-tipos-suprema.jpg",500,500,false],"gur_featured_image":["https:\/\/lapasion.es\/wp-content\/uploads\/2017\/09\/Turron-surtido-4-tipos-suprema.jpg",500,500,false],"gur_blog_thumbnail":["https:\/\/lapasion.es\/wp-content\/uploads\/2017\/09\/Turron-surtido-4-tipos-suprema.jpg",500,500,false],"woocommerce_thumbnail":["https:\/\/lapasion.es\/wp-content\/uploads\/2017\/09\/Turron-surtido-4-tipos-suprema.jpg",500,500,false],"woocommerce_single":["https:\/\/lapasion.es\/wp-content\/uploads\/2017\/09\/Turron-surtido-4-tipos-suprema.jpg",500,500,false],"woocommerce_gallery_thumbnail":["https:\/\/lapasion.es\/wp-content\/uploads\/2017\/09\/Turron-surtido-4-tipos-suprema-100x100.jpg",100,100,true]},"uagb_author_info":{"display_name":"incaelum","author_link":"https:\/\/lapasion.es\/fr\/author\/"},"uagb_comment_info":0,"uagb_excerpt":"PASIONCICOS 4 TIPOS CALIDAD SUPREMA | Surtido de turrones compuesto por turr\u00f3n blando, duro, yema tostada y chocolate con leche y almendra. Envueltas individualmente para asegurar su conservaci\u00f3n durante mucho m\u00e1s tiempo. DULCES NAVIDE\u00d1OS | El turr\u00f3n es el dulce m\u00e1s t\u00edpico en Navidad, y no puede faltar en nuestras mesas en unas fechas tan\u2026","_links":{"self":[{"href":"https:\/\/lapasion.es\/fr\/wp-json\/wp\/v2\/product\/13993","targetHints":{"allow":["GET"]}}],"collection":[{"href":"https:\/\/lapasion.es\/fr\/wp-json\/wp\/v2\/product"}],"about":[{"href":"https:\/\/lapasion.es\/fr\/wp-json\/wp\/v2\/types\/product"}],"wp:featuredmedia":[{"embeddable":true,"href":"https:\/\/lapasion.es\/fr\/wp-json\/wp\/v2\/media\/22759"}],"wp:attachment":[{"href":"https:\/\/lapasion.es\/fr\/wp-json\/wp\/v2\/media?parent=13993"}],"wp:term":[{"taxonomy":"product_brand","embeddable":true,"href":"https:\/\/lapasion.es\/fr\/wp-json\/wp\/v2\/product_brand?post=13993"},{"taxonomy":"product_cat","embeddable":true,"href":"https:\/\/lapasion.es\/fr\/wp-json\/wp\/v2\/product_cat?post=13993"},{"taxonomy":"product_tag","embeddable":true,"href":"https:\/\/lapasion.es\/fr\/wp-json\/wp\/v2\/product_tag?post=13993"}],"curies":[{"name":"wp","href":"https:\/\/api.w.org\/{rel}","templated":true}]}}