{"id":13986,"date":"2017-09-13T10:27:22","date_gmt":"2017-09-13T08:27:22","guid":{"rendered":"https:\/\/lapasion.es\/producto\/mazapan-pinon-con-edulcorante\/"},"modified":"2023-10-25T18:55:47","modified_gmt":"2023-10-25T16:55:47","slug":"mazapan-pinon-con-edulcorante","status":"publish","type":"product","link":"https:\/\/lapasion.es\/fr\/produit\/mazapan-pinon-con-edulcorante\/","title":{"rendered":"Mazap\u00e1n Pi\u00f1on Sin Az\u00facares A\u00f1adidos"},"content":{"rendered":"<p>Edulcorante (maltitol), <strong>ALMENDRA<\/strong>, pi\u00f1ones, <strong>HUEVO<\/strong>, conservador: \u00e1cido s\u00f3rbico y acidulante: \u00e1cido c\u00edtrico. <strong>Puede contener trazas de gluten y soja.<\/strong><\/p>\n","protected":false},"excerpt":{"rendered":"<p><strong>MAZAP\u00c1N PI\u00d1ONATE SUPREMA SIN AZ\u00daCARES A\u00d1ADIDOS<\/strong> | Masa de almendra y edulcorante maltitol moldeada en forma de bola y envueltos en pi\u00f1ones<\/p>\n<p><strong>DULCES NAVIDE\u00d1OS<\/strong> | Estos dulces navide\u00f1os se elaboran siguiendo la receta tradicional. Vienen envueltos individualmente para conservarlos durante m\u00e1s tiempo. Los mazapanes son uno de los dulces de Navidad tradicionales que no puede faltar en ninguna casa durante estas fechas tan especiales.<\/p>\n<p><strong>CONTENIDO<\/strong> | Bolsa de 1 kg o caja de 2 Kg<\/p>\n<p><strong>PRODUCIDOS EN ESPA\u00d1A<\/strong> | Estos dulces han sido producidos en Espa\u00f1a.<\/p>\n<p><strong>FECHA DE CONSUMO PREFERENTE<\/strong> y condiciones de <strong>CONSERVACI\u00d3N<\/strong>, 6 meses desde su fabricaci\u00f3n. Almacenar bien cerrado en lugar fresco, seco y alejado de los rayos directos del sol y otras fuentes de calor.<\/p>\n","protected":false},"featured_media":22417,"template":"","meta":{"_acf_changed":false,"_uag_custom_page_level_css":"","_genesis_hide_title":false,"_genesis_hide_breadcrumbs":false,"_genesis_hide_singular_image":false,"_genesis_hide_footer_widgets":false,"_genesis_custom_body_class":"","_genesis_custom_post_class":"","_genesis_layout":""},"product_brand":[],"product_cat":[1745,1730],"product_tag":[1688],"class_list":{"0":"post-13986","1":"product","2":"type-product","3":"status-publish","4":"has-post-thumbnail","6":"product_cat-confiseries-de-noel-emballees-fr","7":"product_cat-distributeurs","8":"product_tag-patisseries-sans-sucre","9":"entry","11":"first","12":"outofstock","13":"shipping-taxable","14":"purchasable","15":"product-type-variable"},"acf":[],"df_price":34.12,"df_sale_price":"","df_regular_price":34.12,"df_image_link":"https:\/\/lapasion.es\/wp-content\/uploads\/2017\/09\/7-2-300x300.jpg","uagb_featured_image_src":{"full":["https:\/\/lapasion.es\/wp-content\/uploads\/2017\/09\/7-2.jpg",500,500,false],"thumbnail":["https:\/\/lapasion.es\/wp-content\/uploads\/2017\/09\/7-2-150x150.jpg",150,150,true],"medium":["https:\/\/lapasion.es\/wp-content\/uploads\/2017\/09\/7-2-300x300.jpg",300,300,true],"medium_large":["https:\/\/lapasion.es\/wp-content\/uploads\/2017\/09\/7-2.jpg",500,500,false],"large":["https:\/\/lapasion.es\/wp-content\/uploads\/2017\/09\/7-2.jpg",500,500,false],"1536x1536":["https:\/\/lapasion.es\/wp-content\/uploads\/2017\/09\/7-2.jpg",500,500,false],"2048x2048":["https:\/\/lapasion.es\/wp-content\/uploads\/2017\/09\/7-2.jpg",500,500,false],"gur_featured_image":["https:\/\/lapasion.es\/wp-content\/uploads\/2017\/09\/7-2.jpg",500,500,false],"gur_blog_thumbnail":["https:\/\/lapasion.es\/wp-content\/uploads\/2017\/09\/7-2.jpg",500,500,false],"woocommerce_thumbnail":["https:\/\/lapasion.es\/wp-content\/uploads\/2017\/09\/7-2.jpg",500,500,false],"woocommerce_single":["https:\/\/lapasion.es\/wp-content\/uploads\/2017\/09\/7-2.jpg",500,500,false],"woocommerce_gallery_thumbnail":["https:\/\/lapasion.es\/wp-content\/uploads\/2017\/09\/7-2-100x100.jpg",100,100,true]},"uagb_author_info":{"display_name":"incaelum","author_link":"https:\/\/lapasion.es\/fr\/author\/"},"uagb_comment_info":0,"uagb_excerpt":"MAZAP\u00c1N PI\u00d1ONATE SUPREMA SIN AZ\u00daCARES A\u00d1ADIDOS | Masa de almendra y edulcorante maltitol moldeada en forma de bola y envueltos en pi\u00f1ones DULCES NAVIDE\u00d1OS | Estos dulces navide\u00f1os se elaboran siguiendo la receta tradicional. Vienen envueltos individualmente para conservarlos durante m\u00e1s tiempo. Los mazapanes son uno de los dulces de Navidad tradicionales que no puede\u2026","_links":{"self":[{"href":"https:\/\/lapasion.es\/fr\/wp-json\/wp\/v2\/product\/13986","targetHints":{"allow":["GET"]}}],"collection":[{"href":"https:\/\/lapasion.es\/fr\/wp-json\/wp\/v2\/product"}],"about":[{"href":"https:\/\/lapasion.es\/fr\/wp-json\/wp\/v2\/types\/product"}],"wp:featuredmedia":[{"embeddable":true,"href":"https:\/\/lapasion.es\/fr\/wp-json\/wp\/v2\/media\/22417"}],"wp:attachment":[{"href":"https:\/\/lapasion.es\/fr\/wp-json\/wp\/v2\/media?parent=13986"}],"wp:term":[{"taxonomy":"product_brand","embeddable":true,"href":"https:\/\/lapasion.es\/fr\/wp-json\/wp\/v2\/product_brand?post=13986"},{"taxonomy":"product_cat","embeddable":true,"href":"https:\/\/lapasion.es\/fr\/wp-json\/wp\/v2\/product_cat?post=13986"},{"taxonomy":"product_tag","embeddable":true,"href":"https:\/\/lapasion.es\/fr\/wp-json\/wp\/v2\/product_tag?post=13986"}],"curies":[{"name":"wp","href":"https:\/\/api.w.org\/{rel}","templated":true}]}}