{"id":13984,"date":"2017-09-13T10:23:32","date_gmt":"2017-09-13T08:23:32","guid":{"rendered":"https:\/\/lapasion.es\/producto\/leticias\/"},"modified":"2024-11-03T00:33:21","modified_gmt":"2024-11-02T22:33:21","slug":"leticias","status":"publish","type":"product","link":"https:\/\/lapasion.es\/fr\/produit\/leticias\/","title":{"rendered":"Gajos de Naranja Confitada con Chocolate"},"content":{"rendered":"<p>Naranja confitada (55%) (naranja, az\u00facar, jarabe de glucosa y fructosa, acidulante (E-330) y cobertura de chocolate (45%) (pasta de cacao, az\u00facar, manteca de cacao, emulgente: lecitina de <strong>SOJA <\/strong>y aroma natural de vainilla). Cacao: 57% m\u00ednimo en el chocolate. <strong>Puede contener trazas de gluten, huevos, leche, frutos de c\u00e1scara, cacahuetes, s\u00e9samo y sulfitos.<\/strong><\/p>\n","protected":false},"excerpt":{"rendered":"<p><strong>LETICIAS<\/strong> | Naranja al chocolate.<\/p>\n<p><strong>ELABORACI\u00d3N<\/strong> | El producto se obtiene mediante el confitado de discos de naranja, y posteriormente se le da un ba\u00f1ado de chocolate. Sabor dulce t\u00edpico, olor y textura t\u00edpicos de la fruta confitada con chocolate.<\/p>\n<p><strong>DULCES NAVIDE\u00d1O<\/strong>S: Las Leticias son un dulce t\u00edpico en Navidad, y no puede faltar en nuestras mesas en unas fechas tan especiales. Aunque se pueden consumir en cualquier \u00e9poca del a\u00f1o.<\/p>\n<p><strong>PRESENTACI\u00d3N<\/strong> | Bolsa de 1 kg o Caja de 2.5 kg con Leticias envueltas individualmente para una mejor conservaci\u00f3n.<\/p>\n<p><strong>CONSUMO PREFERENTE Y CONSERVACI\u00d3N<\/strong> | 24 meses. Conservar en lugar fresco, seco y alejado de olores extra\u00f1os. Evitar cambios bruscos de temperatura. Temperatura \u00f3ptima entre 15 y 22 \u00baC. Humedad relativa: inferior al 65%.<\/p>\n","protected":false},"featured_media":22117,"template":"","meta":{"_acf_changed":false,"_uag_custom_page_level_css":"","_genesis_hide_title":false,"_genesis_hide_breadcrumbs":false,"_genesis_hide_singular_image":false,"_genesis_hide_footer_widgets":false,"_genesis_custom_body_class":"","_genesis_custom_post_class":"","_genesis_layout":""},"product_brand":[],"product_cat":[1728,1671,1745,1730,1672],"product_tag":[],"class_list":{"0":"post-13984","1":"product","2":"type-product","3":"status-publish","4":"has-post-thumbnail","6":"product_cat-boutique-en-ligne","7":"product_cat-chocolat-gourmet","8":"product_cat-confiseries-de-noel-emballees-fr","9":"product_cat-distributeurs","10":"product_cat-fruits-confits-au-chocolat","11":"entry","13":"first","14":"instock","15":"shipping-taxable","16":"purchasable","17":"product-type-variable"},"acf":[],"df_price":42.5,"df_sale_price":"","df_regular_price":42.5,"df_image_link":"https:\/\/lapasion.es\/wp-content\/uploads\/2017\/09\/Leticias-8-300x300.jpg","uagb_featured_image_src":{"full":["https:\/\/lapasion.es\/wp-content\/uploads\/2017\/09\/Leticias-8.jpg",500,500,false],"thumbnail":["https:\/\/lapasion.es\/wp-content\/uploads\/2017\/09\/Leticias-8-150x150.jpg",150,150,true],"medium":["https:\/\/lapasion.es\/wp-content\/uploads\/2017\/09\/Leticias-8-300x300.jpg",300,300,true],"medium_large":["https:\/\/lapasion.es\/wp-content\/uploads\/2017\/09\/Leticias-8.jpg",500,500,false],"large":["https:\/\/lapasion.es\/wp-content\/uploads\/2017\/09\/Leticias-8.jpg",500,500,false],"1536x1536":["https:\/\/lapasion.es\/wp-content\/uploads\/2017\/09\/Leticias-8.jpg",500,500,false],"2048x2048":["https:\/\/lapasion.es\/wp-content\/uploads\/2017\/09\/Leticias-8.jpg",500,500,false],"gur_featured_image":["https:\/\/lapasion.es\/wp-content\/uploads\/2017\/09\/Leticias-8.jpg",500,500,false],"gur_blog_thumbnail":["https:\/\/lapasion.es\/wp-content\/uploads\/2017\/09\/Leticias-8.jpg",500,500,false],"woocommerce_thumbnail":["https:\/\/lapasion.es\/wp-content\/uploads\/2017\/09\/Leticias-8.jpg",500,500,false],"woocommerce_single":["https:\/\/lapasion.es\/wp-content\/uploads\/2017\/09\/Leticias-8.jpg",500,500,false],"woocommerce_gallery_thumbnail":["https:\/\/lapasion.es\/wp-content\/uploads\/2017\/09\/Leticias-8-100x100.jpg",100,100,true]},"uagb_author_info":{"display_name":"incaelum","author_link":"https:\/\/lapasion.es\/fr\/author\/"},"uagb_comment_info":0,"uagb_excerpt":"LETICIAS | Naranja al chocolate. ELABORACI\u00d3N | El producto se obtiene mediante el confitado de discos de naranja, y posteriormente se le da un ba\u00f1ado de chocolate. Sabor dulce t\u00edpico, olor y textura t\u00edpicos de la fruta confitada con chocolate. DULCES NAVIDE\u00d1OS: Las Leticias son un dulce t\u00edpico en Navidad, y no puede faltar en\u2026","_links":{"self":[{"href":"https:\/\/lapasion.es\/fr\/wp-json\/wp\/v2\/product\/13984","targetHints":{"allow":["GET"]}}],"collection":[{"href":"https:\/\/lapasion.es\/fr\/wp-json\/wp\/v2\/product"}],"about":[{"href":"https:\/\/lapasion.es\/fr\/wp-json\/wp\/v2\/types\/product"}],"wp:featuredmedia":[{"embeddable":true,"href":"https:\/\/lapasion.es\/fr\/wp-json\/wp\/v2\/media\/22117"}],"wp:attachment":[{"href":"https:\/\/lapasion.es\/fr\/wp-json\/wp\/v2\/media?parent=13984"}],"wp:term":[{"taxonomy":"product_brand","embeddable":true,"href":"https:\/\/lapasion.es\/fr\/wp-json\/wp\/v2\/product_brand?post=13984"},{"taxonomy":"product_cat","embeddable":true,"href":"https:\/\/lapasion.es\/fr\/wp-json\/wp\/v2\/product_cat?post=13984"},{"taxonomy":"product_tag","embeddable":true,"href":"https:\/\/lapasion.es\/fr\/wp-json\/wp\/v2\/product_tag?post=13984"}],"curies":[{"name":"wp","href":"https:\/\/api.w.org\/{rel}","templated":true}]}}