{"id":13982,"date":"2019-10-18T11:37:03","date_gmt":"2019-10-18T09:37:03","guid":{"rendered":"https:\/\/lapasion.es\/producto\/est-pie-almendras-rellenas-de-turron-calidad-suprema\/"},"modified":"2024-10-08T18:03:33","modified_gmt":"2024-10-08T16:03:33","slug":"est-pie-almendras-rellenas-de-turron-calidad-suprema","status":"publish","type":"product","link":"https:\/\/lapasion.es\/fr\/produit\/est-pie-almendras-rellenas-de-turron-calidad-suprema\/","title":{"rendered":"EST. Amandes fourr\u00e9s aux Amandes | 150g x 10 \u00c9toiles"},"content":{"rendered":"<p>Garniture (90%) : sucre, <strong>amandes<\/strong> (45%). Gaufrettes (10%) : farine de <strong>bl\u00e9<\/strong>, \u00e9mulsifiant : l\u00e9cithine de <strong>soja<\/strong> et poudres \u00e0 lever : bicarbonate de sodium. <strong>Il peut contenir des traces d&rsquo;autres fruits \u00e0 coque, de lait, d&rsquo;arachides, d&rsquo;\u0153ufs, de s\u00e9same et de sulfites.<\/strong><\/p>\n","protected":false},"excerpt":{"rendered":"<div class=\"summary entry-summary\">\n<div class=\"woocommerce-product-details__short-description\">\n<p><strong>QUALIT\u00c9 SUPR\u00caME<\/strong> | AMANDES FARCIES AU NOUGAT | Le produit est obtenu en m\u00e9langeant et en homog\u00e9n\u00e9isant le sucre et les amandes. Ensuite, la coque contenant la p\u00e2te \u00e0 l&rsquo;int\u00e9rieur est d\u00e9coup\u00e9e, obtenant ainsi la forme d&rsquo;amandes. Saveur sucr\u00e9e typique, odeur et texture typiques des amandes farcies.<\/p>\n<p><strong>MOMENT PARFAIT<\/strong> | Id\u00e9al pour les desserts, snack et petit dejeuner.<\/p>\n<p><strong>PR\u00c9SENTATION | <\/strong>\u00c9toiles avec 150g x 10 paquets | Total 1.5 kg<\/p>\n<p><strong>PRODUITS EN ESPAGNE<\/strong> | Ces bonbons sont produits en Espagne.<\/p>\n<p><strong>DLU ET CONSERVATION<\/strong> | \u00a0Consommation privil\u00e9gi\u00e9e dans les 12 mois suivant sa fabrication. Conservez-le dans un endroit frais et sec et prot\u00e9gez-le du soleil.<\/p>\n<\/div>\n<\/div>\n","protected":false},"featured_media":22085,"template":"","meta":{"_acf_changed":false,"_uag_custom_page_level_css":"","_genesis_hide_title":false,"_genesis_hide_breadcrumbs":false,"_genesis_hide_singular_image":false,"_genesis_hide_footer_widgets":false,"_genesis_custom_body_class":"","_genesis_custom_post_class":"","_genesis_layout":""},"product_brand":[],"product_cat":[1743,1730],"product_tag":[],"class_list":{"0":"post-13982","1":"product","2":"type-product","3":"status-publish","4":"has-post-thumbnail","6":"product_cat-confiseries-de-noel-emballees","7":"product_cat-distributeurs","8":"entry","10":"first","11":"instock","12":"shipping-taxable","13":"purchasable","14":"product-type-simple"},"acf":[],"df_price":24.63,"df_sale_price":"","df_regular_price":24.63,"df_image_link":"https:\/\/lapasion.es\/wp-content\/uploads\/2019\/10\/ESTUCHE-ALMENDRAS-RELLENAS-DE-TURRON-SUPREMA-300x300.png","uagb_featured_image_src":{"full":["https:\/\/lapasion.es\/wp-content\/uploads\/2019\/10\/ESTUCHE-ALMENDRAS-RELLENAS-DE-TURRON-SUPREMA.png",500,500,false],"thumbnail":["https:\/\/lapasion.es\/wp-content\/uploads\/2019\/10\/ESTUCHE-ALMENDRAS-RELLENAS-DE-TURRON-SUPREMA-150x150.png",150,150,true],"medium":["https:\/\/lapasion.es\/wp-content\/uploads\/2019\/10\/ESTUCHE-ALMENDRAS-RELLENAS-DE-TURRON-SUPREMA-300x300.png",300,300,true],"medium_large":["https:\/\/lapasion.es\/wp-content\/uploads\/2019\/10\/ESTUCHE-ALMENDRAS-RELLENAS-DE-TURRON-SUPREMA.png",500,500,false],"large":["https:\/\/lapasion.es\/wp-content\/uploads\/2019\/10\/ESTUCHE-ALMENDRAS-RELLENAS-DE-TURRON-SUPREMA.png",500,500,false],"1536x1536":["https:\/\/lapasion.es\/wp-content\/uploads\/2019\/10\/ESTUCHE-ALMENDRAS-RELLENAS-DE-TURRON-SUPREMA.png",500,500,false],"2048x2048":["https:\/\/lapasion.es\/wp-content\/uploads\/2019\/10\/ESTUCHE-ALMENDRAS-RELLENAS-DE-TURRON-SUPREMA.png",500,500,false],"gur_featured_image":["https:\/\/lapasion.es\/wp-content\/uploads\/2019\/10\/ESTUCHE-ALMENDRAS-RELLENAS-DE-TURRON-SUPREMA.png",500,500,false],"gur_blog_thumbnail":["https:\/\/lapasion.es\/wp-content\/uploads\/2019\/10\/ESTUCHE-ALMENDRAS-RELLENAS-DE-TURRON-SUPREMA.png",500,500,false],"woocommerce_thumbnail":["https:\/\/lapasion.es\/wp-content\/uploads\/2019\/10\/ESTUCHE-ALMENDRAS-RELLENAS-DE-TURRON-SUPREMA.png",500,500,false],"woocommerce_single":["https:\/\/lapasion.es\/wp-content\/uploads\/2019\/10\/ESTUCHE-ALMENDRAS-RELLENAS-DE-TURRON-SUPREMA.png",500,500,false],"woocommerce_gallery_thumbnail":["https:\/\/lapasion.es\/wp-content\/uploads\/2019\/10\/ESTUCHE-ALMENDRAS-RELLENAS-DE-TURRON-SUPREMA-100x100.png",100,100,true]},"uagb_author_info":{"display_name":"incaelum","author_link":"https:\/\/lapasion.es\/fr\/author\/"},"uagb_comment_info":0,"uagb_excerpt":"QUALIT\u00c9 SUPR\u00caME | AMANDES FARCIES AU NOUGAT | Le produit est obtenu en m\u00e9langeant et en homog\u00e9n\u00e9isant le sucre et les amandes. Ensuite, la coque contenant la p\u00e2te \u00e0 l'int\u00e9rieur est d\u00e9coup\u00e9e, obtenant ainsi la forme d'amandes. Saveur sucr\u00e9e typique, odeur et texture typiques des amandes farcies. MOMENT PARFAIT | Id\u00e9al pour les desserts, snack\u2026","_links":{"self":[{"href":"https:\/\/lapasion.es\/fr\/wp-json\/wp\/v2\/product\/13982","targetHints":{"allow":["GET"]}}],"collection":[{"href":"https:\/\/lapasion.es\/fr\/wp-json\/wp\/v2\/product"}],"about":[{"href":"https:\/\/lapasion.es\/fr\/wp-json\/wp\/v2\/types\/product"}],"wp:featuredmedia":[{"embeddable":true,"href":"https:\/\/lapasion.es\/fr\/wp-json\/wp\/v2\/media\/22085"}],"wp:attachment":[{"href":"https:\/\/lapasion.es\/fr\/wp-json\/wp\/v2\/media?parent=13982"}],"wp:term":[{"taxonomy":"product_brand","embeddable":true,"href":"https:\/\/lapasion.es\/fr\/wp-json\/wp\/v2\/product_brand?post=13982"},{"taxonomy":"product_cat","embeddable":true,"href":"https:\/\/lapasion.es\/fr\/wp-json\/wp\/v2\/product_cat?post=13982"},{"taxonomy":"product_tag","embeddable":true,"href":"https:\/\/lapasion.es\/fr\/wp-json\/wp\/v2\/product_tag?post=13982"}],"curies":[{"name":"wp","href":"https:\/\/api.w.org\/{rel}","templated":true}]}}