{"id":13980,"date":"2017-09-13T10:20:21","date_gmt":"2017-09-13T08:20:21","guid":{"rendered":"https:\/\/lapasion.es\/producto\/delicias-crema\/"},"modified":"2024-10-07T18:57:12","modified_gmt":"2024-10-07T16:57:12","slug":"delicias-crema","status":"publish","type":"product","link":"https:\/\/lapasion.es\/fr\/produit\/delicias-crema\/","title":{"rendered":"D\u00e9lices \u00e0 la cr\u00e8me envelopp\u00e9s | 2Kg"},"content":{"rendered":"<p><span class=\"a-list-item\">Farine de <strong>bl\u00e9<\/strong>, sucre, <strong>\u0153uf <\/strong>pasteuris\u00e9, huiles de tournesol et de <strong>soja<\/strong> en proportion variable, cr\u00e8me p\u00e2tissi\u00e8re 18% [<strong>\u0153uf<\/strong> pasteuris\u00e9, amidon de ma\u00efs, sucre et colorant (carot\u00e8ne), ar\u00f4me vanille], sucre inverti, g\u00e9lifiants (carragh\u00e9nane et gomme xanthane), humectants (sorbitol et glyc\u00e9rine), agents levants (carbonate acide de sodium et diphosphate disodique), conservateurs (acide sorbique et sorbate de potassium), acidulant (acide citrique), sel, prot\u00e9ines de <strong>lait<\/strong>, ar\u00f4me (beurre, vanille, citron) et colorant (carot\u00e8ne ). <strong>Peut contenir des traces de fuit a coque.<\/strong><\/span><\/p>\n","protected":false},"excerpt":{"rendered":"<p><strong>QUALIT\u00c9 SUPR\u00caME<\/strong> | G\u00e9noise marqu\u00e9e de cr\u00e8me p\u00e2tissi\u00e8re et recouverte d&rsquo;une fine couche de g\u00e9latine. P\u00e2tisseries r\u00e9alis\u00e9es de mani\u00e8re traditionnelle.<\/p>\n<p><strong>MOMENT PARFAIT<\/strong> | Id\u00e9al pour les desserts, snack et petit dejeuner.<\/p>\n<p><strong>PR\u00c9SENTATION<\/strong> | Produit envelopp\u00e9 | Total 2 kg<\/p>\n<p><strong>PRODUITS EN ESPAGNE<\/strong> | Ces bonbons sont produits en Espagne.<\/p>\n<p><strong>DLU ET CONSERVATION<\/strong> | \u00a0Consommation privil\u00e9gi\u00e9e dans les 7 mois suivant sa fabrication. Conservez-le dans un endroit frais et sec et prot\u00e9gez-le du soleil.<\/p>\n","protected":false},"featured_media":15618,"template":"","meta":{"_acf_changed":false,"_uag_custom_page_level_css":"","_genesis_hide_title":false,"_genesis_hide_breadcrumbs":false,"_genesis_hide_singular_image":false,"_genesis_hide_footer_widgets":false,"_genesis_custom_body_class":"","_genesis_custom_post_class":"","_genesis_layout":""},"product_brand":[],"product_cat":[1728,1665,1664],"product_tag":[],"class_list":{"0":"post-13980","1":"product","2":"type-product","3":"status-publish","4":"has-post-thumbnail","6":"product_cat-boutique-en-ligne","7":"product_cat-biscuits-fr","8":"product_cat-confiserie-boulangerie","9":"entry","11":"first","12":"instock","13":"shipping-taxable","14":"purchasable","15":"product-type-simple"},"acf":[],"df_price":27.92,"df_sale_price":"","df_regular_price":27.92,"df_image_link":"https:\/\/lapasion.es\/wp-content\/uploads\/2017\/09\/004034-delicias-crema-300x300.jpg","uagb_featured_image_src":{"full":["https:\/\/lapasion.es\/wp-content\/uploads\/2017\/09\/004034-delicias-crema.jpg",500,500,false],"thumbnail":["https:\/\/lapasion.es\/wp-content\/uploads\/2017\/09\/004034-delicias-crema-150x150.jpg",150,150,true],"medium":["https:\/\/lapasion.es\/wp-content\/uploads\/2017\/09\/004034-delicias-crema-300x300.jpg",300,300,true],"medium_large":["https:\/\/lapasion.es\/wp-content\/uploads\/2017\/09\/004034-delicias-crema.jpg",500,500,false],"large":["https:\/\/lapasion.es\/wp-content\/uploads\/2017\/09\/004034-delicias-crema.jpg",500,500,false],"1536x1536":["https:\/\/lapasion.es\/wp-content\/uploads\/2017\/09\/004034-delicias-crema.jpg",500,500,false],"2048x2048":["https:\/\/lapasion.es\/wp-content\/uploads\/2017\/09\/004034-delicias-crema.jpg",500,500,false],"gur_featured_image":["https:\/\/lapasion.es\/wp-content\/uploads\/2017\/09\/004034-delicias-crema.jpg",500,500,false],"gur_blog_thumbnail":["https:\/\/lapasion.es\/wp-content\/uploads\/2017\/09\/004034-delicias-crema-240x240.jpg",240,240,true],"woocommerce_thumbnail":["https:\/\/lapasion.es\/wp-content\/uploads\/2017\/09\/004034-delicias-crema.jpg",500,500,false],"woocommerce_single":["https:\/\/lapasion.es\/wp-content\/uploads\/2017\/09\/004034-delicias-crema.jpg",500,500,false],"woocommerce_gallery_thumbnail":["https:\/\/lapasion.es\/wp-content\/uploads\/2017\/09\/004034-delicias-crema-100x100.jpg",100,100,true]},"uagb_author_info":{"display_name":"incaelum","author_link":"https:\/\/lapasion.es\/fr\/author\/"},"uagb_comment_info":0,"uagb_excerpt":"QUALIT\u00c9 SUPR\u00caME | G\u00e9noise marqu\u00e9e de cr\u00e8me p\u00e2tissi\u00e8re et recouverte d'une fine couche de g\u00e9latine. P\u00e2tisseries r\u00e9alis\u00e9es de mani\u00e8re traditionnelle. MOMENT PARFAIT | Id\u00e9al pour les desserts, snack et petit dejeuner. PR\u00c9SENTATION | Produit envelopp\u00e9 | Total 2 kg PRODUITS EN ESPAGNE | Ces bonbons sont produits en Espagne. DLU ET CONSERVATION | \u00a0Consommation privil\u00e9gi\u00e9e\u2026","_links":{"self":[{"href":"https:\/\/lapasion.es\/fr\/wp-json\/wp\/v2\/product\/13980","targetHints":{"allow":["GET"]}}],"collection":[{"href":"https:\/\/lapasion.es\/fr\/wp-json\/wp\/v2\/product"}],"about":[{"href":"https:\/\/lapasion.es\/fr\/wp-json\/wp\/v2\/types\/product"}],"wp:featuredmedia":[{"embeddable":true,"href":"https:\/\/lapasion.es\/fr\/wp-json\/wp\/v2\/media\/15618"}],"wp:attachment":[{"href":"https:\/\/lapasion.es\/fr\/wp-json\/wp\/v2\/media?parent=13980"}],"wp:term":[{"taxonomy":"product_brand","embeddable":true,"href":"https:\/\/lapasion.es\/fr\/wp-json\/wp\/v2\/product_brand?post=13980"},{"taxonomy":"product_cat","embeddable":true,"href":"https:\/\/lapasion.es\/fr\/wp-json\/wp\/v2\/product_cat?post=13980"},{"taxonomy":"product_tag","embeddable":true,"href":"https:\/\/lapasion.es\/fr\/wp-json\/wp\/v2\/product_tag?post=13980"}],"curies":[{"name":"wp","href":"https:\/\/api.w.org\/{rel}","templated":true}]}}