{"id":13979,"date":"2017-09-13T10:13:36","date_gmt":"2017-09-13T10:13:36","guid":{"rendered":"https:\/\/lapasion.es\/producto\/delicia-crema-5-unids\/"},"modified":"2024-09-02T09:44:26","modified_gmt":"2024-09-02T07:44:26","slug":"delicia-crema-5-unids","status":"publish","type":"product","link":"https:\/\/lapasion.es\/fr\/produit\/delicia-crema-5-unids\/","title":{"rendered":"Delicias de crema 5 unids | 220g x 11 paquetes"},"content":{"rendered":"<p>Farine de <strong>BL\u00c9<\/strong>, sucre, <strong>\u0152UF<\/strong> pasteuris\u00e9, huiles de tournesol et de <strong>SOJA<\/strong> en proportion variable, cr\u00e8me p\u00e2tissi\u00e8re 18% [<strong>\u0152UF<\/strong> pasteuris\u00e9, amidon de ma\u00efs, sucre et colorant (carot\u00e8ne), ar\u00f4me vanille], sucre inverti, g\u00e9lifiants (carragh\u00e9nane et gomme xanthane), humectants (sorbitol et glyc\u00e9rine), agents levants (carbonate acide de sodium et diphosphate disodique), conservateurs (acide sorbique et sorbate de potassium), acidulant (acide citrique), sel, prot\u00e9ines de <strong>LAIT<\/strong>, ar\u00f4me (<strong>BEURRE<\/strong>, vanille, citron) et colorant (carot\u00e8ne ). <strong>Peut contenir des traces de fruits \u00e0 coque.<\/strong><\/p>\n","protected":false},"excerpt":{"rendered":"<p>Peque\u00f1as delicias de la vida.<br \/>\nEsponjoso y jugoso bizcocho decorado con 3 amplias franjas de crema.<\/p>\n<p>Presentado en una bandeja con 5 unidades. (Producto de reposter\u00eda)<\/p>\n","protected":false},"featured_media":10650,"template":"","meta":{"_acf_changed":false,"_uag_custom_page_level_css":"","_genesis_hide_title":false,"_genesis_hide_breadcrumbs":false,"_genesis_hide_singular_image":false,"_genesis_hide_footer_widgets":false,"_genesis_custom_body_class":"","_genesis_custom_post_class":"","_genesis_layout":""},"product_brand":[],"product_cat":[],"product_tag":[],"class_list":{"0":"post-13979","1":"product","2":"type-product","3":"status-publish","4":"has-post-thumbnail","6":"entry","8":"first","9":"outofstock","10":"shipping-taxable","11":"purchasable","12":"product-type-simple"},"acf":[],"df_price":"","df_sale_price":"","df_regular_price":"","df_image_link":"https:\/\/lapasion.es\/wp-content\/uploads\/2017\/09\/Delicia-crema-4-unids-300x300.jpg","uagb_featured_image_src":{"full":["https:\/\/lapasion.es\/wp-content\/uploads\/2017\/09\/Delicia-crema-4-unids.jpg",500,500,false],"thumbnail":["https:\/\/lapasion.es\/wp-content\/uploads\/2017\/09\/Delicia-crema-4-unids-150x150.jpg",150,150,true],"medium":["https:\/\/lapasion.es\/wp-content\/uploads\/2017\/09\/Delicia-crema-4-unids-300x300.jpg",300,300,true],"medium_large":["https:\/\/lapasion.es\/wp-content\/uploads\/2017\/09\/Delicia-crema-4-unids.jpg",500,500,false],"large":["https:\/\/lapasion.es\/wp-content\/uploads\/2017\/09\/Delicia-crema-4-unids.jpg",500,500,false],"1536x1536":["https:\/\/lapasion.es\/wp-content\/uploads\/2017\/09\/Delicia-crema-4-unids.jpg",500,500,false],"2048x2048":["https:\/\/lapasion.es\/wp-content\/uploads\/2017\/09\/Delicia-crema-4-unids.jpg",500,500,false],"gur_featured_image":["https:\/\/lapasion.es\/wp-content\/uploads\/2017\/09\/Delicia-crema-4-unids.jpg",500,500,false],"gur_blog_thumbnail":["https:\/\/lapasion.es\/wp-content\/uploads\/2017\/09\/Delicia-crema-4-unids.jpg",500,500,false],"woocommerce_thumbnail":["https:\/\/lapasion.es\/wp-content\/uploads\/2017\/09\/Delicia-crema-4-unids.jpg",500,500,false],"woocommerce_single":["https:\/\/lapasion.es\/wp-content\/uploads\/2017\/09\/Delicia-crema-4-unids.jpg",500,500,false],"woocommerce_gallery_thumbnail":["https:\/\/lapasion.es\/wp-content\/uploads\/2017\/09\/Delicia-crema-4-unids-100x100.jpg",100,100,true]},"uagb_author_info":{"display_name":"incaelum","author_link":"https:\/\/lapasion.es\/fr\/author\/"},"uagb_comment_info":0,"uagb_excerpt":"Peque\u00f1as delicias de la vida. Esponjoso y jugoso bizcocho decorado con 3 amplias franjas de crema. Presentado en una bandeja con 5 unidades. (Producto de reposter\u00eda)","_links":{"self":[{"href":"https:\/\/lapasion.es\/fr\/wp-json\/wp\/v2\/product\/13979","targetHints":{"allow":["GET"]}}],"collection":[{"href":"https:\/\/lapasion.es\/fr\/wp-json\/wp\/v2\/product"}],"about":[{"href":"https:\/\/lapasion.es\/fr\/wp-json\/wp\/v2\/types\/product"}],"wp:featuredmedia":[{"embeddable":true,"href":"https:\/\/lapasion.es\/fr\/wp-json\/wp\/v2\/media\/10650"}],"wp:attachment":[{"href":"https:\/\/lapasion.es\/fr\/wp-json\/wp\/v2\/media?parent=13979"}],"wp:term":[{"taxonomy":"product_brand","embeddable":true,"href":"https:\/\/lapasion.es\/fr\/wp-json\/wp\/v2\/product_brand?post=13979"},{"taxonomy":"product_cat","embeddable":true,"href":"https:\/\/lapasion.es\/fr\/wp-json\/wp\/v2\/product_cat?post=13979"},{"taxonomy":"product_tag","embeddable":true,"href":"https:\/\/lapasion.es\/fr\/wp-json\/wp\/v2\/product_tag?post=13979"}],"curies":[{"name":"wp","href":"https:\/\/api.w.org\/{rel}","templated":true}]}}