{"id":13976,"date":"2018-01-05T07:49:26","date_gmt":"2018-01-05T05:49:26","guid":{"rendered":"https:\/\/lapasion.es\/producto\/cocosweet\/"},"modified":"2024-07-19T11:17:24","modified_gmt":"2024-07-19T09:17:24","slug":"cocosweet","status":"publish","type":"product","link":"https:\/\/lapasion.es\/fr\/produit\/cocosweet\/","title":{"rendered":"Cocosweet envuelto | 2 Kg"},"content":{"rendered":"<p>Noix de coco r\u00e2p\u00e9e (36%) (Contient des <strong>SULFITES<\/strong>), sucre, <strong>OEUFS<\/strong>, eau, sirop (eau, sucre, E330 et E202), acidifiant (E330), conservateur (E202), ar\u00f4me beurre et stabilisant (E466). <strong>Peut contenir des traces de gluten, moutarde, s\u00e9same, fruits \u00e0 coque, soja et lait.<\/strong><\/p>\n","protected":false},"excerpt":{"rendered":"<p><strong>DELICIOSA REPOSTER\u00cdA<\/strong> | Bolitas de coco | El producto viene envuelto individualmente | Caja de 2 Kg.<\/p>\n<p><strong>CALIDAD SUPREMA<\/strong> | Producto elaborado a partir de masa trabajada con coco y az\u00facar. Con forma y sabor caracter\u00edstico a coco.<\/p>\n<p><strong>FECHA DE CONSUMO PREFERENTE<\/strong> y condiciones de <strong>CONSERVACI\u00d3N<\/strong> | 12 meses. Almacenar bien cerrado en lugar fresco, seco y alejado de los rayos directos del sol y otras fuentes de calor.<\/p>\n<p>Presentado envuelto individualmente. (Producto de reposter\u00eda)<\/p>\n<p>&nbsp;<\/p>\n","protected":false},"featured_media":10168,"template":"","meta":{"_acf_changed":false,"_uag_custom_page_level_css":"","_genesis_hide_title":false,"_genesis_hide_breadcrumbs":false,"_genesis_hide_singular_image":false,"_genesis_hide_footer_widgets":false,"_genesis_custom_body_class":"","_genesis_custom_post_class":"","_genesis_layout":""},"product_brand":[],"product_cat":[1676,1728,1671,1745,1730],"product_tag":[],"class_list":{"0":"post-13976","1":"product","2":"type-product","3":"status-publish","4":"has-post-thumbnail","6":"product_cat-bonbons-a-la-noix-de-coco","7":"product_cat-boutique-en-ligne","8":"product_cat-chocolat-gourmet","9":"product_cat-confiseries-de-noel-emballees-fr","10":"product_cat-distributeurs","11":"entry","13":"first","14":"outofstock","15":"shipping-taxable","16":"purchasable","17":"product-type-simple"},"acf":[],"df_price":29.19,"df_sale_price":"","df_regular_price":29.19,"df_image_link":"https:\/\/lapasion.es\/wp-content\/uploads\/2018\/01\/cocosweet-env-298x300.jpg","uagb_featured_image_src":{"full":["https:\/\/lapasion.es\/wp-content\/uploads\/2018\/01\/cocosweet-env.jpg",1996,2007,false],"thumbnail":["https:\/\/lapasion.es\/wp-content\/uploads\/2018\/01\/cocosweet-env-150x150.jpg",150,150,true],"medium":["https:\/\/lapasion.es\/wp-content\/uploads\/2018\/01\/cocosweet-env-298x300.jpg",298,300,true],"medium_large":["https:\/\/lapasion.es\/wp-content\/uploads\/2018\/01\/cocosweet-env-768x772.jpg",768,772,true],"large":["https:\/\/lapasion.es\/wp-content\/uploads\/2018\/01\/cocosweet-env-1018x1024.jpg",1018,1024,true],"1536x1536":["https:\/\/lapasion.es\/wp-content\/uploads\/2018\/01\/cocosweet-env-1528x1536.jpg",1528,1536,true],"2048x2048":["https:\/\/lapasion.es\/wp-content\/uploads\/2018\/01\/cocosweet-env.jpg",1996,2007,false],"gur_featured_image":["https:\/\/lapasion.es\/wp-content\/uploads\/2018\/01\/cocosweet-env.jpg",627,630,false],"gur_blog_thumbnail":["https:\/\/lapasion.es\/wp-content\/uploads\/2018\/01\/cocosweet-env.jpg",497,500,false],"woocommerce_thumbnail":["https:\/\/lapasion.es\/wp-content\/uploads\/2018\/01\/cocosweet-env-500x500.jpg",500,500,true],"woocommerce_single":["https:\/\/lapasion.es\/wp-content\/uploads\/2018\/01\/cocosweet-env-655x659.jpg",655,659,true],"woocommerce_gallery_thumbnail":["https:\/\/lapasion.es\/wp-content\/uploads\/2018\/01\/cocosweet-env-100x100.jpg",100,100,true]},"uagb_author_info":{"display_name":"incaelum","author_link":"https:\/\/lapasion.es\/fr\/author\/"},"uagb_comment_info":0,"uagb_excerpt":"DELICIOSA REPOSTER\u00cdA | Bolitas de coco | El producto viene envuelto individualmente | Caja de 2 Kg. CALIDAD SUPREMA | Producto elaborado a partir de masa trabajada con coco y az\u00facar. Con forma y sabor caracter\u00edstico a coco. FECHA DE CONSUMO PREFERENTE y condiciones de CONSERVACI\u00d3N | 12 meses. Almacenar bien cerrado en lugar fresco,\u2026","_links":{"self":[{"href":"https:\/\/lapasion.es\/fr\/wp-json\/wp\/v2\/product\/13976","targetHints":{"allow":["GET"]}}],"collection":[{"href":"https:\/\/lapasion.es\/fr\/wp-json\/wp\/v2\/product"}],"about":[{"href":"https:\/\/lapasion.es\/fr\/wp-json\/wp\/v2\/types\/product"}],"wp:featuredmedia":[{"embeddable":true,"href":"https:\/\/lapasion.es\/fr\/wp-json\/wp\/v2\/media\/10168"}],"wp:attachment":[{"href":"https:\/\/lapasion.es\/fr\/wp-json\/wp\/v2\/media?parent=13976"}],"wp:term":[{"taxonomy":"product_brand","embeddable":true,"href":"https:\/\/lapasion.es\/fr\/wp-json\/wp\/v2\/product_brand?post=13976"},{"taxonomy":"product_cat","embeddable":true,"href":"https:\/\/lapasion.es\/fr\/wp-json\/wp\/v2\/product_cat?post=13976"},{"taxonomy":"product_tag","embeddable":true,"href":"https:\/\/lapasion.es\/fr\/wp-json\/wp\/v2\/product_tag?post=13976"}],"curies":[{"name":"wp","href":"https:\/\/api.w.org\/{rel}","templated":true}]}}