{"id":13975,"date":"2018-01-05T08:06:43","date_gmt":"2018-01-05T08:06:43","guid":{"rendered":"https:\/\/lapasion.es\/producto\/cocosweet-cacao-env\/"},"modified":"2024-07-19T11:50:08","modified_gmt":"2024-07-19T09:50:08","slug":"cocosweet-cacao-env","status":"publish","type":"product","link":"https:\/\/lapasion.es\/fr\/produit\/cocosweet-cacao-env\/","title":{"rendered":"Cocosweet Cacao  | 2 Kg"},"content":{"rendered":"<p>Noix de coco r\u00e2p\u00e9e 36% (Contient des <strong>SULFITES<\/strong>), sucre, <strong>OEUFS<\/strong>, enrobage sp\u00e9cial \u00e0 base de graisse v\u00e9g\u00e9tale 11% [Sucre, graisse v\u00e9g\u00e9tale enti\u00e8rement hydrog\u00e9n\u00e9e (palmiste), poudre de cacao d\u00e9graiss\u00e9 (15,5%), \u00e9mulsifiants (l\u00e9cithine de tournesol, polyricinol\u00e9ate polyglyc\u00e9rol, trist\u00e9arate de sorbitane ) et ar\u00f4me], eau, sirop (eau, sucre, E330 et E202), acidulant (E330), conservateur (E202), ar\u00f4me beurre et stabilisant (E466). <strong>Peut contenir des traces de lait, s\u00e9same, gluten, moutarde, fruits \u00e0 coque et soja.<\/strong><\/p>\n","protected":false},"excerpt":{"rendered":"<p><strong>COCOSWEET CHOCO<\/strong> | Bolitas de coco con cobertura de chocolate.<\/p>\n<p><strong>DELICIOSA REPOSTER\u00cdA<\/strong> | Dulce elaborado a partir de masa trabajada con coco y az\u00facar. Con forma y sabor caracter\u00edstico a coco y con cobertura de delicioso chocolate.<\/p>\n<p><strong>PRESENTACI\u00d3N<\/strong> | Caja de 2 Kg. El producto viene envuelto individualmente.<\/p>\n<p><strong>PRODUCIDOS EN ESPA\u00d1A<\/strong> | Estos productos han sido producidos en Espa\u00f1a.<\/p>\n<p><strong>FECHA DE CONSUMO PREFERENTE<\/strong> y condiciones de <strong>CONSERVACI\u00d3N<\/strong> | 12 meses desde su fabricaci\u00f3n. Almacenar bien cerrado en lugar fresco, seco y alejado de los rayos directos del sol y otras fuentes de calor.<\/p>\n","protected":false},"featured_media":16782,"template":"","meta":{"_acf_changed":false,"_uag_custom_page_level_css":"","_genesis_hide_title":false,"_genesis_hide_breadcrumbs":false,"_genesis_hide_singular_image":false,"_genesis_hide_footer_widgets":false,"_genesis_custom_body_class":"","_genesis_custom_post_class":"","_genesis_layout":""},"product_brand":[],"product_cat":[1676,1728,1671,1745,1730],"product_tag":[],"class_list":{"0":"post-13975","1":"product","2":"type-product","3":"status-publish","4":"has-post-thumbnail","6":"product_cat-bonbons-a-la-noix-de-coco","7":"product_cat-boutique-en-ligne","8":"product_cat-chocolat-gourmet","9":"product_cat-confiseries-de-noel-emballees-fr","10":"product_cat-distributeurs","11":"entry","13":"first","14":"instock","15":"shipping-taxable","16":"purchasable","17":"product-type-simple"},"acf":[],"df_price":39.9,"df_sale_price":"","df_regular_price":39.9,"df_image_link":"https:\/\/lapasion.es\/wp-content\/uploads\/2018\/01\/cocosweet-cacao-envuelto-25-kg-1-300x300.jpg","uagb_featured_image_src":{"full":["https:\/\/lapasion.es\/wp-content\/uploads\/2018\/01\/cocosweet-cacao-envuelto-25-kg-1.jpg",800,800,false],"thumbnail":["https:\/\/lapasion.es\/wp-content\/uploads\/2018\/01\/cocosweet-cacao-envuelto-25-kg-1-150x150.jpg",150,150,true],"medium":["https:\/\/lapasion.es\/wp-content\/uploads\/2018\/01\/cocosweet-cacao-envuelto-25-kg-1-300x300.jpg",300,300,true],"medium_large":["https:\/\/lapasion.es\/wp-content\/uploads\/2018\/01\/cocosweet-cacao-envuelto-25-kg-1-768x768.jpg",768,768,true],"large":["https:\/\/lapasion.es\/wp-content\/uploads\/2018\/01\/cocosweet-cacao-envuelto-25-kg-1.jpg",800,800,false],"1536x1536":["https:\/\/lapasion.es\/wp-content\/uploads\/2018\/01\/cocosweet-cacao-envuelto-25-kg-1.jpg",800,800,false],"2048x2048":["https:\/\/lapasion.es\/wp-content\/uploads\/2018\/01\/cocosweet-cacao-envuelto-25-kg-1.jpg",800,800,false],"gur_featured_image":["https:\/\/lapasion.es\/wp-content\/uploads\/2018\/01\/cocosweet-cacao-envuelto-25-kg-1-800x630.jpg",800,630,true],"gur_blog_thumbnail":["https:\/\/lapasion.es\/wp-content\/uploads\/2018\/01\/cocosweet-cacao-envuelto-25-kg-1-240x240.jpg",240,240,true],"woocommerce_thumbnail":["https:\/\/lapasion.es\/wp-content\/uploads\/2018\/01\/cocosweet-cacao-envuelto-25-kg-1-500x500.jpg",500,500,true],"woocommerce_single":["https:\/\/lapasion.es\/wp-content\/uploads\/2018\/01\/cocosweet-cacao-envuelto-25-kg-1-655x655.jpg",655,655,true],"woocommerce_gallery_thumbnail":["https:\/\/lapasion.es\/wp-content\/uploads\/2018\/01\/cocosweet-cacao-envuelto-25-kg-1-100x100.jpg",100,100,true]},"uagb_author_info":{"display_name":"incaelum","author_link":"https:\/\/lapasion.es\/fr\/author\/"},"uagb_comment_info":0,"uagb_excerpt":"COCOSWEET CHOCO | Bolitas de coco con cobertura de chocolate. DELICIOSA REPOSTER\u00cdA | Dulce elaborado a partir de masa trabajada con coco y az\u00facar. Con forma y sabor caracter\u00edstico a coco y con cobertura de delicioso chocolate. PRESENTACI\u00d3N | Caja de 2 Kg. El producto viene envuelto individualmente. PRODUCIDOS EN ESPA\u00d1A | Estos productos han\u2026","_links":{"self":[{"href":"https:\/\/lapasion.es\/fr\/wp-json\/wp\/v2\/product\/13975","targetHints":{"allow":["GET"]}}],"collection":[{"href":"https:\/\/lapasion.es\/fr\/wp-json\/wp\/v2\/product"}],"about":[{"href":"https:\/\/lapasion.es\/fr\/wp-json\/wp\/v2\/types\/product"}],"wp:featuredmedia":[{"embeddable":true,"href":"https:\/\/lapasion.es\/fr\/wp-json\/wp\/v2\/media\/16782"}],"wp:attachment":[{"href":"https:\/\/lapasion.es\/fr\/wp-json\/wp\/v2\/media?parent=13975"}],"wp:term":[{"taxonomy":"product_brand","embeddable":true,"href":"https:\/\/lapasion.es\/fr\/wp-json\/wp\/v2\/product_brand?post=13975"},{"taxonomy":"product_cat","embeddable":true,"href":"https:\/\/lapasion.es\/fr\/wp-json\/wp\/v2\/product_cat?post=13975"},{"taxonomy":"product_tag","embeddable":true,"href":"https:\/\/lapasion.es\/fr\/wp-json\/wp\/v2\/product_tag?post=13975"}],"curies":[{"name":"wp","href":"https:\/\/api.w.org\/{rel}","templated":true}]}}