{"id":13973,"date":"2018-12-14T11:37:59","date_gmt":"2018-12-14T11:37:59","guid":{"rendered":"https:\/\/lapasion.es\/producto\/coc-marmol-500g\/"},"modified":"2024-10-08T18:59:17","modified_gmt":"2024-10-08T16:59:17","slug":"coc-marmol-500g","status":"publish","type":"product","link":"https:\/\/lapasion.es\/fr\/produit\/coc-marmol-500g\/","title":{"rendered":"G\u00e2teau Coc Moelleux Marbre | 500g x 4 paquetes"},"content":{"rendered":"<p>Farine de <strong>BL\u00c9<\/strong>, huile de tournesol et de <strong>SOJA<\/strong> en proportions variables, sucre, <strong>\u0152UF<\/strong> pasteuris\u00e9, sucre inverti, humectants (sorbitol, glyc\u00e9rine), poudre de cacao semi-d\u00e9graiss\u00e9e, amidon de ma\u00efs, poudres \u00e0 lever (hydrog\u00e9nocarbonate de sodium et diphosphate disodique), prot\u00e9ines de <strong>LAIT<\/strong>, conservateurs. (acide sorbique et sorbate de potassium), sel, ar\u00f4me (beurre, chocolat, citron), acidifiant (acide citrique), colorant (carot\u00e8ne).<\/p>\n","protected":false},"excerpt":{"rendered":"<p><strong>QUALIT\u00c9 SUPR\u00caME<\/strong> |Produit de p\u00e2tisserie qui r\u00e9pond au nom COC M\u00c1RMOL ou MARMOLEADO. Il se caract\u00e9rise par un g\u00e2teau fait maison, \u00e0 la p\u00e2te dor\u00e9e et brune. Odeur de produit cuit, saveur de g\u00e9noise sucr\u00e9e et l\u00e9g\u00e8rement chocolat\u00e9e, couleur de p\u00e2te dor\u00e9e et brune, texture tendre et consistance l\u00e9g\u00e8rement humide.<\/p>\n<p><strong>MOMENT PARFAIT<\/strong> | Id\u00e9al pour les desserts, snack et petit dejeuner.<\/p>\n<p><strong>PR\u00c9SENTATION<\/strong> | 500 g x 4 paquets | Total 2 kg<\/p>\n<p><strong>PRODUITS EN ESPAGNE<\/strong> | Ces bonbons sont produits en Espagne.<\/p>\n<p><strong>DLU ET CONSERVATION<\/strong> | \u00a0Consommation privil\u00e9gi\u00e9e dans les 7 mois suivant sa fabrication. Conservez-le dans un endroit frais et sec et prot\u00e9gez-le du soleil.<\/p>\n","protected":false},"featured_media":11050,"template":"","meta":{"_acf_changed":false,"_uag_custom_page_level_css":"","_genesis_hide_title":false,"_genesis_hide_breadcrumbs":false,"_genesis_hide_singular_image":false,"_genesis_hide_footer_widgets":false,"_genesis_custom_body_class":"","_genesis_custom_post_class":"","_genesis_layout":""},"product_brand":[],"product_cat":[1728,1665,1664],"product_tag":[],"class_list":{"0":"post-13973","1":"product","2":"type-product","3":"status-publish","4":"has-post-thumbnail","6":"product_cat-boutique-en-ligne","7":"product_cat-biscuits-fr","8":"product_cat-confiserie-boulangerie","9":"entry","11":"first","12":"instock","13":"shipping-taxable","14":"purchasable","15":"product-type-simple"},"acf":[],"df_price":29.9,"df_sale_price":"","df_regular_price":29.9,"df_image_link":"https:\/\/lapasion.es\/wp-content\/uploads\/2018\/12\/COC-MARMOL-300x300.jpg","uagb_featured_image_src":{"full":["https:\/\/lapasion.es\/wp-content\/uploads\/2018\/12\/COC-MARMOL.jpg",500,500,false],"thumbnail":["https:\/\/lapasion.es\/wp-content\/uploads\/2018\/12\/COC-MARMOL-150x150.jpg",150,150,true],"medium":["https:\/\/lapasion.es\/wp-content\/uploads\/2018\/12\/COC-MARMOL-300x300.jpg",300,300,true],"medium_large":["https:\/\/lapasion.es\/wp-content\/uploads\/2018\/12\/COC-MARMOL.jpg",500,500,false],"large":["https:\/\/lapasion.es\/wp-content\/uploads\/2018\/12\/COC-MARMOL.jpg",500,500,false],"1536x1536":["https:\/\/lapasion.es\/wp-content\/uploads\/2018\/12\/COC-MARMOL.jpg",500,500,false],"2048x2048":["https:\/\/lapasion.es\/wp-content\/uploads\/2018\/12\/COC-MARMOL.jpg",500,500,false],"gur_featured_image":["https:\/\/lapasion.es\/wp-content\/uploads\/2018\/12\/COC-MARMOL.jpg",500,500,false],"gur_blog_thumbnail":["https:\/\/lapasion.es\/wp-content\/uploads\/2018\/12\/COC-MARMOL.jpg",500,500,false],"woocommerce_thumbnail":["https:\/\/lapasion.es\/wp-content\/uploads\/2018\/12\/COC-MARMOL.jpg",500,500,false],"woocommerce_single":["https:\/\/lapasion.es\/wp-content\/uploads\/2018\/12\/COC-MARMOL.jpg",500,500,false],"woocommerce_gallery_thumbnail":["https:\/\/lapasion.es\/wp-content\/uploads\/2018\/12\/COC-MARMOL-100x100.jpg",100,100,true]},"uagb_author_info":{"display_name":"incaelum","author_link":"https:\/\/lapasion.es\/fr\/author\/"},"uagb_comment_info":0,"uagb_excerpt":"QUALIT\u00c9 SUPR\u00caME |Produit de p\u00e2tisserie qui r\u00e9pond au nom COC M\u00c1RMOL ou MARMOLEADO. Il se caract\u00e9rise par un g\u00e2teau fait maison, \u00e0 la p\u00e2te dor\u00e9e et brune. Odeur de produit cuit, saveur de g\u00e9noise sucr\u00e9e et l\u00e9g\u00e8rement chocolat\u00e9e, couleur de p\u00e2te dor\u00e9e et brune, texture tendre et consistance l\u00e9g\u00e8rement humide. MOMENT PARFAIT | Id\u00e9al pour\u2026","_links":{"self":[{"href":"https:\/\/lapasion.es\/fr\/wp-json\/wp\/v2\/product\/13973","targetHints":{"allow":["GET"]}}],"collection":[{"href":"https:\/\/lapasion.es\/fr\/wp-json\/wp\/v2\/product"}],"about":[{"href":"https:\/\/lapasion.es\/fr\/wp-json\/wp\/v2\/types\/product"}],"wp:featuredmedia":[{"embeddable":true,"href":"https:\/\/lapasion.es\/fr\/wp-json\/wp\/v2\/media\/11050"}],"wp:attachment":[{"href":"https:\/\/lapasion.es\/fr\/wp-json\/wp\/v2\/media?parent=13973"}],"wp:term":[{"taxonomy":"product_brand","embeddable":true,"href":"https:\/\/lapasion.es\/fr\/wp-json\/wp\/v2\/product_brand?post=13973"},{"taxonomy":"product_cat","embeddable":true,"href":"https:\/\/lapasion.es\/fr\/wp-json\/wp\/v2\/product_cat?post=13973"},{"taxonomy":"product_tag","embeddable":true,"href":"https:\/\/lapasion.es\/fr\/wp-json\/wp\/v2\/product_tag?post=13973"}],"curies":[{"name":"wp","href":"https:\/\/api.w.org\/{rel}","templated":true}]}}