{"id":13972,"date":"2020-05-27T07:31:55","date_gmt":"2020-05-27T05:31:55","guid":{"rendered":"https:\/\/lapasion.es\/producto\/coc-fruit-500g\/"},"modified":"2024-10-08T17:36:38","modified_gmt":"2024-10-08T15:36:38","slug":"coc-fruit-500g","status":"publish","type":"product","link":"https:\/\/lapasion.es\/fr\/produit\/coc-fruit-500g\/","title":{"rendered":"G\u00e2teau Coc Moelleux aux Fruits Confits | 500g x 4 paquets"},"content":{"rendered":"<p>Farine de <strong>BL\u00c9<\/strong>, huile de tournesol et SOJA en proportion variable, sucre, <strong>OEUF<\/strong> pasteuris\u00e9, fruits confits (10%) : (potiron en proportion variable, sirop de glucose, sucre, acidifiant (E330), colorant (E120,E133) et conservateurs (E202, E223)), sucre inverti, poudres \u00e0 lever (carbonate acide de sodium et diphosphate disodique), prot\u00e9ines de <strong>LAIT<\/strong>, humectants (sorbitol et glyc\u00e9rine), conservateurs (acide sorbique, sorbate de potassium), acidifiant (acide citrique), sel, ar\u00f4me (beurre), colorant (carot\u00e8ne).<\/p>\n","protected":false},"excerpt":{"rendered":"<p style=\"text-align: left;\"><strong>QUALIT\u00c9 SUPR\u00caME<\/strong> | Produit p\u00e2tissier qui r\u00e9pond \u00e0 l&rsquo;appellation COC FRUTA. Il est identifi\u00e9 comme un g\u00e2teau artisanal typique de la r\u00e9gion au go\u00fbt l\u00e9g\u00e8rement vanill\u00e9, pr\u00e9sent\u00e9 sous une forme rectangulaire avec des morceaux de fruits confits \u00e0 l&rsquo;int\u00e9rieur.<\/p>\n<div class=\"woocommerce-product-details__short-description\">\n<p><strong>MOMENT PARFAIT<\/strong> | Id\u00e9al pour les desserts, snack et petit dejeuner.<\/p>\n<p><strong>PR\u00c9SENTATION<\/strong> |500 g x 4 paquets | Total 2 kg<\/p>\n<p><strong>PRODUITS EN ESPAGNE<\/strong> | Ces bonbons sont produits en Espagne.<\/p>\n<p><strong>DLU ET CONSERVATION<\/strong> | \u00a0Consommation privil\u00e9gi\u00e9e dans les 6 mois suivant sa fabrication. Conservez-le dans un endroit frais et sec et prot\u00e9gez-le du soleil.<\/p>\n<\/div>\n","protected":false},"featured_media":12310,"template":"","meta":{"_acf_changed":false,"_uag_custom_page_level_css":"","_genesis_hide_title":false,"_genesis_hide_breadcrumbs":false,"_genesis_hide_singular_image":false,"_genesis_hide_footer_widgets":false,"_genesis_custom_body_class":"","_genesis_custom_post_class":"","_genesis_layout":""},"product_brand":[],"product_cat":[1728,1665,1664],"product_tag":[],"class_list":{"0":"post-13972","1":"product","2":"type-product","3":"status-publish","4":"has-post-thumbnail","6":"product_cat-boutique-en-ligne","7":"product_cat-biscuits-fr","8":"product_cat-confiserie-boulangerie","9":"entry","11":"first","12":"instock","13":"shipping-taxable","14":"purchasable","15":"product-type-simple"},"acf":[],"df_price":28.5,"df_sale_price":"","df_regular_price":28.5,"df_image_link":"https:\/\/lapasion.es\/wp-content\/uploads\/2020\/05\/002572-coc-fruit-1-300x300.jpg","uagb_featured_image_src":{"full":["https:\/\/lapasion.es\/wp-content\/uploads\/2020\/05\/002572-coc-fruit-1.jpg",500,500,false],"thumbnail":["https:\/\/lapasion.es\/wp-content\/uploads\/2020\/05\/002572-coc-fruit-1-150x150.jpg",150,150,true],"medium":["https:\/\/lapasion.es\/wp-content\/uploads\/2020\/05\/002572-coc-fruit-1-300x300.jpg",300,300,true],"medium_large":["https:\/\/lapasion.es\/wp-content\/uploads\/2020\/05\/002572-coc-fruit-1.jpg",500,500,false],"large":["https:\/\/lapasion.es\/wp-content\/uploads\/2020\/05\/002572-coc-fruit-1.jpg",500,500,false],"1536x1536":["https:\/\/lapasion.es\/wp-content\/uploads\/2020\/05\/002572-coc-fruit-1.jpg",500,500,false],"2048x2048":["https:\/\/lapasion.es\/wp-content\/uploads\/2020\/05\/002572-coc-fruit-1.jpg",500,500,false],"gur_featured_image":["https:\/\/lapasion.es\/wp-content\/uploads\/2020\/05\/002572-coc-fruit-1.jpg",500,500,false],"gur_blog_thumbnail":["https:\/\/lapasion.es\/wp-content\/uploads\/2020\/05\/002572-coc-fruit-1.jpg",500,500,false],"woocommerce_thumbnail":["https:\/\/lapasion.es\/wp-content\/uploads\/2020\/05\/002572-coc-fruit-1.jpg",500,500,false],"woocommerce_single":["https:\/\/lapasion.es\/wp-content\/uploads\/2020\/05\/002572-coc-fruit-1.jpg",500,500,false],"woocommerce_gallery_thumbnail":["https:\/\/lapasion.es\/wp-content\/uploads\/2020\/05\/002572-coc-fruit-1-100x100.jpg",100,100,true]},"uagb_author_info":{"display_name":"incaelum","author_link":"https:\/\/lapasion.es\/fr\/author\/"},"uagb_comment_info":0,"uagb_excerpt":"QUALIT\u00c9 SUPR\u00caME | Produit p\u00e2tissier qui r\u00e9pond \u00e0 l'appellation COC FRUTA. Il est identifi\u00e9 comme un g\u00e2teau artisanal typique de la r\u00e9gion au go\u00fbt l\u00e9g\u00e8rement vanill\u00e9, pr\u00e9sent\u00e9 sous une forme rectangulaire avec des morceaux de fruits confits \u00e0 l'int\u00e9rieur. MOMENT PARFAIT | Id\u00e9al pour les desserts, snack et petit dejeuner. PR\u00c9SENTATION |500 g x 4\u2026","_links":{"self":[{"href":"https:\/\/lapasion.es\/fr\/wp-json\/wp\/v2\/product\/13972","targetHints":{"allow":["GET"]}}],"collection":[{"href":"https:\/\/lapasion.es\/fr\/wp-json\/wp\/v2\/product"}],"about":[{"href":"https:\/\/lapasion.es\/fr\/wp-json\/wp\/v2\/types\/product"}],"wp:featuredmedia":[{"embeddable":true,"href":"https:\/\/lapasion.es\/fr\/wp-json\/wp\/v2\/media\/12310"}],"wp:attachment":[{"href":"https:\/\/lapasion.es\/fr\/wp-json\/wp\/v2\/media?parent=13972"}],"wp:term":[{"taxonomy":"product_brand","embeddable":true,"href":"https:\/\/lapasion.es\/fr\/wp-json\/wp\/v2\/product_brand?post=13972"},{"taxonomy":"product_cat","embeddable":true,"href":"https:\/\/lapasion.es\/fr\/wp-json\/wp\/v2\/product_cat?post=13972"},{"taxonomy":"product_tag","embeddable":true,"href":"https:\/\/lapasion.es\/fr\/wp-json\/wp\/v2\/product_tag?post=13972"}],"curies":[{"name":"wp","href":"https:\/\/api.w.org\/{rel}","templated":true}]}}