{"id":13971,"date":"2017-09-13T10:29:36","date_gmt":"2017-09-13T10:29:36","guid":{"rendered":"https:\/\/lapasion.es\/producto\/bombon-oro-4-unid\/"},"modified":"2024-01-02T14:24:53","modified_gmt":"2024-01-02T12:24:53","slug":"bombon-oro-4-unid","status":"publish","type":"product","link":"https:\/\/lapasion.es\/fr\/produit\/bombon-oro-4-unid\/","title":{"rendered":"G\u00e2teau enrob\u00e9 de chocolat | Bombe d&rsquo;or | 200 g x 12 paquets"},"content":{"rendered":"<p>Farine de <strong>BL\u00c9<\/strong>, sucre, enrobage sp\u00e9cial avec 20% de graisse v\u00e9g\u00e9tale [Sucre, graisse v\u00e9g\u00e9tale enti\u00e8rement hydrog\u00e9n\u00e9e (palmiste), poudre de cacao d\u00e9graiss\u00e9 (15,5%), \u00e9mulsifiants (l\u00e9cithine de tournesol, polyricinol\u00e9ate de polyglyc\u00e9rol, trist\u00e9arate de sorbitan) et ar\u00f4me], <strong>OEUFS<\/strong>, v\u00e9g\u00e9tal huile (tournesol ou soja) en proportions variables, eau, poudres \u00e0 lever (E-450i, E-500ii), humectant (glyc\u00e9rine), sirop (eau, sucre, E330 et E202), sel, gomme xanthane, acidifiant (E330), ar\u00f4me citron et conservateurs (E200 et E202). <strong>Peut contenir des traces de lait, moutarde, soja, s\u00e9same, fruits \u00e0 coque et sulfites.<\/strong><\/p>\n","protected":false},"excerpt":{"rendered":"<pre id=\"tw-target-text\" class=\"tw-data-text tw-text-large tw-ta\" dir=\"ltr\" data-placeholder=\"Traducci\u00f3n\" data-ved=\"2ahUKEwicxP7ytL6DAxXoTqQEHcUDCIAQ3ewLegQIBRAQ\"><span class=\"Y2IQFc\" lang=\"fr\">P\u00c2TISSERIE DE QUALIT\u00c9 | Produit de p\u00e2tisserie qui r\u00e9pond au nom BOMB\u00d3N ORO. Il est identifi\u00e9 comme une g\u00e9noise fourr\u00e9e de sirop recouverte d'un d\u00e9licieux chocolat.\r\n\r\nINSTANT PARFAIT | G\u00e2teau d\u00e9licieux et juteux id\u00e9al pour les petits d\u00e9jeuners, d\u00e9jeuners et collations.\r\n\r\nPR\u00c9SENTATION | 200 g x 12 paquets | Total 2,4 kg\r\n\r\nPRODUIT EN ESPAGNE | Ces bonbons ont \u00e9t\u00e9 produits en Espagne.\r\n\r\nMEILLEURES DATE DE CONSOMMATION et conditions de CONSERVATION, \u00c0 consommer de pr\u00e9f\u00e9rence avant 7 mois apr\u00e8s fabrication. Et conserver dans un endroit frais et sec, \u00e0 l\u2019abri du soleil.<\/span><\/pre>\n","protected":false},"featured_media":11830,"template":"","meta":{"_acf_changed":false,"_uag_custom_page_level_css":"","_genesis_hide_title":false,"_genesis_hide_breadcrumbs":false,"_genesis_hide_singular_image":false,"_genesis_hide_footer_widgets":false,"_genesis_custom_body_class":"","_genesis_custom_post_class":"","_genesis_layout":""},"product_brand":[],"product_cat":[1736,1728,1730,1665,1664],"product_tag":[],"class_list":{"0":"post-13971","1":"product","2":"type-product","3":"status-publish","4":"has-post-thumbnail","6":"product_cat-produits-de-confiserie-et-de-boulangerie-emballes","7":"product_cat-boutique-en-ligne","8":"product_cat-distributeurs","9":"product_cat-biscuits-fr","10":"product_cat-confiserie-boulangerie","11":"entry","13":"first","14":"outofstock","15":"shipping-taxable","16":"purchasable","17":"product-type-simple"},"acf":[],"df_price":30.84,"df_sale_price":"","df_regular_price":30.84,"df_image_link":"https:\/\/lapasion.es\/wp-content\/uploads\/2017\/09\/002196-bombon-oro-300x300.jpg","uagb_featured_image_src":{"full":["https:\/\/lapasion.es\/wp-content\/uploads\/2017\/09\/002196-bombon-oro.jpg",500,500,false],"thumbnail":["https:\/\/lapasion.es\/wp-content\/uploads\/2017\/09\/002196-bombon-oro-150x150.jpg",150,150,true],"medium":["https:\/\/lapasion.es\/wp-content\/uploads\/2017\/09\/002196-bombon-oro-300x300.jpg",300,300,true],"medium_large":["https:\/\/lapasion.es\/wp-content\/uploads\/2017\/09\/002196-bombon-oro.jpg",500,500,false],"large":["https:\/\/lapasion.es\/wp-content\/uploads\/2017\/09\/002196-bombon-oro.jpg",500,500,false],"1536x1536":["https:\/\/lapasion.es\/wp-content\/uploads\/2017\/09\/002196-bombon-oro.jpg",500,500,false],"2048x2048":["https:\/\/lapasion.es\/wp-content\/uploads\/2017\/09\/002196-bombon-oro.jpg",500,500,false],"gur_featured_image":["https:\/\/lapasion.es\/wp-content\/uploads\/2017\/09\/002196-bombon-oro.jpg",500,500,false],"gur_blog_thumbnail":["https:\/\/lapasion.es\/wp-content\/uploads\/2017\/09\/002196-bombon-oro.jpg",500,500,false],"woocommerce_thumbnail":["https:\/\/lapasion.es\/wp-content\/uploads\/2017\/09\/002196-bombon-oro.jpg",500,500,false],"woocommerce_single":["https:\/\/lapasion.es\/wp-content\/uploads\/2017\/09\/002196-bombon-oro.jpg",500,500,false],"woocommerce_gallery_thumbnail":["https:\/\/lapasion.es\/wp-content\/uploads\/2017\/09\/002196-bombon-oro-100x100.jpg",100,100,true]},"uagb_author_info":{"display_name":"incaelum","author_link":"https:\/\/lapasion.es\/fr\/author\/"},"uagb_comment_info":0,"uagb_excerpt":"P\u00c2TISSERIE DE QUALIT\u00c9 | Produit de p\u00e2tisserie qui r\u00e9pond au nom BOMB\u00d3N ORO. Il est identifi\u00e9 comme une g\u00e9noise fourr\u00e9e de sirop recouverte d'un d\u00e9licieux chocolat. INSTANT PARFAIT | G\u00e2teau d\u00e9licieux et juteux id\u00e9al pour les petits d\u00e9jeuners, d\u00e9jeuners et collations. PR\u00c9SENTATION | 200 g x 12 paquets | Total 2,4 kg PRODUIT EN ESPAGNE\u2026","_links":{"self":[{"href":"https:\/\/lapasion.es\/fr\/wp-json\/wp\/v2\/product\/13971","targetHints":{"allow":["GET"]}}],"collection":[{"href":"https:\/\/lapasion.es\/fr\/wp-json\/wp\/v2\/product"}],"about":[{"href":"https:\/\/lapasion.es\/fr\/wp-json\/wp\/v2\/types\/product"}],"wp:featuredmedia":[{"embeddable":true,"href":"https:\/\/lapasion.es\/fr\/wp-json\/wp\/v2\/media\/11830"}],"wp:attachment":[{"href":"https:\/\/lapasion.es\/fr\/wp-json\/wp\/v2\/media?parent=13971"}],"wp:term":[{"taxonomy":"product_brand","embeddable":true,"href":"https:\/\/lapasion.es\/fr\/wp-json\/wp\/v2\/product_brand?post=13971"},{"taxonomy":"product_cat","embeddable":true,"href":"https:\/\/lapasion.es\/fr\/wp-json\/wp\/v2\/product_cat?post=13971"},{"taxonomy":"product_tag","embeddable":true,"href":"https:\/\/lapasion.es\/fr\/wp-json\/wp\/v2\/product_tag?post=13971"}],"curies":[{"name":"wp","href":"https:\/\/api.w.org\/{rel}","templated":true}]}}