{"id":13968,"date":"2022-10-21T11:15:02","date_gmt":"2022-10-21T09:15:02","guid":{"rendered":"https:\/\/lapasion.es\/producto\/bizcocho-sitos-original-3-unids-160g\/"},"modified":"2024-10-08T17:45:52","modified_gmt":"2024-10-08T15:45:52","slug":"bizcocho-sitos-original-3-unids-160g","status":"publish","type":"product","link":"https:\/\/lapasion.es\/fr\/produit\/bizcocho-sitos-original-3-unids-160g\/","title":{"rendered":"Sitos originale 3 unit\u00e9s | G\u00e2teau \u00e9ponge a la cr\u00e8me de Cacao | 160 g x 12 paquets"},"content":{"rendered":"<p>Farine de <strong>BL\u00c9<\/strong>, sucre, <strong>OEUFS<\/strong>, huiles de tournesol et de soja en proportions variables, eau, enrobage sp\u00e9cial avec 10% de mati\u00e8re grasse v\u00e9g\u00e9tale [Sucre, graisse v\u00e9g\u00e9tale enti\u00e8rement hydrog\u00e9n\u00e9e (palmiste), poudre de cacao d\u00e9graiss\u00e9 (15,5%), \u00e9mulsifiants (l\u00e9cithine de tournesol, polyglyc\u00e9rol polyricinol\u00e9ate, trist\u00e9arate de sorbitan) et ar\u00f4me], agents levants (E450i, E500ii), humectant (glyc\u00e9rine), sirop (eau, sucre, E330, E202), sel, gomme xanthane, acidulant (E330), ar\u00f4me citron et conservateurs (E200 et E202). <strong>Peut contenir des traces de lait, moutarde, soja, sulfites, s\u00e9same et fruits \u00e0 coque.<\/strong><\/p>\n","protected":false},"excerpt":{"rendered":"<p><strong>QUALIT\u00c9 SUPR\u00caME<\/strong> | Les originaux. G\u00e9noise juteuse fourr\u00e9e d&rsquo;un sirop moelleux et d&rsquo;une base de chocolat, id\u00e9ale pour savourer des collations et des petits d\u00e9jeuners amusants !<\/p>\n<p><strong>MOMENT PARFAIT<\/strong> | Id\u00e9al pour les desserts, snack et petit dejeuner.<\/p>\n<p><strong>PR\u00c9SENTATION | <\/strong>3 unites <strong>| <\/strong>160g x 12 paquets| Total 1.920 kg<\/p>\n<p><strong>PRODUITS EN ESPAGNE<\/strong> | Ces bonbons sont produits en Espagne.<\/p>\n<p><strong>DLU ET CONSERVATION<\/strong> | \u00a0Consommation privil\u00e9gi\u00e9e dans les 7 mois suivant sa fabrication. Conservez-le dans un endroit frais et sec et prot\u00e9gez-le du soleil.<\/p>\n","protected":false},"featured_media":12314,"template":"","meta":{"_acf_changed":false,"_uag_custom_page_level_css":"","_genesis_hide_title":false,"_genesis_hide_breadcrumbs":false,"_genesis_hide_singular_image":false,"_genesis_hide_footer_widgets":false,"_genesis_custom_body_class":"","_genesis_custom_post_class":"","_genesis_layout":""},"product_brand":[],"product_cat":[1736,1730],"product_tag":[],"class_list":{"0":"post-13968","1":"product","2":"type-product","3":"status-publish","4":"has-post-thumbnail","6":"product_cat-produits-de-confiserie-et-de-boulangerie-emballes","7":"product_cat-distributeurs","8":"entry","10":"first","11":"outofstock","12":"shipping-taxable","13":"purchasable","14":"product-type-simple"},"acf":[],"df_price":"","df_sale_price":"","df_regular_price":"","df_image_link":"https:\/\/lapasion.es\/wp-content\/uploads\/2022\/10\/2145-sitos-original-3ud-300x300.jpg","uagb_featured_image_src":{"full":["https:\/\/lapasion.es\/wp-content\/uploads\/2022\/10\/2145-sitos-original-3ud.jpg",500,500,false],"thumbnail":["https:\/\/lapasion.es\/wp-content\/uploads\/2022\/10\/2145-sitos-original-3ud-150x150.jpg",150,150,true],"medium":["https:\/\/lapasion.es\/wp-content\/uploads\/2022\/10\/2145-sitos-original-3ud-300x300.jpg",300,300,true],"medium_large":["https:\/\/lapasion.es\/wp-content\/uploads\/2022\/10\/2145-sitos-original-3ud.jpg",500,500,false],"large":["https:\/\/lapasion.es\/wp-content\/uploads\/2022\/10\/2145-sitos-original-3ud.jpg",500,500,false],"1536x1536":["https:\/\/lapasion.es\/wp-content\/uploads\/2022\/10\/2145-sitos-original-3ud.jpg",500,500,false],"2048x2048":["https:\/\/lapasion.es\/wp-content\/uploads\/2022\/10\/2145-sitos-original-3ud.jpg",500,500,false],"gur_featured_image":["https:\/\/lapasion.es\/wp-content\/uploads\/2022\/10\/2145-sitos-original-3ud.jpg",500,500,false],"gur_blog_thumbnail":["https:\/\/lapasion.es\/wp-content\/uploads\/2022\/10\/2145-sitos-original-3ud.jpg",500,500,false],"woocommerce_thumbnail":["https:\/\/lapasion.es\/wp-content\/uploads\/2022\/10\/2145-sitos-original-3ud.jpg",500,500,false],"woocommerce_single":["https:\/\/lapasion.es\/wp-content\/uploads\/2022\/10\/2145-sitos-original-3ud.jpg",500,500,false],"woocommerce_gallery_thumbnail":["https:\/\/lapasion.es\/wp-content\/uploads\/2022\/10\/2145-sitos-original-3ud-100x100.jpg",100,100,true]},"uagb_author_info":{"display_name":"incaelum","author_link":"https:\/\/lapasion.es\/fr\/author\/"},"uagb_comment_info":0,"uagb_excerpt":"QUALIT\u00c9 SUPR\u00caME | Les originaux. G\u00e9noise juteuse fourr\u00e9e d'un sirop moelleux et d'une base de chocolat, id\u00e9ale pour savourer des collations et des petits d\u00e9jeuners amusants ! MOMENT PARFAIT | Id\u00e9al pour les desserts, snack et petit dejeuner. PR\u00c9SENTATION | 3 unites | 160g x 12 paquets| Total 1.920 kg PRODUITS EN ESPAGNE | Ces\u2026","_links":{"self":[{"href":"https:\/\/lapasion.es\/fr\/wp-json\/wp\/v2\/product\/13968","targetHints":{"allow":["GET"]}}],"collection":[{"href":"https:\/\/lapasion.es\/fr\/wp-json\/wp\/v2\/product"}],"about":[{"href":"https:\/\/lapasion.es\/fr\/wp-json\/wp\/v2\/types\/product"}],"wp:featuredmedia":[{"embeddable":true,"href":"https:\/\/lapasion.es\/fr\/wp-json\/wp\/v2\/media\/12314"}],"wp:attachment":[{"href":"https:\/\/lapasion.es\/fr\/wp-json\/wp\/v2\/media?parent=13968"}],"wp:term":[{"taxonomy":"product_brand","embeddable":true,"href":"https:\/\/lapasion.es\/fr\/wp-json\/wp\/v2\/product_brand?post=13968"},{"taxonomy":"product_cat","embeddable":true,"href":"https:\/\/lapasion.es\/fr\/wp-json\/wp\/v2\/product_cat?post=13968"},{"taxonomy":"product_tag","embeddable":true,"href":"https:\/\/lapasion.es\/fr\/wp-json\/wp\/v2\/product_tag?post=13968"}],"curies":[{"name":"wp","href":"https:\/\/api.w.org\/{rel}","templated":true}]}}