{"id":13967,"date":"2017-09-13T10:18:49","date_gmt":"2017-09-13T08:18:49","guid":{"rendered":"https:\/\/lapasion.es\/producto\/bizcocho-integral-azucar\/"},"modified":"2023-12-22T15:32:46","modified_gmt":"2023-12-22T13:32:46","slug":"bizcocho-integral-azucar","status":"publish","type":"product","link":"https:\/\/lapasion.es\/fr\/produit\/bizcocho-integral-azucar\/","title":{"rendered":"Bizcocho \u00c0 HAUTE FIBRE | 2.5 Kg"},"content":{"rendered":"<p>Farine de <strong>BL\u00c9<\/strong>, sucre, saindoux de porc ib\u00e9rique, son de BL\u00c9 10%, <strong>\u0152UF<\/strong> pasteuris\u00e9 (<strong>OEUF<\/strong>, conservateur E202 et antioxydant E330), fibres de pois, poudres \u00e0 lever (E450i et 500ii) et ar\u00f4mes. <strong>Peut contenir des traces de soja et de moutarde.<\/strong><\/p>\n","protected":false},"excerpt":{"rendered":"<p><strong>P\u00c2TISSERIE DE QUALIT\u00c9<\/strong> | Produit de p\u00e2tisserie et de confiserie. G\u00e2teau allong\u00e9, de couleur dor\u00e9e, grill\u00e9 et croquant au go\u00fbt sucr\u00e9 et c\u00e9r\u00e9alier. Produit \u00e0 HAUTE TENEUR EN FIBRES.<\/p>\n<p><strong>INSTANT PARFAIT<\/strong> | Id\u00e9al pour le petit-d\u00e9jeuner, le d\u00e9jeuner, les collations, apr\u00e8s le d\u00eener ou \u00e0 l&rsquo;heure du caf\u00e9.<\/p>\n<p><strong>PR\u00c9SENTATION<\/strong> | Ces douceurs sont servies en caisse de 2,5 Kg.<\/p>\n<p><strong>PRODUIT EN ESPAGNE<\/strong> | Ces bonbons ont \u00e9t\u00e9 produits en Espagne.<\/p>\n<p><strong>MEILLEURES DATE DE CONSOMMATION<\/strong> et conditions de <strong>CONSERVATION<\/strong>, \u00c0 consommer de pr\u00e9f\u00e9rence avant 7 mois apr\u00e8s fabrication. Et conserver dans un endroit frais et sec, \u00e0 l\u2019abri du soleil.<\/p>\n<p>&nbsp;<\/p>\n","protected":false},"featured_media":9604,"template":"","meta":{"_acf_changed":false,"_uag_custom_page_level_css":"","_genesis_hide_title":false,"_genesis_hide_breadcrumbs":false,"_genesis_hide_singular_image":false,"_genesis_hide_footer_widgets":false,"_genesis_custom_body_class":"","_genesis_custom_post_class":"","_genesis_layout":""},"product_brand":[],"product_cat":[1732,1730],"product_tag":[],"class_list":{"0":"post-13967","1":"product","2":"type-product","3":"status-publish","4":"has-post-thumbnail","6":"product_cat-patisseries-et-produits-de-boulangerie-en-vrac","7":"product_cat-distributeurs","8":"entry","10":"first","11":"outofstock","12":"shipping-taxable","13":"purchasable","14":"product-type-simple"},"acf":[],"df_price":"","df_sale_price":"","df_regular_price":"","df_image_link":"https:\/\/lapasion.es\/wp-content\/uploads\/2017\/10\/5501-1-300x300.jpg","uagb_featured_image_src":{"full":["https:\/\/lapasion.es\/wp-content\/uploads\/2017\/10\/5501-1.jpg",482,482,false],"thumbnail":["https:\/\/lapasion.es\/wp-content\/uploads\/2017\/10\/5501-1-150x150.jpg",150,150,true],"medium":["https:\/\/lapasion.es\/wp-content\/uploads\/2017\/10\/5501-1-300x300.jpg",300,300,true],"medium_large":["https:\/\/lapasion.es\/wp-content\/uploads\/2017\/10\/5501-1.jpg",482,482,false],"large":["https:\/\/lapasion.es\/wp-content\/uploads\/2017\/10\/5501-1.jpg",482,482,false],"1536x1536":["https:\/\/lapasion.es\/wp-content\/uploads\/2017\/10\/5501-1.jpg",482,482,false],"2048x2048":["https:\/\/lapasion.es\/wp-content\/uploads\/2017\/10\/5501-1.jpg",482,482,false],"gur_featured_image":["https:\/\/lapasion.es\/wp-content\/uploads\/2017\/10\/5501-1.jpg",482,482,false],"gur_blog_thumbnail":["https:\/\/lapasion.es\/wp-content\/uploads\/2017\/10\/5501-1.jpg",482,482,false],"woocommerce_thumbnail":["https:\/\/lapasion.es\/wp-content\/uploads\/2017\/10\/5501-1.jpg",482,482,false],"woocommerce_single":["https:\/\/lapasion.es\/wp-content\/uploads\/2017\/10\/5501-1.jpg",482,482,false],"woocommerce_gallery_thumbnail":["https:\/\/lapasion.es\/wp-content\/uploads\/2017\/10\/5501-1-100x100.jpg",100,100,true]},"uagb_author_info":{"display_name":"incaelum","author_link":"https:\/\/lapasion.es\/fr\/author\/"},"uagb_comment_info":0,"uagb_excerpt":"P\u00c2TISSERIE DE QUALIT\u00c9 | Produit de p\u00e2tisserie et de confiserie. G\u00e2teau allong\u00e9, de couleur dor\u00e9e, grill\u00e9 et croquant au go\u00fbt sucr\u00e9 et c\u00e9r\u00e9alier. Produit \u00e0 HAUTE TENEUR EN FIBRES. INSTANT PARFAIT | Id\u00e9al pour le petit-d\u00e9jeuner, le d\u00e9jeuner, les collations, apr\u00e8s le d\u00eener ou \u00e0 l'heure du caf\u00e9. PR\u00c9SENTATION | Ces douceurs sont servies en\u2026","_links":{"self":[{"href":"https:\/\/lapasion.es\/fr\/wp-json\/wp\/v2\/product\/13967","targetHints":{"allow":["GET"]}}],"collection":[{"href":"https:\/\/lapasion.es\/fr\/wp-json\/wp\/v2\/product"}],"about":[{"href":"https:\/\/lapasion.es\/fr\/wp-json\/wp\/v2\/types\/product"}],"wp:featuredmedia":[{"embeddable":true,"href":"https:\/\/lapasion.es\/fr\/wp-json\/wp\/v2\/media\/9604"}],"wp:attachment":[{"href":"https:\/\/lapasion.es\/fr\/wp-json\/wp\/v2\/media?parent=13967"}],"wp:term":[{"taxonomy":"product_brand","embeddable":true,"href":"https:\/\/lapasion.es\/fr\/wp-json\/wp\/v2\/product_brand?post=13967"},{"taxonomy":"product_cat","embeddable":true,"href":"https:\/\/lapasion.es\/fr\/wp-json\/wp\/v2\/product_cat?post=13967"},{"taxonomy":"product_tag","embeddable":true,"href":"https:\/\/lapasion.es\/fr\/wp-json\/wp\/v2\/product_tag?post=13967"}],"curies":[{"name":"wp","href":"https:\/\/api.w.org\/{rel}","templated":true}]}}