{"id":13966,"date":"2017-09-13T10:18:48","date_gmt":"2017-09-13T10:18:48","guid":{"rendered":"https:\/\/lapasion.es\/producto\/barritas-chocochips-con-edulcorante\/"},"modified":"2025-04-03T08:39:24","modified_gmt":"2025-04-03T06:39:24","slug":"barritas-chocochips-con-edulcorante","status":"publish","type":"product","link":"https:\/\/lapasion.es\/fr\/produit\/barritas-chocochips-con-edulcorante\/","title":{"rendered":"Barres aux p\u00e9pites de chocolat avec \u00e9dulcorant | 2 kg"},"content":{"rendered":"<p>Ingr\u00e9dients : Farine de BL\u00c9 entier 28%, margarine [huile v\u00e9g\u00e9tale (tournesol) et huile v\u00e9g\u00e9tale (tournesol) enti\u00e8rement hydrog\u00e9n\u00e9es, eau, sel, \u00e9mulsifiants (mono et diglyc\u00e9rides d&rsquo;acides gras), ar\u00f4mes, acidulant (acide citrique) et antioxydants (palmitate d&rsquo;ascorbyle, extrait riche en tocoph\u00e9rols)], eau, gouttes de chocolat au maltitol 7,4% [p\u00e2te de cacao, \u00e9dulcorant (maltitol), cacao beurre, cacao d\u00e9graiss\u00e9 en poudre, \u00e9mulsifiant (l\u00e9cithine de tournesol) et ar\u00f4me naturel de vanille], \u00e9dulcorant (maltitol)*, AMANDES 2,6%, grains de S\u00c9SAME 1,5%, sel, LAIT \u00e9cr\u00e9m\u00e9 en poudre, malt (contient de l&rsquo;ORGE) et ar\u00f4mes. Peut contenir des traces de fruits \u00e0 coque, d&rsquo;\u0153uf, de soja et de moutarde.<\/p>\n<p>Pas de conservateurs. Pas de colorants. Source de fibres. Convient aux ovo-lacto-v\u00e9g\u00e9tariens. Sans sucres ajout\u00e9s, il contient des sucres naturellement pr\u00e9sents. Pas de graisse de palme.<\/p>\n<p>*Une consommation excessive peut provoquer des effets laxatifs.<\/p>\n","protected":false},"excerpt":{"rendered":"<p><strong>P\u00c2TISSERIE DE QUALIT\u00c9<\/strong> | Produit \u00e0 base de p\u00e2te travaill\u00e9e avec de la margarine et cuite au four, qui donne naissance \u00e0 de fines feuilles superpos\u00e9es de p\u00e9pites de chocolat, d&rsquo;amandes et de s\u00e9same. Sans sucres ajout\u00e9s. Forme rectangulaire.<\/p>\n<p><strong>INSTANT PARFAIT<\/strong> | Id\u00e9al pour le petit-d\u00e9jeuner, le d\u00e9jeuner, les collations, apr\u00e8s le d\u00eener ou \u00e0 l&rsquo;heure du caf\u00e9.<\/p>\n<p><strong>PR\u00c9SENTATION<\/strong> | Ces friandises sont servies en cartons de 2 kg.<\/p>\n","protected":false},"featured_media":14815,"template":"","meta":{"_acf_changed":false,"_uag_custom_page_level_css":"","_genesis_hide_title":false,"_genesis_hide_breadcrumbs":false,"_genesis_hide_singular_image":false,"_genesis_hide_footer_widgets":false,"_genesis_custom_body_class":"","_genesis_custom_post_class":"","_genesis_layout":""},"product_brand":[],"product_cat":[1668,1732,1728,1730,1664],"product_tag":[1690,1688],"class_list":{"0":"post-13966","1":"product","2":"type-product","3":"status-publish","4":"has-post-thumbnail","6":"product_cat-patisseries-gaufrettes","7":"product_cat-patisseries-et-produits-de-boulangerie-en-vrac","8":"product_cat-boutique-en-ligne","9":"product_cat-distributeurs","10":"product_cat-confiserie-boulangerie","11":"product_tag-boulangerie-integrale","12":"product_tag-patisseries-sans-sucre","13":"entry","15":"first","16":"instock","17":"shipping-taxable","18":"purchasable","19":"product-type-simple"},"acf":[],"df_price":39.99,"df_sale_price":"","df_regular_price":39.99,"df_image_link":"https:\/\/lapasion.es\/wp-content\/uploads\/2017\/09\/005503-Barritas-con-chocolate-y-sin-azucar-287x300.jpg","uagb_featured_image_src":{"full":["https:\/\/lapasion.es\/wp-content\/uploads\/2017\/09\/005503-Barritas-con-chocolate-y-sin-azucar.jpg",1721,1801,false],"thumbnail":["https:\/\/lapasion.es\/wp-content\/uploads\/2017\/09\/005503-Barritas-con-chocolate-y-sin-azucar-150x150.jpg",150,150,true],"medium":["https:\/\/lapasion.es\/wp-content\/uploads\/2017\/09\/005503-Barritas-con-chocolate-y-sin-azucar-287x300.jpg",287,300,true],"medium_large":["https:\/\/lapasion.es\/wp-content\/uploads\/2017\/09\/005503-Barritas-con-chocolate-y-sin-azucar-768x804.jpg",768,804,true],"large":["https:\/\/lapasion.es\/wp-content\/uploads\/2017\/09\/005503-Barritas-con-chocolate-y-sin-azucar-979x1024.jpg",979,1024,true],"1536x1536":["https:\/\/lapasion.es\/wp-content\/uploads\/2017\/09\/005503-Barritas-con-chocolate-y-sin-azucar-1468x1536.jpg",1468,1536,true],"2048x2048":["https:\/\/lapasion.es\/wp-content\/uploads\/2017\/09\/005503-Barritas-con-chocolate-y-sin-azucar.jpg",1721,1801,false],"gur_featured_image":["https:\/\/lapasion.es\/wp-content\/uploads\/2017\/09\/005503-Barritas-con-chocolate-y-sin-azucar-1200x630.jpg",1200,630,true],"gur_blog_thumbnail":["https:\/\/lapasion.es\/wp-content\/uploads\/2017\/09\/005503-Barritas-con-chocolate-y-sin-azucar-229x240.jpg",229,240,true],"woocommerce_thumbnail":["https:\/\/lapasion.es\/wp-content\/uploads\/2017\/09\/005503-Barritas-con-chocolate-y-sin-azucar-500x500.jpg",500,500,true],"woocommerce_single":["https:\/\/lapasion.es\/wp-content\/uploads\/2017\/09\/005503-Barritas-con-chocolate-y-sin-azucar-655x685.jpg",655,685,true],"woocommerce_gallery_thumbnail":["https:\/\/lapasion.es\/wp-content\/uploads\/2017\/09\/005503-Barritas-con-chocolate-y-sin-azucar-100x100.jpg",100,100,true]},"uagb_author_info":{"display_name":"incaelum","author_link":"https:\/\/lapasion.es\/fr\/author\/"},"uagb_comment_info":0,"uagb_excerpt":"P\u00c2TISSERIE DE QUALIT\u00c9 | Produit \u00e0 base de p\u00e2te travaill\u00e9e avec de la margarine et cuite au four, qui donne naissance \u00e0 de fines feuilles superpos\u00e9es de p\u00e9pites de chocolat, d'amandes et de s\u00e9same. Sans sucres ajout\u00e9s. Forme rectangulaire. INSTANT PARFAIT | Id\u00e9al pour le petit-d\u00e9jeuner, le d\u00e9jeuner, les collations, apr\u00e8s le d\u00eener ou \u00e0\u2026","_links":{"self":[{"href":"https:\/\/lapasion.es\/fr\/wp-json\/wp\/v2\/product\/13966","targetHints":{"allow":["GET"]}}],"collection":[{"href":"https:\/\/lapasion.es\/fr\/wp-json\/wp\/v2\/product"}],"about":[{"href":"https:\/\/lapasion.es\/fr\/wp-json\/wp\/v2\/types\/product"}],"wp:featuredmedia":[{"embeddable":true,"href":"https:\/\/lapasion.es\/fr\/wp-json\/wp\/v2\/media\/14815"}],"wp:attachment":[{"href":"https:\/\/lapasion.es\/fr\/wp-json\/wp\/v2\/media?parent=13966"}],"wp:term":[{"taxonomy":"product_brand","embeddable":true,"href":"https:\/\/lapasion.es\/fr\/wp-json\/wp\/v2\/product_brand?post=13966"},{"taxonomy":"product_cat","embeddable":true,"href":"https:\/\/lapasion.es\/fr\/wp-json\/wp\/v2\/product_cat?post=13966"},{"taxonomy":"product_tag","embeddable":true,"href":"https:\/\/lapasion.es\/fr\/wp-json\/wp\/v2\/product_tag?post=13966"}],"curies":[{"name":"wp","href":"https:\/\/api.w.org\/{rel}","templated":true}]}}