{"id":13965,"date":"2018-02-08T07:24:01","date_gmt":"2018-02-08T07:24:01","guid":{"rendered":"https:\/\/lapasion.es\/producto\/almendra-rellena-almendra-calidad-extra-env\/"},"modified":"2023-10-25T19:00:15","modified_gmt":"2023-10-25T17:00:15","slug":"almendra-rellena-almendra-calidad-extra-env","status":"publish","type":"product","link":"https:\/\/lapasion.es\/fr\/produit\/almendra-rellena-almendra-calidad-extra-env\/","title":{"rendered":"Almendra Rellena de Turr\u00f3n de Almendra Calidad Extra | 2.5Kg"},"content":{"rendered":"<p>Relleno (90%): Az\u00facar, harina de<strong> TRIGO<\/strong>, aceite de girasol, <strong>ALMENDRAS<\/strong> (8%) y aroma. Obleas (10%): Harina de<strong> TRIGO<\/strong>, emulgente: lecitina de <strong>SOJA<\/strong>, gasificante: bicarbonato s\u00f3dico. <strong>Puede contener trazas de huevos, leche, otros frutos de c\u00e1scara, cacahuetes, s\u00e9samo y sulfitos.<\/strong><\/p>\n","protected":false},"excerpt":{"rendered":"<p class=\"default\" style=\"text-align: justify;\"><b><span style=\"font-size: 11.0pt; font-family: 'Calibri',sans-serif;\">ALMENDRAS RELLENAS DE TURR\u00d3N CALIDAD EXTRA<\/span><\/b><span style=\"font-size: 11.0pt; font-family: 'Calibri',sans-serif;\"> | El producto se obtiene por la mezcla y homogeneizado de az\u00facar y almendras. Posteriormente se troquela la cascarilla con la masa en su interior, consigui\u00e9ndose la forma de almendras. Sabor dulce t\u00edpico, olor y textura t\u00edpicos de las almendras rellenas.<\/span><\/p>\n<p class=\"default\" style=\"text-align: justify;\"><b><span style=\"font-size: 11.0pt; font-family: 'Calibri',sans-serif;\">DULCES NAVIDE\u00d1OS<\/span><\/b><span style=\"font-size: 11.0pt; font-family: 'Calibri',sans-serif;\"> | Las almendras rellenas de turr\u00f3n es el dulce m\u00e1s t\u00edpico en Navidad, y no puede faltar en nuestras mesas en unas fechas tan especiales.<\/span><\/p>\n<p class=\"default\" style=\"text-align: justify;\"><b><span style=\"font-size: 11.0pt; font-family: 'Calibri',sans-serif;\">PRESENTACI\u00d3N<\/span><\/b><span style=\"font-size: 11.0pt; font-family: 'Calibri',sans-serif;\"> | Caja 2.5Kg <\/span><\/p>\n<p class=\"default\" style=\"text-align: justify;\"><b><span style=\"font-size: 11.0pt; font-family: 'Calibri',sans-serif;\">PRODUCIDOS EN ESPA\u00d1A<\/span><\/b><span style=\"font-size: 11.0pt; font-family: 'Calibri',sans-serif;\"> | Estos dulces han sido producidos en Espa\u00f1a.<\/span><\/p>\n<p class=\"default\" style=\"text-align: justify;\"><b><span style=\"font-size: 11.0pt; font-family: 'Calibri',sans-serif;\">FECHA DE CONSUMO PREFERENTE<\/span><\/b><span style=\"font-size: 11.0pt; font-family: 'Calibri',sans-serif;\"> y condiciones de <b>CONSERVACI\u00d3N<\/b> | 24 meses desde su conservaci\u00f3n.\u00a0 Almacenar bien cerrado en lugar fresco, seco y alejado de los rayos directos del sol y otras fuentes de calor.<\/span><\/p>\n","protected":false},"featured_media":22091,"template":"","meta":{"_acf_changed":false,"_uag_custom_page_level_css":"","_genesis_hide_title":false,"_genesis_hide_breadcrumbs":false,"_genesis_hide_singular_image":false,"_genesis_hide_footer_widgets":false,"_genesis_custom_body_class":"","_genesis_custom_post_class":"","_genesis_layout":""},"product_brand":[],"product_cat":[1745,1730],"product_tag":[],"class_list":{"0":"post-13965","1":"product","2":"type-product","3":"status-publish","4":"has-post-thumbnail","6":"product_cat-confiseries-de-noel-emballees-fr","7":"product_cat-distributeurs","8":"entry","10":"first","11":"instock","12":"shipping-taxable","13":"purchasable","14":"product-type-simple"},"acf":[],"df_price":44.41,"df_sale_price":"","df_regular_price":44.41,"df_image_link":"https:\/\/lapasion.es\/wp-content\/uploads\/2018\/02\/Caja_almendras_rellenas_de_turron_calidad_extra-300x300.jpg","uagb_featured_image_src":{"full":["https:\/\/lapasion.es\/wp-content\/uploads\/2018\/02\/Caja_almendras_rellenas_de_turron_calidad_extra.jpg",500,500,false],"thumbnail":["https:\/\/lapasion.es\/wp-content\/uploads\/2018\/02\/Caja_almendras_rellenas_de_turron_calidad_extra-150x150.jpg",150,150,true],"medium":["https:\/\/lapasion.es\/wp-content\/uploads\/2018\/02\/Caja_almendras_rellenas_de_turron_calidad_extra-300x300.jpg",300,300,true],"medium_large":["https:\/\/lapasion.es\/wp-content\/uploads\/2018\/02\/Caja_almendras_rellenas_de_turron_calidad_extra.jpg",500,500,false],"large":["https:\/\/lapasion.es\/wp-content\/uploads\/2018\/02\/Caja_almendras_rellenas_de_turron_calidad_extra.jpg",500,500,false],"1536x1536":["https:\/\/lapasion.es\/wp-content\/uploads\/2018\/02\/Caja_almendras_rellenas_de_turron_calidad_extra.jpg",500,500,false],"2048x2048":["https:\/\/lapasion.es\/wp-content\/uploads\/2018\/02\/Caja_almendras_rellenas_de_turron_calidad_extra.jpg",500,500,false],"gur_featured_image":["https:\/\/lapasion.es\/wp-content\/uploads\/2018\/02\/Caja_almendras_rellenas_de_turron_calidad_extra.jpg",500,500,false],"gur_blog_thumbnail":["https:\/\/lapasion.es\/wp-content\/uploads\/2018\/02\/Caja_almendras_rellenas_de_turron_calidad_extra.jpg",500,500,false],"woocommerce_thumbnail":["https:\/\/lapasion.es\/wp-content\/uploads\/2018\/02\/Caja_almendras_rellenas_de_turron_calidad_extra.jpg",500,500,false],"woocommerce_single":["https:\/\/lapasion.es\/wp-content\/uploads\/2018\/02\/Caja_almendras_rellenas_de_turron_calidad_extra.jpg",500,500,false],"woocommerce_gallery_thumbnail":["https:\/\/lapasion.es\/wp-content\/uploads\/2018\/02\/Caja_almendras_rellenas_de_turron_calidad_extra-100x100.jpg",100,100,true]},"uagb_author_info":{"display_name":"incaelum","author_link":"https:\/\/lapasion.es\/fr\/author\/"},"uagb_comment_info":0,"uagb_excerpt":"ALMENDRAS RELLENAS DE TURR\u00d3N CALIDAD EXTRA | El producto se obtiene por la mezcla y homogeneizado de az\u00facar y almendras. Posteriormente se troquela la cascarilla con la masa en su interior, consigui\u00e9ndose la forma de almendras. Sabor dulce t\u00edpico, olor y textura t\u00edpicos de las almendras rellenas. DULCES NAVIDE\u00d1OS | Las almendras rellenas de turr\u00f3n\u2026","_links":{"self":[{"href":"https:\/\/lapasion.es\/fr\/wp-json\/wp\/v2\/product\/13965","targetHints":{"allow":["GET"]}}],"collection":[{"href":"https:\/\/lapasion.es\/fr\/wp-json\/wp\/v2\/product"}],"about":[{"href":"https:\/\/lapasion.es\/fr\/wp-json\/wp\/v2\/types\/product"}],"wp:featuredmedia":[{"embeddable":true,"href":"https:\/\/lapasion.es\/fr\/wp-json\/wp\/v2\/media\/22091"}],"wp:attachment":[{"href":"https:\/\/lapasion.es\/fr\/wp-json\/wp\/v2\/media?parent=13965"}],"wp:term":[{"taxonomy":"product_brand","embeddable":true,"href":"https:\/\/lapasion.es\/fr\/wp-json\/wp\/v2\/product_brand?post=13965"},{"taxonomy":"product_cat","embeddable":true,"href":"https:\/\/lapasion.es\/fr\/wp-json\/wp\/v2\/product_cat?post=13965"},{"taxonomy":"product_tag","embeddable":true,"href":"https:\/\/lapasion.es\/fr\/wp-json\/wp\/v2\/product_tag?post=13965"}],"curies":[{"name":"wp","href":"https:\/\/api.w.org\/{rel}","templated":true}]}}