{"id":13684,"date":"2017-09-13T10:11:06","date_gmt":"2017-09-13T10:11:06","guid":{"rendered":"https:\/\/lapasion.es\/producto\/borrachos-bandeja\/"},"modified":"2024-10-07T18:37:44","modified_gmt":"2024-10-07T16:37:44","slug":"borrachos-bandeja","status":"publish","type":"product","link":"https:\/\/lapasion.es\/fr\/produit\/borrachos-bandeja\/","title":{"rendered":"Gate\u00e2u avec base a la cr\u00e8me de cacao | 200g x 9 paquets"},"content":{"rendered":"<p>Farine de <strong>BL\u00c9<\/strong>, sucre, <strong>\u0152UFS<\/strong>, huile de tournesol et de <strong>SOJA<\/strong> en proportions variables, eau, couverture de cacao 10% [sucre, graisse v\u00e9g\u00e9tale totalement hydrog\u00e9n\u00e9e (palmiste), poudre de cacao maigre (13,5%), lactos\u00e9rum en poudre, amidon de ma\u00efs, huiles v\u00e9g\u00e9tales (colza, palme) et \u00e9mulsifiants (E 322, E 492)], agents de levage (E450i, E500ii), humectant (glyc\u00e9rol), sucre inverti (eau, sucre, E330, E202), sel, gomme xanthane, acidifiant (E330), ar\u00f4me de citron et conservateurs (E200 et E202). <strong>Peut contenir des traces de fruits \u00e0 coque, soja, s\u00e9same, sulfites lait, et moutarde.<\/strong><\/p>\n","protected":false},"excerpt":{"rendered":"<p>Les IVRESSES sont des biscuits avec une base de chocolat. Id\u00e9al pour les petits d\u00e9jeuners, les d\u00e9jeuners et les collations. PR\u00c9SENTATION | Paquet de 220g x 10 paquets | Total 2,64 kg.<\/p>\n","protected":false},"featured_media":12184,"template":"","meta":{"_acf_changed":false,"_uag_custom_page_level_css":"","_genesis_hide_title":false,"_genesis_hide_breadcrumbs":false,"_genesis_hide_singular_image":false,"_genesis_hide_footer_widgets":false,"_genesis_custom_body_class":"","_genesis_custom_post_class":"","_genesis_layout":""},"product_brand":[],"product_cat":[1736,1728,1730,1665,1664],"product_tag":[],"class_list":{"0":"post-13684","1":"product","2":"type-product","3":"status-publish","4":"has-post-thumbnail","6":"product_cat-produits-de-confiserie-et-de-boulangerie-emballes","7":"product_cat-boutique-en-ligne","8":"product_cat-distributeurs","9":"product_cat-biscuits-fr","10":"product_cat-confiserie-boulangerie","11":"entry","13":"first","14":"instock","15":"shipping-taxable","16":"purchasable","17":"product-type-simple"},"acf":[],"df_price":27.02,"df_sale_price":"","df_regular_price":27.02,"df_image_link":"https:\/\/lapasion.es\/wp-content\/uploads\/2017\/09\/BORRACHO-300x300.jpg","uagb_featured_image_src":{"full":["https:\/\/lapasion.es\/wp-content\/uploads\/2017\/09\/BORRACHO.jpg",500,500,false],"thumbnail":["https:\/\/lapasion.es\/wp-content\/uploads\/2017\/09\/BORRACHO-150x150.jpg",150,150,true],"medium":["https:\/\/lapasion.es\/wp-content\/uploads\/2017\/09\/BORRACHO-300x300.jpg",300,300,true],"medium_large":["https:\/\/lapasion.es\/wp-content\/uploads\/2017\/09\/BORRACHO.jpg",500,500,false],"large":["https:\/\/lapasion.es\/wp-content\/uploads\/2017\/09\/BORRACHO.jpg",500,500,false],"1536x1536":["https:\/\/lapasion.es\/wp-content\/uploads\/2017\/09\/BORRACHO.jpg",500,500,false],"2048x2048":["https:\/\/lapasion.es\/wp-content\/uploads\/2017\/09\/BORRACHO.jpg",500,500,false],"gur_featured_image":["https:\/\/lapasion.es\/wp-content\/uploads\/2017\/09\/BORRACHO.jpg",500,500,false],"gur_blog_thumbnail":["https:\/\/lapasion.es\/wp-content\/uploads\/2017\/09\/BORRACHO.jpg",500,500,false],"woocommerce_thumbnail":["https:\/\/lapasion.es\/wp-content\/uploads\/2017\/09\/BORRACHO.jpg",500,500,false],"woocommerce_single":["https:\/\/lapasion.es\/wp-content\/uploads\/2017\/09\/BORRACHO.jpg",500,500,false],"woocommerce_gallery_thumbnail":["https:\/\/lapasion.es\/wp-content\/uploads\/2017\/09\/BORRACHO-100x100.jpg",100,100,true]},"uagb_author_info":{"display_name":"incaelum","author_link":"https:\/\/lapasion.es\/fr\/author\/"},"uagb_comment_info":0,"uagb_excerpt":"Les IVRESSES sont des biscuits avec une base de chocolat. Id\u00e9al pour les petits d\u00e9jeuners, les d\u00e9jeuners et les collations. PR\u00c9SENTATION | Paquet de 220g x 10 paquets | Total 2,64 kg.","_links":{"self":[{"href":"https:\/\/lapasion.es\/fr\/wp-json\/wp\/v2\/product\/13684","targetHints":{"allow":["GET"]}}],"collection":[{"href":"https:\/\/lapasion.es\/fr\/wp-json\/wp\/v2\/product"}],"about":[{"href":"https:\/\/lapasion.es\/fr\/wp-json\/wp\/v2\/types\/product"}],"wp:featuredmedia":[{"embeddable":true,"href":"https:\/\/lapasion.es\/fr\/wp-json\/wp\/v2\/media\/12184"}],"wp:attachment":[{"href":"https:\/\/lapasion.es\/fr\/wp-json\/wp\/v2\/media?parent=13684"}],"wp:term":[{"taxonomy":"product_brand","embeddable":true,"href":"https:\/\/lapasion.es\/fr\/wp-json\/wp\/v2\/product_brand?post=13684"},{"taxonomy":"product_cat","embeddable":true,"href":"https:\/\/lapasion.es\/fr\/wp-json\/wp\/v2\/product_cat?post=13684"},{"taxonomy":"product_tag","embeddable":true,"href":"https:\/\/lapasion.es\/fr\/wp-json\/wp\/v2\/product_tag?post=13684"}],"curies":[{"name":"wp","href":"https:\/\/api.w.org\/{rel}","templated":true}]}}