{"id":13682,"date":"2017-09-13T10:11:11","date_gmt":"2017-09-13T08:11:11","guid":{"rendered":"https:\/\/lapasion.es\/producto\/coquitos\/"},"modified":"2023-10-24T15:49:42","modified_gmt":"2023-10-24T13:49:42","slug":"coquitos","status":"publish","type":"product","link":"https:\/\/lapasion.es\/fr\/produit\/coquitos\/","title":{"rendered":"Coc coquitos | 150g x 20 paquets"},"content":{"rendered":"<p>Avec sucres et \u00e9dulcorants. Noix de coco (38%), sucre, \u0153uf liquide pasteuris\u00e9, eau, \u00e9dulcorant : sirop de sorbitol, amidon de ma\u00efs, conservateurs : (sorbate de potassium et acide sorbique), et ar\u00f4me de citron. SANS HUILE DE PALME.<\/p>\n","protected":false},"excerpt":{"rendered":"<p>Les COQUITOS de Lapasi\u00f3n sont une confiserie traditionnelle \u00e0 base de noix de coco, de sucre et d\u00b4\u0153ufs qui est ensuite cuite au four. PR\u00c9SENTATION | Plateau de 150g x 20 paquets | Total<\/p>\n","protected":false},"featured_media":9420,"template":"","meta":{"_acf_changed":false,"_uag_custom_page_level_css":"","_genesis_hide_title":false,"_genesis_hide_breadcrumbs":false,"_genesis_hide_singular_image":false,"_genesis_hide_footer_widgets":false,"_genesis_custom_body_class":"","_genesis_custom_post_class":"","_genesis_layout":""},"product_brand":[],"product_cat":[1670,1736,1728,1730,1664],"product_tag":[],"class_list":{"0":"post-13682","1":"product","2":"type-product","3":"status-publish","4":"has-post-thumbnail","6":"product_cat-autres-sucreries","7":"product_cat-produits-de-confiserie-et-de-boulangerie-emballes","8":"product_cat-boutique-en-ligne","9":"product_cat-distributeurs","10":"product_cat-confiserie-boulangerie","11":"entry","13":"first","14":"instock","15":"shipping-taxable","16":"purchasable","17":"product-type-simple"},"acf":[],"df_price":32.5,"df_sale_price":"","df_regular_price":32.5,"df_image_link":"https:\/\/lapasion.es\/wp-content\/uploads\/2017\/10\/2051-300x300.jpg","uagb_featured_image_src":{"full":["https:\/\/lapasion.es\/wp-content\/uploads\/2017\/10\/2051.jpg",482,482,false],"thumbnail":["https:\/\/lapasion.es\/wp-content\/uploads\/2017\/10\/2051-150x150.jpg",150,150,true],"medium":["https:\/\/lapasion.es\/wp-content\/uploads\/2017\/10\/2051-300x300.jpg",300,300,true],"medium_large":["https:\/\/lapasion.es\/wp-content\/uploads\/2017\/10\/2051.jpg",482,482,false],"large":["https:\/\/lapasion.es\/wp-content\/uploads\/2017\/10\/2051.jpg",482,482,false],"1536x1536":["https:\/\/lapasion.es\/wp-content\/uploads\/2017\/10\/2051.jpg",482,482,false],"2048x2048":["https:\/\/lapasion.es\/wp-content\/uploads\/2017\/10\/2051.jpg",482,482,false],"gur_featured_image":["https:\/\/lapasion.es\/wp-content\/uploads\/2017\/10\/2051.jpg",482,482,false],"gur_blog_thumbnail":["https:\/\/lapasion.es\/wp-content\/uploads\/2017\/10\/2051.jpg",482,482,false],"woocommerce_thumbnail":["https:\/\/lapasion.es\/wp-content\/uploads\/2017\/10\/2051.jpg",482,482,false],"woocommerce_single":["https:\/\/lapasion.es\/wp-content\/uploads\/2017\/10\/2051.jpg",482,482,false],"woocommerce_gallery_thumbnail":["https:\/\/lapasion.es\/wp-content\/uploads\/2017\/10\/2051-100x100.jpg",100,100,true]},"uagb_author_info":{"display_name":"incaelum","author_link":"https:\/\/lapasion.es\/fr\/author\/"},"uagb_comment_info":0,"uagb_excerpt":"Les COQUITOS de Lapasi\u00f3n sont une confiserie traditionnelle \u00e0 base de noix de coco, de sucre et d\u00b4\u0153ufs qui est ensuite cuite au four. PR\u00c9SENTATION | Plateau de 150g x 20 paquets | Total","_links":{"self":[{"href":"https:\/\/lapasion.es\/fr\/wp-json\/wp\/v2\/product\/13682","targetHints":{"allow":["GET"]}}],"collection":[{"href":"https:\/\/lapasion.es\/fr\/wp-json\/wp\/v2\/product"}],"about":[{"href":"https:\/\/lapasion.es\/fr\/wp-json\/wp\/v2\/types\/product"}],"wp:featuredmedia":[{"embeddable":true,"href":"https:\/\/lapasion.es\/fr\/wp-json\/wp\/v2\/media\/9420"}],"wp:attachment":[{"href":"https:\/\/lapasion.es\/fr\/wp-json\/wp\/v2\/media?parent=13682"}],"wp:term":[{"taxonomy":"product_brand","embeddable":true,"href":"https:\/\/lapasion.es\/fr\/wp-json\/wp\/v2\/product_brand?post=13682"},{"taxonomy":"product_cat","embeddable":true,"href":"https:\/\/lapasion.es\/fr\/wp-json\/wp\/v2\/product_cat?post=13682"},{"taxonomy":"product_tag","embeddable":true,"href":"https:\/\/lapasion.es\/fr\/wp-json\/wp\/v2\/product_tag?post=13682"}],"curies":[{"name":"wp","href":"https:\/\/api.w.org\/{rel}","templated":true}]}}