{"id":13676,"date":"2017-09-13T10:11:30","date_gmt":"2017-09-13T10:11:30","guid":{"rendered":"https:\/\/lapasion.es\/producto\/mantecadas\/"},"modified":"2024-11-13T13:45:44","modified_gmt":"2024-11-13T11:45:44","slug":"mantecadas","status":"publish","type":"product","link":"https:\/\/lapasion.es\/fr\/produit\/mantecadas\/","title":{"rendered":"Mantecadas | 280g x 12 paquets"},"content":{"rendered":"<p>Farine de <strong>BL\u00c9<\/strong>, sucre, eau, huile v\u00e9g\u00e9tale de tournesol ou de soja en quantit\u00e9s variables, <strong>OEUFS<\/strong>, sirop (sucre, eau et acide citrique), lactos\u00e9rum <strong>LAITIER<\/strong>, poudres \u00e0 lever (diphosphate disodique et bicarbonate de sodium), humectant (glyc\u00e9rine), conservateur (sorbate de potassium). ), acidifiant (acide citrique), ar\u00f4me citron, ar\u00f4me sel et beurre. <strong>Peut contenir des traces de s\u00e9same, sulfites, fruits \u00e0 coque, soja et moutarde.<\/strong><\/p>\n","protected":false},"excerpt":{"rendered":"<p>Les MANTECADAS de Lapasi\u00f3n sont une p\u00e2tisserie typique, \u00e9labor\u00e9e avec de la farine, des \u0153ufs et du sucre. Id\u00e9ales pour le petit-d\u00e9jeuner ou le go\u00fbter. PR\u00c9SENTATION | Plateau de 280g x 12 paquets | Total 3,36 kg.<\/p>\n","protected":false},"featured_media":15329,"template":"","meta":{"_acf_changed":false,"_uag_custom_page_level_css":"","_genesis_hide_title":false,"_genesis_hide_breadcrumbs":false,"_genesis_hide_singular_image":false,"_genesis_hide_footer_widgets":false,"_genesis_custom_body_class":"","_genesis_custom_post_class":"","_genesis_layout":""},"product_brand":[],"product_cat":[1736,1728,1730,1666],"product_tag":[],"class_list":{"0":"post-13676","1":"product","2":"type-product","3":"status-publish","4":"has-post-thumbnail","6":"product_cat-produits-de-confiserie-et-de-boulangerie-emballes","7":"product_cat-boutique-en-ligne","8":"product_cat-distributeurs","9":"product_cat-muffins-sobaos","10":"entry","12":"first","13":"outofstock","14":"shipping-taxable","15":"purchasable","16":"product-type-simple"},"acf":[],"df_price":26.85,"df_sale_price":"","df_regular_price":26.85,"df_image_link":"https:\/\/lapasion.es\/wp-content\/uploads\/2017\/09\/2022-mantecadas-300x300.jpg","uagb_featured_image_src":{"full":["https:\/\/lapasion.es\/wp-content\/uploads\/2017\/09\/2022-mantecadas.jpg",500,500,false],"thumbnail":["https:\/\/lapasion.es\/wp-content\/uploads\/2017\/09\/2022-mantecadas-150x150.jpg",150,150,true],"medium":["https:\/\/lapasion.es\/wp-content\/uploads\/2017\/09\/2022-mantecadas-300x300.jpg",300,300,true],"medium_large":["https:\/\/lapasion.es\/wp-content\/uploads\/2017\/09\/2022-mantecadas.jpg",500,500,false],"large":["https:\/\/lapasion.es\/wp-content\/uploads\/2017\/09\/2022-mantecadas.jpg",500,500,false],"1536x1536":["https:\/\/lapasion.es\/wp-content\/uploads\/2017\/09\/2022-mantecadas.jpg",500,500,false],"2048x2048":["https:\/\/lapasion.es\/wp-content\/uploads\/2017\/09\/2022-mantecadas.jpg",500,500,false],"gur_featured_image":["https:\/\/lapasion.es\/wp-content\/uploads\/2017\/09\/2022-mantecadas.jpg",500,500,false],"gur_blog_thumbnail":["https:\/\/lapasion.es\/wp-content\/uploads\/2017\/09\/2022-mantecadas-240x240.jpg",240,240,true],"woocommerce_thumbnail":["https:\/\/lapasion.es\/wp-content\/uploads\/2017\/09\/2022-mantecadas.jpg",500,500,false],"woocommerce_single":["https:\/\/lapasion.es\/wp-content\/uploads\/2017\/09\/2022-mantecadas.jpg",500,500,false],"woocommerce_gallery_thumbnail":["https:\/\/lapasion.es\/wp-content\/uploads\/2017\/09\/2022-mantecadas-100x100.jpg",100,100,true]},"uagb_author_info":{"display_name":"incaelum","author_link":"https:\/\/lapasion.es\/fr\/author\/"},"uagb_comment_info":0,"uagb_excerpt":"Les MANTECADAS de Lapasi\u00f3n sont une p\u00e2tisserie typique, \u00e9labor\u00e9e avec de la farine, des \u0153ufs et du sucre. Id\u00e9ales pour le petit-d\u00e9jeuner ou le go\u00fbter. PR\u00c9SENTATION | Plateau de 280g x 12 paquets | Total 3,36 kg.","_links":{"self":[{"href":"https:\/\/lapasion.es\/fr\/wp-json\/wp\/v2\/product\/13676","targetHints":{"allow":["GET"]}}],"collection":[{"href":"https:\/\/lapasion.es\/fr\/wp-json\/wp\/v2\/product"}],"about":[{"href":"https:\/\/lapasion.es\/fr\/wp-json\/wp\/v2\/types\/product"}],"wp:featuredmedia":[{"embeddable":true,"href":"https:\/\/lapasion.es\/fr\/wp-json\/wp\/v2\/media\/15329"}],"wp:attachment":[{"href":"https:\/\/lapasion.es\/fr\/wp-json\/wp\/v2\/media?parent=13676"}],"wp:term":[{"taxonomy":"product_brand","embeddable":true,"href":"https:\/\/lapasion.es\/fr\/wp-json\/wp\/v2\/product_brand?post=13676"},{"taxonomy":"product_cat","embeddable":true,"href":"https:\/\/lapasion.es\/fr\/wp-json\/wp\/v2\/product_cat?post=13676"},{"taxonomy":"product_tag","embeddable":true,"href":"https:\/\/lapasion.es\/fr\/wp-json\/wp\/v2\/product_tag?post=13676"}],"curies":[{"name":"wp","href":"https:\/\/api.w.org\/{rel}","templated":true}]}}