{"id":13674,"date":"2017-09-13T10:11:32","date_gmt":"2017-09-13T08:11:32","guid":{"rendered":"https:\/\/lapasion.es\/producto\/pan-de-ajo-y-perejil\/"},"modified":"2024-08-22T10:08:11","modified_gmt":"2024-08-22T08:08:11","slug":"pan-de-ajo-y-perejil","status":"publish","type":"product","link":"https:\/\/lapasion.es\/fr\/produit\/pan-de-ajo-y-perejil\/","title":{"rendered":"Pain \u00e0 l\u00b4ail et au persil | 12 sachets"},"content":{"rendered":"<p>Farine de <strong>BL\u00c9<\/strong>, huile de tournesol \u00e0 haute teneur en acide ol\u00e9ique (24,7%), sel, ail (1,3%), levure, persil (0,7%), am\u00e9liorant (farine de bl\u00e9 (gluten), antiagglom\u00e9rant (E170), \u00e9mulsifiant (E472e), farine agent de traitement : acide ascorbique et enzymes). <strong>Peut contenir des traces de soja, de lait, de s\u00e9same, d&rsquo;arachides et de fruits \u00e0 coque.<\/strong><\/p>\n","protected":false},"excerpt":{"rendered":"<p>Morceau de pain rond croustillant de couleur toast\u00e9e avec de l\u00b4huile, de l\u00b4ail et du persil par-dessus. Petits pains grill\u00e9s parfaits pour les tapas et les accompagnements. Servi en bo\u00eetes de 12 paquets de 160g.<\/p>\n","protected":false},"featured_media":12116,"template":"","meta":{"_acf_changed":false,"_uag_custom_page_level_css":"","_genesis_hide_title":false,"_genesis_hide_breadcrumbs":false,"_genesis_hide_singular_image":false,"_genesis_hide_footer_widgets":false,"_genesis_custom_body_class":"","_genesis_custom_post_class":"","_genesis_layout":""},"product_brand":[],"product_cat":[1728,1730,1678],"product_tag":[],"class_list":{"0":"post-13674","1":"product","2":"type-product","3":"status-publish","4":"has-post-thumbnail","6":"product_cat-boutique-en-ligne","7":"product_cat-distributeurs","8":"product_cat-pain-snacks-sales","9":"entry","11":"first","12":"instock","13":"shipping-taxable","14":"purchasable","15":"product-type-simple"},"acf":[],"df_price":23.5,"df_sale_price":"","df_regular_price":23.5,"df_image_link":"https:\/\/lapasion.es\/wp-content\/uploads\/2017\/09\/002065-Pan-de-ajo-261x300.jpg","uagb_featured_image_src":{"full":["https:\/\/lapasion.es\/wp-content\/uploads\/2017\/09\/002065-Pan-de-ajo.jpg",1398,1608,false],"thumbnail":["https:\/\/lapasion.es\/wp-content\/uploads\/2017\/09\/002065-Pan-de-ajo-150x150.jpg",150,150,true],"medium":["https:\/\/lapasion.es\/wp-content\/uploads\/2017\/09\/002065-Pan-de-ajo-261x300.jpg",261,300,true],"medium_large":["https:\/\/lapasion.es\/wp-content\/uploads\/2017\/09\/002065-Pan-de-ajo-768x883.jpg",768,883,true],"large":["https:\/\/lapasion.es\/wp-content\/uploads\/2017\/09\/002065-Pan-de-ajo-890x1024.jpg",890,1024,true],"1536x1536":["https:\/\/lapasion.es\/wp-content\/uploads\/2017\/09\/002065-Pan-de-ajo-1335x1536.jpg",1335,1536,true],"2048x2048":["https:\/\/lapasion.es\/wp-content\/uploads\/2017\/09\/002065-Pan-de-ajo.jpg",1398,1608,false],"gur_featured_image":["https:\/\/lapasion.es\/wp-content\/uploads\/2017\/09\/002065-Pan-de-ajo.jpg",548,630,false],"gur_blog_thumbnail":["https:\/\/lapasion.es\/wp-content\/uploads\/2017\/09\/002065-Pan-de-ajo.jpg",435,500,false],"woocommerce_thumbnail":["https:\/\/lapasion.es\/wp-content\/uploads\/2017\/09\/002065-Pan-de-ajo-500x500.jpg",500,500,true],"woocommerce_single":["https:\/\/lapasion.es\/wp-content\/uploads\/2017\/09\/002065-Pan-de-ajo-655x753.jpg",655,753,true],"woocommerce_gallery_thumbnail":["https:\/\/lapasion.es\/wp-content\/uploads\/2017\/09\/002065-Pan-de-ajo-100x100.jpg",100,100,true]},"uagb_author_info":{"display_name":"incaelum","author_link":"https:\/\/lapasion.es\/fr\/author\/"},"uagb_comment_info":0,"uagb_excerpt":"Morceau de pain rond croustillant de couleur toast\u00e9e avec de l\u00b4huile, de l\u00b4ail et du persil par-dessus. Petits pains grill\u00e9s parfaits pour les tapas et les accompagnements. Servi en bo\u00eetes de 12 paquets de 160g.","_links":{"self":[{"href":"https:\/\/lapasion.es\/fr\/wp-json\/wp\/v2\/product\/13674","targetHints":{"allow":["GET"]}}],"collection":[{"href":"https:\/\/lapasion.es\/fr\/wp-json\/wp\/v2\/product"}],"about":[{"href":"https:\/\/lapasion.es\/fr\/wp-json\/wp\/v2\/types\/product"}],"wp:featuredmedia":[{"embeddable":true,"href":"https:\/\/lapasion.es\/fr\/wp-json\/wp\/v2\/media\/12116"}],"wp:attachment":[{"href":"https:\/\/lapasion.es\/fr\/wp-json\/wp\/v2\/media?parent=13674"}],"wp:term":[{"taxonomy":"product_brand","embeddable":true,"href":"https:\/\/lapasion.es\/fr\/wp-json\/wp\/v2\/product_brand?post=13674"},{"taxonomy":"product_cat","embeddable":true,"href":"https:\/\/lapasion.es\/fr\/wp-json\/wp\/v2\/product_cat?post=13674"},{"taxonomy":"product_tag","embeddable":true,"href":"https:\/\/lapasion.es\/fr\/wp-json\/wp\/v2\/product_tag?post=13674"}],"curies":[{"name":"wp","href":"https:\/\/api.w.org\/{rel}","templated":true}]}}