{"id":13672,"date":"2017-09-13T10:11:59","date_gmt":"2017-09-13T10:11:59","guid":{"rendered":"https:\/\/lapasion.es\/producto\/pasta-almendra\/"},"modified":"2024-10-08T12:45:43","modified_gmt":"2024-10-08T10:45:43","slug":"pasta-almendra","status":"publish","type":"product","link":"https:\/\/lapasion.es\/fr\/produit\/pasta-almendra\/","title":{"rendered":"P\u00e2tes aux amandes | 165g x 10 paquets"},"content":{"rendered":"<p>Farine de <strong>BL\u00c9<\/strong>, saindoux de porc, sucre, <strong>AMANDES<\/strong> 8%, <strong>\u0152UF<\/strong> pasteuris\u00e9 (\u0152UF, conservateur E202 et antioxydant E330), poudres \u00e0 lever (diphosphate disodique, bicarbonate de sodium), prot\u00e9ine de <strong>LAIT<\/strong>, dextrose, huile v\u00e9g\u00e9tale (colza) et ar\u00f4mes.<strong> SANS HUILE DE PALME.<\/strong><\/p>\n","protected":false},"excerpt":{"rendered":"<p style=\"text-align: left;\"><strong>QUALIT\u00c9 SUPR\u00caME<\/strong> | Les P\u00c2TES D\u00b4AMANDE de Lapasi\u00f3n sont des p\u00e2tes de style sabl\u00e9 douces et croquantes. La p\u00e2te est recouverte d\u00b4un b\u00e2tonnet d\u00b4amandes lamin\u00e9es.<\/p>\n<div class=\"woocommerce-product-details__short-description\">\n<p><strong>MOMENT PARFAIT<\/strong> | Id\u00e9al pour les desserts, snack et petit dejeuner.<\/p>\n<p><strong>PR\u00c9SENTATION<\/strong> | 165 g x 10 paquets | Total 1.65 kg<\/p>\n<p><strong>PRODUITS EN ESPAGNE<\/strong> | Ces bonbons sont produits en Espagne.<\/p>\n<p><strong>DLU ET CONSERVATION<\/strong> | \u00a0Consommation privil\u00e9gi\u00e9e dans les 12 mois suivant sa fabrication. Conservez-le dans un endroit frais et sec et prot\u00e9gez-le du soleil.<\/p>\n<\/div>\n","protected":false},"featured_media":12332,"template":"","meta":{"_acf_changed":false,"_uag_custom_page_level_css":"","_genesis_hide_title":false,"_genesis_hide_breadcrumbs":false,"_genesis_hide_singular_image":false,"_genesis_hide_footer_widgets":false,"_genesis_custom_body_class":"","_genesis_custom_post_class":"","_genesis_layout":""},"product_brand":[],"product_cat":[1668,1736,1728,1730,1664],"product_tag":[],"class_list":{"0":"post-13672","1":"product","2":"type-product","3":"status-publish","4":"has-post-thumbnail","6":"product_cat-patisseries-gaufrettes","7":"product_cat-produits-de-confiserie-et-de-boulangerie-emballes","8":"product_cat-boutique-en-ligne","9":"product_cat-distributeurs","10":"product_cat-confiserie-boulangerie","11":"entry","13":"first","14":"instock","15":"shipping-taxable","16":"product-type-variable"},"acf":[],"df_price":"","df_sale_price":"","df_regular_price":"","df_image_link":"https:\/\/lapasion.es\/wp-content\/uploads\/2017\/09\/002453-pasta-almendra-300x300.jpg","uagb_featured_image_src":{"full":["https:\/\/lapasion.es\/wp-content\/uploads\/2017\/09\/002453-pasta-almendra.jpg",500,500,false],"thumbnail":["https:\/\/lapasion.es\/wp-content\/uploads\/2017\/09\/002453-pasta-almendra-150x150.jpg",150,150,true],"medium":["https:\/\/lapasion.es\/wp-content\/uploads\/2017\/09\/002453-pasta-almendra-300x300.jpg",300,300,true],"medium_large":["https:\/\/lapasion.es\/wp-content\/uploads\/2017\/09\/002453-pasta-almendra.jpg",500,500,false],"large":["https:\/\/lapasion.es\/wp-content\/uploads\/2017\/09\/002453-pasta-almendra.jpg",500,500,false],"1536x1536":["https:\/\/lapasion.es\/wp-content\/uploads\/2017\/09\/002453-pasta-almendra.jpg",500,500,false],"2048x2048":["https:\/\/lapasion.es\/wp-content\/uploads\/2017\/09\/002453-pasta-almendra.jpg",500,500,false],"gur_featured_image":["https:\/\/lapasion.es\/wp-content\/uploads\/2017\/09\/002453-pasta-almendra.jpg",500,500,false],"gur_blog_thumbnail":["https:\/\/lapasion.es\/wp-content\/uploads\/2017\/09\/002453-pasta-almendra.jpg",500,500,false],"woocommerce_thumbnail":["https:\/\/lapasion.es\/wp-content\/uploads\/2017\/09\/002453-pasta-almendra.jpg",500,500,false],"woocommerce_single":["https:\/\/lapasion.es\/wp-content\/uploads\/2017\/09\/002453-pasta-almendra.jpg",500,500,false],"woocommerce_gallery_thumbnail":["https:\/\/lapasion.es\/wp-content\/uploads\/2017\/09\/002453-pasta-almendra-100x100.jpg",100,100,true]},"uagb_author_info":{"display_name":"incaelum","author_link":"https:\/\/lapasion.es\/fr\/author\/"},"uagb_comment_info":0,"uagb_excerpt":"QUALIT\u00c9 SUPR\u00caME | Les P\u00c2TES D\u00b4AMANDE de Lapasi\u00f3n sont des p\u00e2tes de style sabl\u00e9 douces et croquantes. La p\u00e2te est recouverte d\u00b4un b\u00e2tonnet d\u00b4amandes lamin\u00e9es. MOMENT PARFAIT | Id\u00e9al pour les desserts, snack et petit dejeuner. PR\u00c9SENTATION | 165 g x 10 paquets | Total 1.65 kg PRODUITS EN ESPAGNE | Ces bonbons sont produits\u2026","_links":{"self":[{"href":"https:\/\/lapasion.es\/fr\/wp-json\/wp\/v2\/product\/13672","targetHints":{"allow":["GET"]}}],"collection":[{"href":"https:\/\/lapasion.es\/fr\/wp-json\/wp\/v2\/product"}],"about":[{"href":"https:\/\/lapasion.es\/fr\/wp-json\/wp\/v2\/types\/product"}],"wp:featuredmedia":[{"embeddable":true,"href":"https:\/\/lapasion.es\/fr\/wp-json\/wp\/v2\/media\/12332"}],"wp:attachment":[{"href":"https:\/\/lapasion.es\/fr\/wp-json\/wp\/v2\/media?parent=13672"}],"wp:term":[{"taxonomy":"product_brand","embeddable":true,"href":"https:\/\/lapasion.es\/fr\/wp-json\/wp\/v2\/product_brand?post=13672"},{"taxonomy":"product_cat","embeddable":true,"href":"https:\/\/lapasion.es\/fr\/wp-json\/wp\/v2\/product_cat?post=13672"},{"taxonomy":"product_tag","embeddable":true,"href":"https:\/\/lapasion.es\/fr\/wp-json\/wp\/v2\/product_tag?post=13672"}],"curies":[{"name":"wp","href":"https:\/\/api.w.org\/{rel}","templated":true}]}}