{"id":13668,"date":"2017-09-13T10:12:32","date_gmt":"2017-09-13T08:12:32","guid":{"rendered":"https:\/\/lapasion.es\/producto\/galletas-de-almendra-muy-crujientes\/"},"modified":"2025-03-13T09:10:47","modified_gmt":"2025-03-13T07:10:47","slug":"rosegones","status":"publish","type":"product","link":"https:\/\/lapasion.es\/fr\/produit\/rosegones\/","title":{"rendered":"Rosegones | Biscuit aux amandes grill\u00e9es 140g x 8 sachets"},"content":{"rendered":"<p>Farine de <strong>BL\u00c9<\/strong>, sucre, <strong>AMANDES<\/strong> grill\u00e9es (13%), <strong>\u0152UF<\/strong> liquide pasteuris\u00e9, huile de tournesol, eau, extrait de malt <strong>d&rsquo;ORGE<\/strong>, poudres \u00e0 lever (bicarbonate de sodium et d&rsquo;ammonium, sel et ar\u00f4mes. <strong>Peut contenir des traces de soja, lait, fruits \u00e0 coque et arachides.<\/strong><\/p>\n","protected":false},"excerpt":{"rendered":"<p>Les Rosegones de Lapasi\u00f3n sont des douceurs typiques faites avec de la farine, des \u0153ufs, du sucre et des morceaux d\u00b4amande. PR\u00c9SENTATION | paquet de 140g x 8 paquets | Total 1,12 kg.<\/p>\n","protected":false},"featured_media":10124,"template":"","meta":{"_acf_changed":false,"_uag_custom_page_level_css":"","_genesis_hide_title":false,"_genesis_hide_breadcrumbs":false,"_genesis_hide_singular_image":false,"_genesis_hide_footer_widgets":false,"_genesis_custom_body_class":"","_genesis_custom_post_class":"","_genesis_layout":""},"product_brand":[],"product_cat":[1668,1736,1728,1730,1664],"product_tag":[],"class_list":{"0":"post-13668","1":"product","2":"type-product","3":"status-publish","4":"has-post-thumbnail","6":"product_cat-patisseries-gaufrettes","7":"product_cat-produits-de-confiserie-et-de-boulangerie-emballes","8":"product_cat-boutique-en-ligne","9":"product_cat-distributeurs","10":"product_cat-confiserie-boulangerie","11":"entry","13":"first","14":"instock","15":"shipping-taxable","16":"purchasable","17":"product-type-simple"},"acf":[],"df_price":32.28,"df_sale_price":"","df_regular_price":32.28,"df_image_link":"https:\/\/lapasion.es\/wp-content\/uploads\/2017\/09\/Rosegones1-254x300.jpg","uagb_featured_image_src":{"full":["https:\/\/lapasion.es\/wp-content\/uploads\/2017\/09\/Rosegones1.jpg",1822,2151,false],"thumbnail":["https:\/\/lapasion.es\/wp-content\/uploads\/2017\/09\/Rosegones1-150x150.jpg",150,150,true],"medium":["https:\/\/lapasion.es\/wp-content\/uploads\/2017\/09\/Rosegones1-254x300.jpg",254,300,true],"medium_large":["https:\/\/lapasion.es\/wp-content\/uploads\/2017\/09\/Rosegones1-768x907.jpg",768,907,true],"large":["https:\/\/lapasion.es\/wp-content\/uploads\/2017\/09\/Rosegones1-867x1024.jpg",867,1024,true],"1536x1536":["https:\/\/lapasion.es\/wp-content\/uploads\/2017\/09\/Rosegones1-1301x1536.jpg",1301,1536,true],"2048x2048":["https:\/\/lapasion.es\/wp-content\/uploads\/2017\/09\/Rosegones1-1735x2048.jpg",1735,2048,true],"gur_featured_image":["https:\/\/lapasion.es\/wp-content\/uploads\/2017\/09\/Rosegones1.jpg",534,630,false],"gur_blog_thumbnail":["https:\/\/lapasion.es\/wp-content\/uploads\/2017\/09\/Rosegones1.jpg",424,500,false],"woocommerce_thumbnail":["https:\/\/lapasion.es\/wp-content\/uploads\/2017\/09\/Rosegones1-500x500.jpg",500,500,true],"woocommerce_single":["https:\/\/lapasion.es\/wp-content\/uploads\/2017\/09\/Rosegones1-655x773.jpg",655,773,true],"woocommerce_gallery_thumbnail":["https:\/\/lapasion.es\/wp-content\/uploads\/2017\/09\/Rosegones1-100x100.jpg",100,100,true]},"uagb_author_info":{"display_name":"incaelum","author_link":"https:\/\/lapasion.es\/fr\/author\/"},"uagb_comment_info":0,"uagb_excerpt":"Les Rosegones de Lapasi\u00f3n sont des douceurs typiques faites avec de la farine, des \u0153ufs, du sucre et des morceaux d\u00b4amande. PR\u00c9SENTATION | paquet de 140g x 8 paquets | Total 1,12 kg.","_links":{"self":[{"href":"https:\/\/lapasion.es\/fr\/wp-json\/wp\/v2\/product\/13668","targetHints":{"allow":["GET"]}}],"collection":[{"href":"https:\/\/lapasion.es\/fr\/wp-json\/wp\/v2\/product"}],"about":[{"href":"https:\/\/lapasion.es\/fr\/wp-json\/wp\/v2\/types\/product"}],"wp:featuredmedia":[{"embeddable":true,"href":"https:\/\/lapasion.es\/fr\/wp-json\/wp\/v2\/media\/10124"}],"wp:attachment":[{"href":"https:\/\/lapasion.es\/fr\/wp-json\/wp\/v2\/media?parent=13668"}],"wp:term":[{"taxonomy":"product_brand","embeddable":true,"href":"https:\/\/lapasion.es\/fr\/wp-json\/wp\/v2\/product_brand?post=13668"},{"taxonomy":"product_cat","embeddable":true,"href":"https:\/\/lapasion.es\/fr\/wp-json\/wp\/v2\/product_cat?post=13668"},{"taxonomy":"product_tag","embeddable":true,"href":"https:\/\/lapasion.es\/fr\/wp-json\/wp\/v2\/product_tag?post=13668"}],"curies":[{"name":"wp","href":"https:\/\/api.w.org\/{rel}","templated":true}]}}