{"id":13662,"date":"2017-09-13T10:14:37","date_gmt":"2017-09-13T10:14:37","guid":{"rendered":"https:\/\/lapasion.es\/producto\/rizada-con-edulcorante\/"},"modified":"2023-10-24T15:47:27","modified_gmt":"2023-10-24T13:47:27","slug":"rizada-con-edulcorante","status":"publish","type":"product","link":"https:\/\/lapasion.es\/fr\/produit\/rizada-con-edulcorante\/","title":{"rendered":"Rizada compl\u00e8te avec \u00e9dulcorant | 180g x 12 sachets"},"content":{"rendered":"<p>Farine compl\u00e8te (20%) [100% Farine de bl\u00e9 et son de bl\u00e9], \u00e9dulcorants : maltitol et sucralose, farine de bl\u00e9, eau, huile de tournesol, \u0153uf liquide pasteuris\u00e9, graines de lin, extrait de malt d\u00b4orge, agents levants : bicarbonate de sodium et d\u00b4ammonium, ar\u00f4me de citron, sel et vanilline.<\/p>\n","protected":false},"excerpt":{"rendered":"<p>Les biscuits int\u00e9graux fris\u00e9s de Lapasi\u00f3n sont des biscuits int\u00e9graux en forme de boucles, riches en fibres et \u00e9dulcor\u00e9s. PR\u00c9SENTATION | Plateau de 180 x 12 paquets | Total de 2,16 kg.<\/p>\n","protected":false},"featured_media":11018,"template":"","meta":{"_acf_changed":false,"_uag_custom_page_level_css":"","_genesis_hide_title":false,"_genesis_hide_breadcrumbs":false,"_genesis_hide_singular_image":false,"_genesis_hide_footer_widgets":false,"_genesis_custom_body_class":"","_genesis_custom_post_class":"","_genesis_layout":""},"product_brand":[],"product_cat":[1668,1736,1728,1730,1664],"product_tag":[1690,1688],"class_list":{"0":"post-13662","1":"product","2":"type-product","3":"status-publish","4":"has-post-thumbnail","6":"product_cat-patisseries-gaufrettes","7":"product_cat-produits-de-confiserie-et-de-boulangerie-emballes","8":"product_cat-boutique-en-ligne","9":"product_cat-distributeurs","10":"product_cat-confiserie-boulangerie","11":"product_tag-boulangerie-integrale","12":"product_tag-patisseries-sans-sucre","13":"entry","15":"first","16":"outofstock","17":"shipping-taxable","18":"purchasable","19":"product-type-simple"},"acf":[],"df_price":26.59,"df_sale_price":"","df_regular_price":26.59,"df_image_link":"https:\/\/lapasion.es\/wp-content\/uploads\/2017\/09\/RIZADA-INTEGRAL-300x300.jpg","uagb_featured_image_src":{"full":["https:\/\/lapasion.es\/wp-content\/uploads\/2017\/09\/RIZADA-INTEGRAL.jpg",500,500,false],"thumbnail":["https:\/\/lapasion.es\/wp-content\/uploads\/2017\/09\/RIZADA-INTEGRAL-150x150.jpg",150,150,true],"medium":["https:\/\/lapasion.es\/wp-content\/uploads\/2017\/09\/RIZADA-INTEGRAL-300x300.jpg",300,300,true],"medium_large":["https:\/\/lapasion.es\/wp-content\/uploads\/2017\/09\/RIZADA-INTEGRAL.jpg",500,500,false],"large":["https:\/\/lapasion.es\/wp-content\/uploads\/2017\/09\/RIZADA-INTEGRAL.jpg",500,500,false],"1536x1536":["https:\/\/lapasion.es\/wp-content\/uploads\/2017\/09\/RIZADA-INTEGRAL.jpg",500,500,false],"2048x2048":["https:\/\/lapasion.es\/wp-content\/uploads\/2017\/09\/RIZADA-INTEGRAL.jpg",500,500,false],"gur_featured_image":["https:\/\/lapasion.es\/wp-content\/uploads\/2017\/09\/RIZADA-INTEGRAL.jpg",500,500,false],"gur_blog_thumbnail":["https:\/\/lapasion.es\/wp-content\/uploads\/2017\/09\/RIZADA-INTEGRAL.jpg",500,500,false],"woocommerce_thumbnail":["https:\/\/lapasion.es\/wp-content\/uploads\/2017\/09\/RIZADA-INTEGRAL.jpg",500,500,false],"woocommerce_single":["https:\/\/lapasion.es\/wp-content\/uploads\/2017\/09\/RIZADA-INTEGRAL.jpg",500,500,false],"woocommerce_gallery_thumbnail":["https:\/\/lapasion.es\/wp-content\/uploads\/2017\/09\/RIZADA-INTEGRAL-100x100.jpg",100,100,true]},"uagb_author_info":{"display_name":"incaelum","author_link":"https:\/\/lapasion.es\/fr\/author\/"},"uagb_comment_info":0,"uagb_excerpt":"Les biscuits int\u00e9graux fris\u00e9s de Lapasi\u00f3n sont des biscuits int\u00e9graux en forme de boucles, riches en fibres et \u00e9dulcor\u00e9s. PR\u00c9SENTATION | Plateau de 180 x 12 paquets | Total de 2,16 kg.","_links":{"self":[{"href":"https:\/\/lapasion.es\/fr\/wp-json\/wp\/v2\/product\/13662","targetHints":{"allow":["GET"]}}],"collection":[{"href":"https:\/\/lapasion.es\/fr\/wp-json\/wp\/v2\/product"}],"about":[{"href":"https:\/\/lapasion.es\/fr\/wp-json\/wp\/v2\/types\/product"}],"wp:featuredmedia":[{"embeddable":true,"href":"https:\/\/lapasion.es\/fr\/wp-json\/wp\/v2\/media\/11018"}],"wp:attachment":[{"href":"https:\/\/lapasion.es\/fr\/wp-json\/wp\/v2\/media?parent=13662"}],"wp:term":[{"taxonomy":"product_brand","embeddable":true,"href":"https:\/\/lapasion.es\/fr\/wp-json\/wp\/v2\/product_brand?post=13662"},{"taxonomy":"product_cat","embeddable":true,"href":"https:\/\/lapasion.es\/fr\/wp-json\/wp\/v2\/product_cat?post=13662"},{"taxonomy":"product_tag","embeddable":true,"href":"https:\/\/lapasion.es\/fr\/wp-json\/wp\/v2\/product_tag?post=13662"}],"curies":[{"name":"wp","href":"https:\/\/api.w.org\/{rel}","templated":true}]}}