{"id":13660,"date":"2017-09-13T10:15:40","date_gmt":"2017-09-13T08:15:40","guid":{"rendered":"https:\/\/lapasion.es\/producto\/sobaos-envueltos\/"},"modified":"2023-10-24T15:45:33","modified_gmt":"2023-10-24T13:45:33","slug":"sobaos-env","status":"publish","type":"product","link":"https:\/\/lapasion.es\/fr\/produit\/sobaos-env\/","title":{"rendered":"Sobaos env | 2.4 Kg"},"content":{"rendered":"<p>Farine de bl\u00e9, sucre, huile v\u00e9g\u00e9tale de tournesol ou de soja en proportion variable, \u0153ufs, sirop (sucre, eau et acide citrique), lactos\u00e9rum, agents levants (diphosphate disodique et bicarbonate de sodium), conservateurs (acide sorbique, sorbate de potassium), ar\u00f4me de beurre.<\/p>\n","protected":false},"excerpt":{"rendered":"<p>D\u00e9licieux sobaos au parfum de beurre sans huile de palme. Profitez d\u00e8s maintenant de la p\u00e2tisserie traditionnelle. QUALIT\u00c9 SUPR\u00caME | Sobaos \u00e9labor\u00e9s de mani\u00e8re traditionnelle. G\u00e2teaux au parfum de beurre emball\u00e9s individuellement pour assurer leur conservation beaucoup plus longtemps.<\/p>\n","protected":false},"featured_media":10132,"template":"","meta":{"_acf_changed":false,"_uag_custom_page_level_css":"","_genesis_hide_title":false,"_genesis_hide_breadcrumbs":false,"_genesis_hide_singular_image":false,"_genesis_hide_footer_widgets":false,"_genesis_custom_body_class":"","_genesis_custom_post_class":"","_genesis_layout":""},"product_brand":[],"product_cat":[1734,1728,1730,1666,1664],"product_tag":[],"class_list":{"0":"post-13660","1":"product","2":"type-product","3":"status-publish","4":"has-post-thumbnail","6":"product_cat-produits-de-confiserie-et-de-boulangerie-en-vrac-emballes","7":"product_cat-boutique-en-ligne","8":"product_cat-distributeurs","9":"product_cat-muffins-sobaos","10":"product_cat-confiserie-boulangerie","11":"entry","13":"first","14":"instock","15":"shipping-taxable","16":"purchasable","17":"product-type-simple"},"acf":[],"df_price":27.29,"df_sale_price":"","df_regular_price":27.29,"df_image_link":"https:\/\/lapasion.es\/wp-content\/uploads\/2017\/09\/sobao-env-269x300.jpg","uagb_featured_image_src":{"full":["https:\/\/lapasion.es\/wp-content\/uploads\/2017\/09\/sobao-env.jpg",1385,1544,false],"thumbnail":["https:\/\/lapasion.es\/wp-content\/uploads\/2017\/09\/sobao-env-150x150.jpg",150,150,true],"medium":["https:\/\/lapasion.es\/wp-content\/uploads\/2017\/09\/sobao-env-269x300.jpg",269,300,true],"medium_large":["https:\/\/lapasion.es\/wp-content\/uploads\/2017\/09\/sobao-env-768x856.jpg",768,856,true],"large":["https:\/\/lapasion.es\/wp-content\/uploads\/2017\/09\/sobao-env-919x1024.jpg",919,1024,true],"1536x1536":["https:\/\/lapasion.es\/wp-content\/uploads\/2017\/09\/sobao-env-1378x1536.jpg",1378,1536,true],"2048x2048":["https:\/\/lapasion.es\/wp-content\/uploads\/2017\/09\/sobao-env.jpg",1385,1544,false],"gur_featured_image":["https:\/\/lapasion.es\/wp-content\/uploads\/2017\/09\/sobao-env.jpg",565,630,false],"gur_blog_thumbnail":["https:\/\/lapasion.es\/wp-content\/uploads\/2017\/09\/sobao-env.jpg",449,500,false],"woocommerce_thumbnail":["https:\/\/lapasion.es\/wp-content\/uploads\/2017\/09\/sobao-env-500x500.jpg",500,500,true],"woocommerce_single":["https:\/\/lapasion.es\/wp-content\/uploads\/2017\/09\/sobao-env-655x730.jpg",655,730,true],"woocommerce_gallery_thumbnail":["https:\/\/lapasion.es\/wp-content\/uploads\/2017\/09\/sobao-env-100x100.jpg",100,100,true]},"uagb_author_info":{"display_name":"incaelum","author_link":"https:\/\/lapasion.es\/fr\/author\/"},"uagb_comment_info":0,"uagb_excerpt":"D\u00e9licieux sobaos au parfum de beurre sans huile de palme. Profitez d\u00e8s maintenant de la p\u00e2tisserie traditionnelle. QUALIT\u00c9 SUPR\u00caME | Sobaos \u00e9labor\u00e9s de mani\u00e8re traditionnelle. G\u00e2teaux au parfum de beurre emball\u00e9s individuellement pour assurer leur conservation beaucoup plus longtemps.","_links":{"self":[{"href":"https:\/\/lapasion.es\/fr\/wp-json\/wp\/v2\/product\/13660","targetHints":{"allow":["GET"]}}],"collection":[{"href":"https:\/\/lapasion.es\/fr\/wp-json\/wp\/v2\/product"}],"about":[{"href":"https:\/\/lapasion.es\/fr\/wp-json\/wp\/v2\/types\/product"}],"wp:featuredmedia":[{"embeddable":true,"href":"https:\/\/lapasion.es\/fr\/wp-json\/wp\/v2\/media\/10132"}],"wp:attachment":[{"href":"https:\/\/lapasion.es\/fr\/wp-json\/wp\/v2\/media?parent=13660"}],"wp:term":[{"taxonomy":"product_brand","embeddable":true,"href":"https:\/\/lapasion.es\/fr\/wp-json\/wp\/v2\/product_brand?post=13660"},{"taxonomy":"product_cat","embeddable":true,"href":"https:\/\/lapasion.es\/fr\/wp-json\/wp\/v2\/product_cat?post=13660"},{"taxonomy":"product_tag","embeddable":true,"href":"https:\/\/lapasion.es\/fr\/wp-json\/wp\/v2\/product_tag?post=13660"}],"curies":[{"name":"wp","href":"https:\/\/api.w.org\/{rel}","templated":true}]}}