{"id":13654,"date":"2017-09-13T10:16:12","date_gmt":"2017-09-13T10:16:12","guid":{"rendered":"https:\/\/lapasion.es\/producto\/chokies\/"},"modified":"2023-12-22T11:05:36","modified_gmt":"2023-12-22T09:05:36","slug":"chokies","status":"publish","type":"product","link":"https:\/\/lapasion.es\/fr\/produit\/chokies\/","title":{"rendered":"Biscuit Chokis avec p\u00e9pites de chocolat | 2kg"},"content":{"rendered":"<p>Farine de <strong>BL\u00c9<\/strong>, margarine [huiles et graisses v\u00e9g\u00e9tales (palme, soja, coco, colza, tournesol en proportions variables) ; eau, \u00e9mulsifiants : l\u00e9cithines, E471 ; acidulant : acide citrique ; conservateur : E202, ar\u00f4mes ; colorant : carot\u00e8nes], gouttes de chocolat (19,6%) [sucre, p\u00e2te de cacao, beurre de cacao, \u00e9mulsifiant (l\u00e9cithine de <strong>SOJA<\/strong>)], sucre, <strong>OEUF<\/strong> liquide pasteuris\u00e9, eau, extrait de malt <strong>d&rsquo;ORGE<\/strong>, poudres \u00e0 lever : bicarbonates de sodium et ammoniaque, sel et ar\u00f4mes . <strong>Peut contenir des traces de lait, de fruits \u00e0 coque et d&rsquo;arachides.<\/strong><\/p>\n","protected":false},"excerpt":{"rendered":"<p>Les CHOKIS de Lapasi\u00f3n sont des biscuits avec des p\u00e9pites de chocolat, tr\u00e8s croustillants et au d\u00e9licieux go\u00fbt de chocolat. PR\u00c9SENTATION | La bo\u00eete contient 80 unit\u00e9s | Total 2 Kg.<\/p>\n","protected":false},"featured_media":9520,"template":"","meta":{"_acf_changed":false,"_uag_custom_page_level_css":"","_genesis_hide_title":false,"_genesis_hide_breadcrumbs":false,"_genesis_hide_singular_image":false,"_genesis_hide_footer_widgets":false,"_genesis_custom_body_class":"","_genesis_custom_post_class":"","_genesis_layout":""},"product_brand":[],"product_cat":[1668,1732,1728,1730,1664],"product_tag":[],"class_list":{"0":"post-13654","1":"product","2":"type-product","3":"status-publish","4":"has-post-thumbnail","6":"product_cat-patisseries-gaufrettes","7":"product_cat-patisseries-et-produits-de-boulangerie-en-vrac","8":"product_cat-boutique-en-ligne","9":"product_cat-distributeurs","10":"product_cat-confiserie-boulangerie","11":"entry","13":"first","14":"instock","15":"shipping-taxable","16":"purchasable","17":"product-type-simple"},"acf":[],"df_price":30.9,"df_sale_price":"","df_regular_price":30.9,"df_image_link":"https:\/\/lapasion.es\/wp-content\/uploads\/2017\/10\/5017-300x300.jpg","uagb_featured_image_src":{"full":["https:\/\/lapasion.es\/wp-content\/uploads\/2017\/10\/5017.jpg",482,482,false],"thumbnail":["https:\/\/lapasion.es\/wp-content\/uploads\/2017\/10\/5017-150x150.jpg",150,150,true],"medium":["https:\/\/lapasion.es\/wp-content\/uploads\/2017\/10\/5017-300x300.jpg",300,300,true],"medium_large":["https:\/\/lapasion.es\/wp-content\/uploads\/2017\/10\/5017.jpg",482,482,false],"large":["https:\/\/lapasion.es\/wp-content\/uploads\/2017\/10\/5017.jpg",482,482,false],"1536x1536":["https:\/\/lapasion.es\/wp-content\/uploads\/2017\/10\/5017.jpg",482,482,false],"2048x2048":["https:\/\/lapasion.es\/wp-content\/uploads\/2017\/10\/5017.jpg",482,482,false],"gur_featured_image":["https:\/\/lapasion.es\/wp-content\/uploads\/2017\/10\/5017.jpg",482,482,false],"gur_blog_thumbnail":["https:\/\/lapasion.es\/wp-content\/uploads\/2017\/10\/5017.jpg",482,482,false],"woocommerce_thumbnail":["https:\/\/lapasion.es\/wp-content\/uploads\/2017\/10\/5017.jpg",482,482,false],"woocommerce_single":["https:\/\/lapasion.es\/wp-content\/uploads\/2017\/10\/5017.jpg",482,482,false],"woocommerce_gallery_thumbnail":["https:\/\/lapasion.es\/wp-content\/uploads\/2017\/10\/5017-100x100.jpg",100,100,true]},"uagb_author_info":{"display_name":"incaelum","author_link":"https:\/\/lapasion.es\/fr\/author\/"},"uagb_comment_info":0,"uagb_excerpt":"Les CHOKIS de Lapasi\u00f3n sont des biscuits avec des p\u00e9pites de chocolat, tr\u00e8s croustillants et au d\u00e9licieux go\u00fbt de chocolat. PR\u00c9SENTATION | La bo\u00eete contient 80 unit\u00e9s | Total 2 Kg.","_links":{"self":[{"href":"https:\/\/lapasion.es\/fr\/wp-json\/wp\/v2\/product\/13654","targetHints":{"allow":["GET"]}}],"collection":[{"href":"https:\/\/lapasion.es\/fr\/wp-json\/wp\/v2\/product"}],"about":[{"href":"https:\/\/lapasion.es\/fr\/wp-json\/wp\/v2\/types\/product"}],"wp:featuredmedia":[{"embeddable":true,"href":"https:\/\/lapasion.es\/fr\/wp-json\/wp\/v2\/media\/9520"}],"wp:attachment":[{"href":"https:\/\/lapasion.es\/fr\/wp-json\/wp\/v2\/media?parent=13654"}],"wp:term":[{"taxonomy":"product_brand","embeddable":true,"href":"https:\/\/lapasion.es\/fr\/wp-json\/wp\/v2\/product_brand?post=13654"},{"taxonomy":"product_cat","embeddable":true,"href":"https:\/\/lapasion.es\/fr\/wp-json\/wp\/v2\/product_cat?post=13654"},{"taxonomy":"product_tag","embeddable":true,"href":"https:\/\/lapasion.es\/fr\/wp-json\/wp\/v2\/product_tag?post=13654"}],"curies":[{"name":"wp","href":"https:\/\/api.w.org\/{rel}","templated":true}]}}