{"id":13650,"date":"2017-09-13T10:16:19","date_gmt":"2017-09-13T10:16:19","guid":{"rendered":"https:\/\/lapasion.es\/producto\/lenguas-choco\/"},"modified":"2023-10-24T15:44:31","modified_gmt":"2023-10-24T13:44:31","slug":"lenguas-choco","status":"publish","type":"product","link":"https:\/\/lapasion.es\/fr\/produit\/lenguas-choco\/","title":{"rendered":"Biscuits de sole au chocolat | 2.5Kg"},"content":{"rendered":"<p>Farine de BL\u00c9, \u0152UFS, sucre, LAIT, chocolat [sucre, graisse v\u00e9g\u00e9tale (palmiste), poudre de cacao, \u00e9mulsifiant (E-492, E-322, E-476), ar\u00f4me], huile de tournesol, agents levants (E-450i, E500ii), muscat (sulfites).<\/p>\n","protected":false},"excerpt":{"rendered":"<p>Les LANGUES de Lapasi\u00f3n sont des biscuits croustillants et enrob\u00e9s de chocolat, parfaits pour \u00eatre d\u00e9gust\u00e9s au petit-d\u00e9jeuner ou en dessert. PR\u00c9SENTATION | La bo\u00eete contient 115 unit\u00e9s | Total 2,5 kg.<\/p>\n","protected":false},"featured_media":9534,"template":"","meta":{"_acf_changed":false,"_uag_custom_page_level_css":"","_genesis_hide_title":false,"_genesis_hide_breadcrumbs":false,"_genesis_hide_singular_image":false,"_genesis_hide_footer_widgets":false,"_genesis_custom_body_class":"","_genesis_custom_post_class":"","_genesis_layout":""},"product_brand":[],"product_cat":[1668,1728,1730,1664],"product_tag":[],"class_list":{"0":"post-13650","1":"product","2":"type-product","3":"status-publish","4":"has-post-thumbnail","6":"product_cat-patisseries-gaufrettes","7":"product_cat-boutique-en-ligne","8":"product_cat-distributeurs","9":"product_cat-confiserie-boulangerie","10":"entry","12":"first","13":"instock","14":"shipping-taxable","15":"purchasable","16":"product-type-simple"},"acf":[],"df_price":31.95,"df_sale_price":"","df_regular_price":31.95,"df_image_link":"https:\/\/lapasion.es\/wp-content\/uploads\/2017\/10\/5010-300x300.jpg","uagb_featured_image_src":{"full":["https:\/\/lapasion.es\/wp-content\/uploads\/2017\/10\/5010.jpg",482,482,false],"thumbnail":["https:\/\/lapasion.es\/wp-content\/uploads\/2017\/10\/5010-150x150.jpg",150,150,true],"medium":["https:\/\/lapasion.es\/wp-content\/uploads\/2017\/10\/5010-300x300.jpg",300,300,true],"medium_large":["https:\/\/lapasion.es\/wp-content\/uploads\/2017\/10\/5010.jpg",482,482,false],"large":["https:\/\/lapasion.es\/wp-content\/uploads\/2017\/10\/5010.jpg",482,482,false],"1536x1536":["https:\/\/lapasion.es\/wp-content\/uploads\/2017\/10\/5010.jpg",482,482,false],"2048x2048":["https:\/\/lapasion.es\/wp-content\/uploads\/2017\/10\/5010.jpg",482,482,false],"gur_featured_image":["https:\/\/lapasion.es\/wp-content\/uploads\/2017\/10\/5010.jpg",482,482,false],"gur_blog_thumbnail":["https:\/\/lapasion.es\/wp-content\/uploads\/2017\/10\/5010.jpg",482,482,false],"woocommerce_thumbnail":["https:\/\/lapasion.es\/wp-content\/uploads\/2017\/10\/5010.jpg",482,482,false],"woocommerce_single":["https:\/\/lapasion.es\/wp-content\/uploads\/2017\/10\/5010.jpg",482,482,false],"woocommerce_gallery_thumbnail":["https:\/\/lapasion.es\/wp-content\/uploads\/2017\/10\/5010-100x100.jpg",100,100,true]},"uagb_author_info":{"display_name":"incaelum","author_link":"https:\/\/lapasion.es\/fr\/author\/"},"uagb_comment_info":0,"uagb_excerpt":"Les LANGUES de Lapasi\u00f3n sont des biscuits croustillants et enrob\u00e9s de chocolat, parfaits pour \u00eatre d\u00e9gust\u00e9s au petit-d\u00e9jeuner ou en dessert. PR\u00c9SENTATION | La bo\u00eete contient 115 unit\u00e9s | Total 2,5 kg.","_links":{"self":[{"href":"https:\/\/lapasion.es\/fr\/wp-json\/wp\/v2\/product\/13650","targetHints":{"allow":["GET"]}}],"collection":[{"href":"https:\/\/lapasion.es\/fr\/wp-json\/wp\/v2\/product"}],"about":[{"href":"https:\/\/lapasion.es\/fr\/wp-json\/wp\/v2\/types\/product"}],"wp:featuredmedia":[{"embeddable":true,"href":"https:\/\/lapasion.es\/fr\/wp-json\/wp\/v2\/media\/9534"}],"wp:attachment":[{"href":"https:\/\/lapasion.es\/fr\/wp-json\/wp\/v2\/media?parent=13650"}],"wp:term":[{"taxonomy":"product_brand","embeddable":true,"href":"https:\/\/lapasion.es\/fr\/wp-json\/wp\/v2\/product_brand?post=13650"},{"taxonomy":"product_cat","embeddable":true,"href":"https:\/\/lapasion.es\/fr\/wp-json\/wp\/v2\/product_cat?post=13650"},{"taxonomy":"product_tag","embeddable":true,"href":"https:\/\/lapasion.es\/fr\/wp-json\/wp\/v2\/product_tag?post=13650"}],"curies":[{"name":"wp","href":"https:\/\/api.w.org\/{rel}","templated":true}]}}