{"id":13646,"date":"2017-09-13T10:16:47","date_gmt":"2017-09-13T10:16:47","guid":{"rendered":"https:\/\/lapasion.es\/producto\/pasas-y-nueces\/"},"modified":"2024-07-17T13:12:20","modified_gmt":"2024-07-17T11:12:20","slug":"pasas-y-nueces","status":"publish","type":"product","link":"https:\/\/lapasion.es\/fr\/produit\/pasas-y-nueces\/","title":{"rendered":"Biscuits aux raisins secs et aux noix | 2 Kg"},"content":{"rendered":"<p>Farine de <strong>BL\u00c9<\/strong>, saindoux, sucre, raisins secs (10,6%), <strong>FRUITS \u00c0 COQUE<\/strong> (7,6%), <strong>OEUF<\/strong> liquide pasteuris\u00e9, ar\u00f4me naturel d&rsquo;anis \u00e0 46% vol., extrait de malt <strong>d&rsquo;ORGE<\/strong>, ar\u00f4me et poudres \u00e0 lever : bicarbonate de sodium et d&rsquo;ammonium. <strong>Peut contenir des traces de soja, de lait, de fruits \u00e0 coque et d&rsquo;arachides.<\/strong><\/p>\n","protected":false},"excerpt":{"rendered":"<p>Les COOKIES AUX RAISINS ET NOIX de Lapasi\u00f3n sont des cookies grill\u00e9s avec une noix sur le dessus et des raisins \u00e0 l\u00b4int\u00e9rieur. Texture croquante. PR\u00c9SENTATION | La bo\u00eete contient 92 unit\u00e9s | Total 2 Kg.<\/p>\n","protected":false},"featured_media":9544,"template":"","meta":{"_acf_changed":false,"_uag_custom_page_level_css":"","_genesis_hide_title":false,"_genesis_hide_breadcrumbs":false,"_genesis_hide_singular_image":false,"_genesis_hide_footer_widgets":false,"_genesis_custom_body_class":"","_genesis_custom_post_class":"","_genesis_layout":""},"product_brand":[],"product_cat":[1668,1732,1728,1730,1664],"product_tag":[],"class_list":{"0":"post-13646","1":"product","2":"type-product","3":"status-publish","4":"has-post-thumbnail","6":"product_cat-patisseries-gaufrettes","7":"product_cat-patisseries-et-produits-de-boulangerie-en-vrac","8":"product_cat-boutique-en-ligne","9":"product_cat-distributeurs","10":"product_cat-confiserie-boulangerie","11":"entry","13":"first","14":"instock","15":"shipping-taxable","16":"purchasable","17":"product-type-simple"},"acf":[],"df_price":27.92,"df_sale_price":"","df_regular_price":27.92,"df_image_link":"https:\/\/lapasion.es\/wp-content\/uploads\/2017\/10\/5016-300x300.jpg","uagb_featured_image_src":{"full":["https:\/\/lapasion.es\/wp-content\/uploads\/2017\/10\/5016.jpg",482,482,false],"thumbnail":["https:\/\/lapasion.es\/wp-content\/uploads\/2017\/10\/5016-150x150.jpg",150,150,true],"medium":["https:\/\/lapasion.es\/wp-content\/uploads\/2017\/10\/5016-300x300.jpg",300,300,true],"medium_large":["https:\/\/lapasion.es\/wp-content\/uploads\/2017\/10\/5016.jpg",482,482,false],"large":["https:\/\/lapasion.es\/wp-content\/uploads\/2017\/10\/5016.jpg",482,482,false],"1536x1536":["https:\/\/lapasion.es\/wp-content\/uploads\/2017\/10\/5016.jpg",482,482,false],"2048x2048":["https:\/\/lapasion.es\/wp-content\/uploads\/2017\/10\/5016.jpg",482,482,false],"gur_featured_image":["https:\/\/lapasion.es\/wp-content\/uploads\/2017\/10\/5016.jpg",482,482,false],"gur_blog_thumbnail":["https:\/\/lapasion.es\/wp-content\/uploads\/2017\/10\/5016.jpg",482,482,false],"woocommerce_thumbnail":["https:\/\/lapasion.es\/wp-content\/uploads\/2017\/10\/5016.jpg",482,482,false],"woocommerce_single":["https:\/\/lapasion.es\/wp-content\/uploads\/2017\/10\/5016.jpg",482,482,false],"woocommerce_gallery_thumbnail":["https:\/\/lapasion.es\/wp-content\/uploads\/2017\/10\/5016-100x100.jpg",100,100,true]},"uagb_author_info":{"display_name":"incaelum","author_link":"https:\/\/lapasion.es\/fr\/author\/"},"uagb_comment_info":0,"uagb_excerpt":"Les COOKIES AUX RAISINS ET NOIX de Lapasi\u00f3n sont des cookies grill\u00e9s avec une noix sur le dessus et des raisins \u00e0 l\u00b4int\u00e9rieur. Texture croquante. PR\u00c9SENTATION | La bo\u00eete contient 92 unit\u00e9s | Total 2 Kg.","_links":{"self":[{"href":"https:\/\/lapasion.es\/fr\/wp-json\/wp\/v2\/product\/13646","targetHints":{"allow":["GET"]}}],"collection":[{"href":"https:\/\/lapasion.es\/fr\/wp-json\/wp\/v2\/product"}],"about":[{"href":"https:\/\/lapasion.es\/fr\/wp-json\/wp\/v2\/types\/product"}],"wp:featuredmedia":[{"embeddable":true,"href":"https:\/\/lapasion.es\/fr\/wp-json\/wp\/v2\/media\/9544"}],"wp:attachment":[{"href":"https:\/\/lapasion.es\/fr\/wp-json\/wp\/v2\/media?parent=13646"}],"wp:term":[{"taxonomy":"product_brand","embeddable":true,"href":"https:\/\/lapasion.es\/fr\/wp-json\/wp\/v2\/product_brand?post=13646"},{"taxonomy":"product_cat","embeddable":true,"href":"https:\/\/lapasion.es\/fr\/wp-json\/wp\/v2\/product_cat?post=13646"},{"taxonomy":"product_tag","embeddable":true,"href":"https:\/\/lapasion.es\/fr\/wp-json\/wp\/v2\/product_tag?post=13646"}],"curies":[{"name":"wp","href":"https:\/\/api.w.org\/{rel}","templated":true}]}}