{"id":13644,"date":"2017-09-13T10:17:15","date_gmt":"2017-09-13T10:17:15","guid":{"rendered":"https:\/\/lapasion.es\/producto\/rizos-mantequilla\/"},"modified":"2024-10-04T10:24:30","modified_gmt":"2024-10-04T08:24:30","slug":"rizos-mantequilla","status":"publish","type":"product","link":"https:\/\/lapasion.es\/fr\/produit\/rizos-mantequilla\/","title":{"rendered":"Boucles de p\u00e2te feuillet\u00e9e | 1,7Kg"},"content":{"rendered":"<p>Ingr\u00e9dients : Farine de <strong>BL\u00c9<\/strong>, sucre, margarine [graisse v\u00e9g\u00e9tale (palme), eau, huile v\u00e9g\u00e9tale (tournesol), sel, \u00e9mulsifiant (mono et diglyc\u00e9rides d&rsquo;acides gras), ar\u00f4mes, correcteur d&rsquo;acidit\u00e9 (acide citrique)], eau, sirop de glucose et fructose (ma\u00efs), miel, beurre (contient du <strong>LAIT<\/strong>), <strong>LAIT<\/strong> entier en poudre et sel. <strong>Peut contenir des traces d&rsquo;\u0153ufs, de soja, de fruits \u00e0 coque, moutarde et de s\u00e9same.<\/strong><\/p>\n","protected":false},"excerpt":{"rendered":"<p>Les BOUCLES DE BEURRE D\u00e9licieux rubans de p\u00e2te feuillet\u00e9e recouverts de sucre glace. PR\u00c9SENTATION | La bo\u00eete contient 40 unit\u00e9s | Total de 1,7 kg.<\/p>\n","protected":false},"featured_media":9558,"template":"","meta":{"_acf_changed":false,"_uag_custom_page_level_css":"","_genesis_hide_title":false,"_genesis_hide_breadcrumbs":false,"_genesis_hide_singular_image":false,"_genesis_hide_footer_widgets":false,"_genesis_custom_body_class":"","_genesis_custom_post_class":"","_genesis_layout":""},"product_brand":[],"product_cat":[1732,1728,1730,1664,1667],"product_tag":[],"class_list":{"0":"post-13644","1":"product","2":"type-product","3":"status-publish","4":"has-post-thumbnail","6":"product_cat-patisseries-et-produits-de-boulangerie-en-vrac","7":"product_cat-boutique-en-ligne","8":"product_cat-distributeurs","9":"product_cat-confiserie-boulangerie","10":"product_cat-feuilles-feuilletees","11":"entry","13":"first","14":"instock","15":"shipping-taxable","16":"purchasable","17":"product-type-simple"},"acf":[],"df_price":27.86,"df_sale_price":"","df_regular_price":27.86,"df_image_link":"https:\/\/lapasion.es\/wp-content\/uploads\/2017\/10\/5021-1-300x300.jpg","uagb_featured_image_src":{"full":["https:\/\/lapasion.es\/wp-content\/uploads\/2017\/10\/5021-1.jpg",482,482,false],"thumbnail":["https:\/\/lapasion.es\/wp-content\/uploads\/2017\/10\/5021-1-150x150.jpg",150,150,true],"medium":["https:\/\/lapasion.es\/wp-content\/uploads\/2017\/10\/5021-1-300x300.jpg",300,300,true],"medium_large":["https:\/\/lapasion.es\/wp-content\/uploads\/2017\/10\/5021-1.jpg",482,482,false],"large":["https:\/\/lapasion.es\/wp-content\/uploads\/2017\/10\/5021-1.jpg",482,482,false],"1536x1536":["https:\/\/lapasion.es\/wp-content\/uploads\/2017\/10\/5021-1.jpg",482,482,false],"2048x2048":["https:\/\/lapasion.es\/wp-content\/uploads\/2017\/10\/5021-1.jpg",482,482,false],"gur_featured_image":["https:\/\/lapasion.es\/wp-content\/uploads\/2017\/10\/5021-1.jpg",482,482,false],"gur_blog_thumbnail":["https:\/\/lapasion.es\/wp-content\/uploads\/2017\/10\/5021-1.jpg",482,482,false],"woocommerce_thumbnail":["https:\/\/lapasion.es\/wp-content\/uploads\/2017\/10\/5021-1.jpg",482,482,false],"woocommerce_single":["https:\/\/lapasion.es\/wp-content\/uploads\/2017\/10\/5021-1.jpg",482,482,false],"woocommerce_gallery_thumbnail":["https:\/\/lapasion.es\/wp-content\/uploads\/2017\/10\/5021-1-100x100.jpg",100,100,true]},"uagb_author_info":{"display_name":"incaelum","author_link":"https:\/\/lapasion.es\/fr\/author\/"},"uagb_comment_info":0,"uagb_excerpt":"Les BOUCLES DE BEURRE D\u00e9licieux rubans de p\u00e2te feuillet\u00e9e recouverts de sucre glace. PR\u00c9SENTATION | La bo\u00eete contient 40 unit\u00e9s | Total de 1,7 kg.","_links":{"self":[{"href":"https:\/\/lapasion.es\/fr\/wp-json\/wp\/v2\/product\/13644","targetHints":{"allow":["GET"]}}],"collection":[{"href":"https:\/\/lapasion.es\/fr\/wp-json\/wp\/v2\/product"}],"about":[{"href":"https:\/\/lapasion.es\/fr\/wp-json\/wp\/v2\/types\/product"}],"wp:featuredmedia":[{"embeddable":true,"href":"https:\/\/lapasion.es\/fr\/wp-json\/wp\/v2\/media\/9558"}],"wp:attachment":[{"href":"https:\/\/lapasion.es\/fr\/wp-json\/wp\/v2\/media?parent=13644"}],"wp:term":[{"taxonomy":"product_brand","embeddable":true,"href":"https:\/\/lapasion.es\/fr\/wp-json\/wp\/v2\/product_brand?post=13644"},{"taxonomy":"product_cat","embeddable":true,"href":"https:\/\/lapasion.es\/fr\/wp-json\/wp\/v2\/product_cat?post=13644"},{"taxonomy":"product_tag","embeddable":true,"href":"https:\/\/lapasion.es\/fr\/wp-json\/wp\/v2\/product_tag?post=13644"}],"curies":[{"name":"wp","href":"https:\/\/api.w.org\/{rel}","templated":true}]}}