{"id":13642,"date":"2017-09-13T10:17:17","date_gmt":"2017-09-13T10:17:17","guid":{"rendered":"https:\/\/lapasion.es\/producto\/rosegones-galleta-con-almendras-tostadas-2-5kg\/"},"modified":"2025-03-13T09:10:19","modified_gmt":"2025-03-13T07:10:19","slug":"rosegones-2","status":"publish","type":"product","link":"https:\/\/lapasion.es\/fr\/produit\/rosegones-2\/","title":{"rendered":"Rosegones | Biscuit aux amandes grill\u00e9es | 2.5 Kg"},"content":{"rendered":"<p>Farine de <strong>BL\u00c9<\/strong>, sucre, <strong>AMANDES<\/strong> grill\u00e9es (13%), <strong>\u0152UF<\/strong> liquide pasteuris\u00e9, huile de tournesol, eau, extrait de malt <strong>d&rsquo;ORGE<\/strong>, poudres \u00e0 lever (bicarbonate de sodium et d&rsquo;ammonium, sel et ar\u00f4mes. <strong>Peut contenir des traces de soja, lait, fruits \u00e0 coque et arachides.<\/strong><\/p>\n","protected":false},"excerpt":{"rendered":"<p>Les ROSEGONES sont des biscuits aux amandes tr\u00e8s croquants. Profitez d\u00b4une d\u00e9licieuse p\u00e2tisserie traditionnelle id\u00e9ale pour les petits d\u00e9jeuners, les d\u00e9jeuners, les collations et les desserts. PR\u00c9SENTATION | La bo\u00eete contient 310 unit\u00e9s | Total 2,5 kg.<\/p>\n","protected":false},"featured_media":12759,"template":"","meta":{"_acf_changed":false,"_uag_custom_page_level_css":"","_genesis_hide_title":false,"_genesis_hide_breadcrumbs":false,"_genesis_hide_singular_image":false,"_genesis_hide_footer_widgets":false,"_genesis_custom_body_class":"","_genesis_custom_post_class":"","_genesis_layout":""},"product_brand":[],"product_cat":[1668,1732,1728,1730,1664],"product_tag":[],"class_list":{"0":"post-13642","1":"product","2":"type-product","3":"status-publish","4":"has-post-thumbnail","6":"product_cat-patisseries-gaufrettes","7":"product_cat-patisseries-et-produits-de-boulangerie-en-vrac","8":"product_cat-boutique-en-ligne","9":"product_cat-distributeurs","10":"product_cat-confiserie-boulangerie","11":"entry","13":"first","14":"instock","15":"shipping-taxable","16":"purchasable","17":"product-type-simple"},"acf":[],"df_price":27.95,"df_sale_price":"","df_regular_price":27.95,"df_image_link":"https:\/\/lapasion.es\/wp-content\/uploads\/2017\/09\/rosegones-galleta-con-almendras-tostadas-300x300.jpg","uagb_featured_image_src":{"full":["https:\/\/lapasion.es\/wp-content\/uploads\/2017\/09\/rosegones-galleta-con-almendras-tostadas.jpg",800,800,false],"thumbnail":["https:\/\/lapasion.es\/wp-content\/uploads\/2017\/09\/rosegones-galleta-con-almendras-tostadas-150x150.jpg",150,150,true],"medium":["https:\/\/lapasion.es\/wp-content\/uploads\/2017\/09\/rosegones-galleta-con-almendras-tostadas-300x300.jpg",300,300,true],"medium_large":["https:\/\/lapasion.es\/wp-content\/uploads\/2017\/09\/rosegones-galleta-con-almendras-tostadas-768x768.jpg",768,768,true],"large":["https:\/\/lapasion.es\/wp-content\/uploads\/2017\/09\/rosegones-galleta-con-almendras-tostadas.jpg",800,800,false],"1536x1536":["https:\/\/lapasion.es\/wp-content\/uploads\/2017\/09\/rosegones-galleta-con-almendras-tostadas.jpg",800,800,false],"2048x2048":["https:\/\/lapasion.es\/wp-content\/uploads\/2017\/09\/rosegones-galleta-con-almendras-tostadas.jpg",800,800,false],"gur_featured_image":["https:\/\/lapasion.es\/wp-content\/uploads\/2017\/09\/rosegones-galleta-con-almendras-tostadas-800x630.jpg",800,630,true],"gur_blog_thumbnail":["https:\/\/lapasion.es\/wp-content\/uploads\/2017\/09\/rosegones-galleta-con-almendras-tostadas-240x240.jpg",240,240,true],"woocommerce_thumbnail":["https:\/\/lapasion.es\/wp-content\/uploads\/2017\/09\/rosegones-galleta-con-almendras-tostadas-500x500.jpg",500,500,true],"woocommerce_single":["https:\/\/lapasion.es\/wp-content\/uploads\/2017\/09\/rosegones-galleta-con-almendras-tostadas-655x655.jpg",655,655,true],"woocommerce_gallery_thumbnail":["https:\/\/lapasion.es\/wp-content\/uploads\/2017\/09\/rosegones-galleta-con-almendras-tostadas-100x100.jpg",100,100,true]},"uagb_author_info":{"display_name":"incaelum","author_link":"https:\/\/lapasion.es\/fr\/author\/"},"uagb_comment_info":0,"uagb_excerpt":"Les ROSEGONES sont des biscuits aux amandes tr\u00e8s croquants. Profitez d\u00b4une d\u00e9licieuse p\u00e2tisserie traditionnelle id\u00e9ale pour les petits d\u00e9jeuners, les d\u00e9jeuners, les collations et les desserts. PR\u00c9SENTATION | La bo\u00eete contient 310 unit\u00e9s | Total 2,5 kg.","_links":{"self":[{"href":"https:\/\/lapasion.es\/fr\/wp-json\/wp\/v2\/product\/13642","targetHints":{"allow":["GET"]}}],"collection":[{"href":"https:\/\/lapasion.es\/fr\/wp-json\/wp\/v2\/product"}],"about":[{"href":"https:\/\/lapasion.es\/fr\/wp-json\/wp\/v2\/types\/product"}],"wp:featuredmedia":[{"embeddable":true,"href":"https:\/\/lapasion.es\/fr\/wp-json\/wp\/v2\/media\/12759"}],"wp:attachment":[{"href":"https:\/\/lapasion.es\/fr\/wp-json\/wp\/v2\/media?parent=13642"}],"wp:term":[{"taxonomy":"product_brand","embeddable":true,"href":"https:\/\/lapasion.es\/fr\/wp-json\/wp\/v2\/product_brand?post=13642"},{"taxonomy":"product_cat","embeddable":true,"href":"https:\/\/lapasion.es\/fr\/wp-json\/wp\/v2\/product_cat?post=13642"},{"taxonomy":"product_tag","embeddable":true,"href":"https:\/\/lapasion.es\/fr\/wp-json\/wp\/v2\/product_tag?post=13642"}],"curies":[{"name":"wp","href":"https:\/\/api.w.org\/{rel}","templated":true}]}}