{"id":13638,"date":"2017-09-13T10:17:52","date_gmt":"2017-09-13T10:17:52","guid":{"rendered":"https:\/\/lapasion.es\/producto\/pasta-almendra-galleta-con-almendra-25-kg\/"},"modified":"2023-10-24T15:42:29","modified_gmt":"2023-10-24T13:42:29","slug":"pasta-almendra-4","status":"publish","type":"product","link":"https:\/\/lapasion.es\/fr\/produit\/pasta-almendra-4\/","title":{"rendered":"P\u00e2tes d\u00b4amandes avec \u00e9dulcorant | 2,5 Kg"},"content":{"rendered":"<p>Farine de BL\u00c9, saindoux de porc, sucre, AMANDES 8%, \u0152UF pasteuris\u00e9 (\u0152UF, conservateur E202 et antioxydant E330), agents de levage (diphosphate disodique, bicarbonate de sodium), prot\u00e9ine de LAIT, dextrose, huile v\u00e9g\u00e9tale (colza) et ar\u00f4mes.<\/p>\n","protected":false},"excerpt":{"rendered":"<p>D\u00e9licieux biscuits ronds d\u00e9cor\u00e9s d\u00b4amandes. Go\u00fbt doux, l\u00e9ger et agr\u00e9able. QUALIT\u00c9 SUPR\u00caME | P\u00e2tisserie id\u00e9ale pour le petit-d\u00e9jeuner, le d\u00e9jeuner et le go\u00fbter. Ils sont emball\u00e9s individuellement dans des bo\u00eetes de 2,5 kg.<\/p>\n","protected":false},"featured_media":12180,"template":"","meta":{"_acf_changed":false,"_uag_custom_page_level_css":"","_genesis_hide_title":false,"_genesis_hide_breadcrumbs":false,"_genesis_hide_singular_image":false,"_genesis_hide_footer_widgets":false,"_genesis_custom_body_class":"","_genesis_custom_post_class":"","_genesis_layout":""},"product_brand":[],"product_cat":[1668,1728,1730,1664],"product_tag":[],"class_list":{"0":"post-13638","1":"product","2":"type-product","3":"status-publish","4":"has-post-thumbnail","6":"product_cat-patisseries-gaufrettes","7":"product_cat-boutique-en-ligne","8":"product_cat-distributeurs","9":"product_cat-confiserie-boulangerie","10":"entry","12":"first","13":"instock","14":"shipping-taxable","15":"purchasable","16":"product-type-simple"},"acf":[],"df_price":29.95,"df_sale_price":"","df_regular_price":29.95,"df_image_link":"https:\/\/lapasion.es\/wp-content\/uploads\/2017\/09\/004009-pasta-almendra-291x300.jpg","uagb_featured_image_src":{"full":["https:\/\/lapasion.es\/wp-content\/uploads\/2017\/09\/004009-pasta-almendra.jpg",2327,2400,false],"thumbnail":["https:\/\/lapasion.es\/wp-content\/uploads\/2017\/09\/004009-pasta-almendra-150x150.jpg",150,150,true],"medium":["https:\/\/lapasion.es\/wp-content\/uploads\/2017\/09\/004009-pasta-almendra-291x300.jpg",291,300,true],"medium_large":["https:\/\/lapasion.es\/wp-content\/uploads\/2017\/09\/004009-pasta-almendra-768x792.jpg",768,792,true],"large":["https:\/\/lapasion.es\/wp-content\/uploads\/2017\/09\/004009-pasta-almendra-993x1024.jpg",993,1024,true],"1536x1536":["https:\/\/lapasion.es\/wp-content\/uploads\/2017\/09\/004009-pasta-almendra-1489x1536.jpg",1489,1536,true],"2048x2048":["https:\/\/lapasion.es\/wp-content\/uploads\/2017\/09\/004009-pasta-almendra-1986x2048.jpg",1986,2048,true],"gur_featured_image":["https:\/\/lapasion.es\/wp-content\/uploads\/2017\/09\/004009-pasta-almendra.jpg",611,630,false],"gur_blog_thumbnail":["https:\/\/lapasion.es\/wp-content\/uploads\/2017\/09\/004009-pasta-almendra.jpg",485,500,false],"woocommerce_thumbnail":["https:\/\/lapasion.es\/wp-content\/uploads\/2017\/09\/004009-pasta-almendra-500x500.jpg",500,500,true],"woocommerce_single":["https:\/\/lapasion.es\/wp-content\/uploads\/2017\/09\/004009-pasta-almendra-655x676.jpg",655,676,true],"woocommerce_gallery_thumbnail":["https:\/\/lapasion.es\/wp-content\/uploads\/2017\/09\/004009-pasta-almendra-100x100.jpg",100,100,true]},"uagb_author_info":{"display_name":"incaelum","author_link":"https:\/\/lapasion.es\/fr\/author\/"},"uagb_comment_info":0,"uagb_excerpt":"D\u00e9licieux biscuits ronds d\u00e9cor\u00e9s d\u00b4amandes. Go\u00fbt doux, l\u00e9ger et agr\u00e9able. QUALIT\u00c9 SUPR\u00caME | P\u00e2tisserie id\u00e9ale pour le petit-d\u00e9jeuner, le d\u00e9jeuner et le go\u00fbter. Ils sont emball\u00e9s individuellement dans des bo\u00eetes de 2,5 kg.","_links":{"self":[{"href":"https:\/\/lapasion.es\/fr\/wp-json\/wp\/v2\/product\/13638","targetHints":{"allow":["GET"]}}],"collection":[{"href":"https:\/\/lapasion.es\/fr\/wp-json\/wp\/v2\/product"}],"about":[{"href":"https:\/\/lapasion.es\/fr\/wp-json\/wp\/v2\/types\/product"}],"wp:featuredmedia":[{"embeddable":true,"href":"https:\/\/lapasion.es\/fr\/wp-json\/wp\/v2\/media\/12180"}],"wp:attachment":[{"href":"https:\/\/lapasion.es\/fr\/wp-json\/wp\/v2\/media?parent=13638"}],"wp:term":[{"taxonomy":"product_brand","embeddable":true,"href":"https:\/\/lapasion.es\/fr\/wp-json\/wp\/v2\/product_brand?post=13638"},{"taxonomy":"product_cat","embeddable":true,"href":"https:\/\/lapasion.es\/fr\/wp-json\/wp\/v2\/product_cat?post=13638"},{"taxonomy":"product_tag","embeddable":true,"href":"https:\/\/lapasion.es\/fr\/wp-json\/wp\/v2\/product_tag?post=13638"}],"curies":[{"name":"wp","href":"https:\/\/api.w.org\/{rel}","templated":true}]}}