{"id":13636,"date":"2017-09-13T10:18:23","date_gmt":"2017-09-13T08:18:23","guid":{"rendered":"https:\/\/lapasion.es\/producto\/tejas-coco\/"},"modified":"2024-07-19T10:57:19","modified_gmt":"2024-07-19T08:57:19","slug":"tejas-coco","status":"publish","type":"product","link":"https:\/\/lapasion.es\/fr\/produit\/tejas-coco\/","title":{"rendered":"Biscuits \u00e0 la noix de coco | 2 Kg."},"content":{"rendered":"<p>Sucre, farine de <strong>BL\u00c9<\/strong>, <strong>\u0152UF<\/strong>, noix de coco r\u00e2p\u00e9e (11,3%) (Contient des <strong>SULFITES<\/strong>), de l&rsquo;huile de soja et de tournesol en proportions variables et de l&rsquo;eau. <strong>Peut contenir des traces de moutarde, s\u00e9same, fruits \u00e0 coque, soja et lait.<\/strong><\/p>\n","protected":false},"excerpt":{"rendered":"<p>Les PALADARES DE COCO sont des biscuits fins et ronds au go\u00fbt de noix de coco. Une fine goutte croustillante faite de noix de coco, de farine, d\u00b4\u0153uf et de sucre. Sans conservateurs ni colorants. PR\u00c9SENTATION | La bo\u00eete contient 182 unit\u00e9s | Total 2 Kg.<\/p>\n","protected":false},"featured_media":10062,"template":"","meta":{"_acf_changed":false,"_uag_custom_page_level_css":"","_genesis_hide_title":false,"_genesis_hide_breadcrumbs":false,"_genesis_hide_singular_image":false,"_genesis_hide_footer_widgets":false,"_genesis_custom_body_class":"","_genesis_custom_post_class":"","_genesis_layout":""},"product_brand":[],"product_cat":[1668,1732,1728,1730,1664],"product_tag":[],"class_list":{"0":"post-13636","1":"product","2":"type-product","3":"status-publish","4":"has-post-thumbnail","6":"product_cat-patisseries-gaufrettes","7":"product_cat-patisseries-et-produits-de-boulangerie-en-vrac","8":"product_cat-boutique-en-ligne","9":"product_cat-distributeurs","10":"product_cat-confiserie-boulangerie","11":"entry","13":"first","14":"outofstock","15":"shipping-taxable","16":"purchasable","17":"product-type-simple"},"acf":[],"df_price":25.95,"df_sale_price":"","df_regular_price":25.95,"df_image_link":"https:\/\/lapasion.es\/wp-content\/uploads\/2017\/11\/335-1-300x267.jpg","uagb_featured_image_src":{"full":["https:\/\/lapasion.es\/wp-content\/uploads\/2017\/11\/335-1.jpg",527,469,false],"thumbnail":["https:\/\/lapasion.es\/wp-content\/uploads\/2017\/11\/335-1-150x150.jpg",150,150,true],"medium":["https:\/\/lapasion.es\/wp-content\/uploads\/2017\/11\/335-1-300x267.jpg",300,267,true],"medium_large":["https:\/\/lapasion.es\/wp-content\/uploads\/2017\/11\/335-1.jpg",527,469,false],"large":["https:\/\/lapasion.es\/wp-content\/uploads\/2017\/11\/335-1.jpg",527,469,false],"1536x1536":["https:\/\/lapasion.es\/wp-content\/uploads\/2017\/11\/335-1.jpg",527,469,false],"2048x2048":["https:\/\/lapasion.es\/wp-content\/uploads\/2017\/11\/335-1.jpg",527,469,false],"gur_featured_image":["https:\/\/lapasion.es\/wp-content\/uploads\/2017\/11\/335-1.jpg",527,469,false],"gur_blog_thumbnail":["https:\/\/lapasion.es\/wp-content\/uploads\/2017\/11\/335-1.jpg",527,469,false],"woocommerce_thumbnail":["https:\/\/lapasion.es\/wp-content\/uploads\/2017\/11\/335-1-500x469.jpg",500,469,true],"woocommerce_single":["https:\/\/lapasion.es\/wp-content\/uploads\/2017\/11\/335-1.jpg",527,469,false],"woocommerce_gallery_thumbnail":["https:\/\/lapasion.es\/wp-content\/uploads\/2017\/11\/335-1-100x100.jpg",100,100,true]},"uagb_author_info":{"display_name":"incaelum","author_link":"https:\/\/lapasion.es\/fr\/author\/"},"uagb_comment_info":0,"uagb_excerpt":"Les PALADARES DE COCO sont des biscuits fins et ronds au go\u00fbt de noix de coco. Une fine goutte croustillante faite de noix de coco, de farine, d\u00b4\u0153uf et de sucre. Sans conservateurs ni colorants. PR\u00c9SENTATION | La bo\u00eete contient 182 unit\u00e9s | Total 2 Kg.","_links":{"self":[{"href":"https:\/\/lapasion.es\/fr\/wp-json\/wp\/v2\/product\/13636","targetHints":{"allow":["GET"]}}],"collection":[{"href":"https:\/\/lapasion.es\/fr\/wp-json\/wp\/v2\/product"}],"about":[{"href":"https:\/\/lapasion.es\/fr\/wp-json\/wp\/v2\/types\/product"}],"wp:featuredmedia":[{"embeddable":true,"href":"https:\/\/lapasion.es\/fr\/wp-json\/wp\/v2\/media\/10062"}],"wp:attachment":[{"href":"https:\/\/lapasion.es\/fr\/wp-json\/wp\/v2\/media?parent=13636"}],"wp:term":[{"taxonomy":"product_brand","embeddable":true,"href":"https:\/\/lapasion.es\/fr\/wp-json\/wp\/v2\/product_brand?post=13636"},{"taxonomy":"product_cat","embeddable":true,"href":"https:\/\/lapasion.es\/fr\/wp-json\/wp\/v2\/product_cat?post=13636"},{"taxonomy":"product_tag","embeddable":true,"href":"https:\/\/lapasion.es\/fr\/wp-json\/wp\/v2\/product_tag?post=13636"}],"curies":[{"name":"wp","href":"https:\/\/api.w.org\/{rel}","templated":true}]}}